{"id":9995,"date":"2023-06-15T23:55:33","date_gmt":"2023-06-15T21:55:33","guid":{"rendered":"https:\/\/www.bragdoya.no\/?page_id=9995"},"modified":"2024-08-01T15:23:57","modified_gmt":"2024-08-01T13:23:57","slug":"sommer-pa-bragdoya","status":"publish","type":"page","link":"https:\/\/www.bragdoya.no\/index.php\/sommer-pa-bragdoya\/","title":{"rendered":"Sommer p\u00e5 Bragd\u00f8ya"},"content":{"rendered":"<div id=\"pl-9995\"  class=\"panel-layout\" ><div id=\"pg-9995-0\"  class=\"panel-grid panel-has-style\" ><div class=\"panel-row-style panel-row-style-for-9995-0\" ><div id=\"pgc-9995-0-0\"  class=\"panel-grid-cell\" ><div id=\"panel-9995-0-0-0\" class=\"so-panel widget widget_sow-editor panel-first-child panel-last-child\" data-index=\"0\" ><div\n\t\t\t\n\t\t\tclass=\"so-widget-sow-editor so-widget-sow-editor-base\"\n\t\t\t\n\t\t>\n<div class=\"siteorigin-widget-tinymce textwidget\">\n\t<div id=\"pg-258-1\" class=\"panel-grid panel-has-style\">\n<div class=\"panel-row-style panel-row-style-for-258-1\">\n<div id=\"pgc-258-1-0\" class=\"panel-grid-cell\">\n<div id=\"panel-258-1-0-0\" class=\"so-panel widget widget_sow-editor panel-first-child panel-last-child\" data-index=\"1\">\n<div class=\"panel-widget-style panel-widget-style-for-258-1-0-0\">\n<div class=\"so-widget-sow-editor so-widget-sow-editor-base\">\n<div class=\"siteorigin-widget-tinymce textwidget\">\n<h3 style=\"text-align: left;\"><em>Bragd\u00f8ya er et offentlig friomr\u00e5de, og det er friluftslovens regler som gjelder.\u00a0<\/em><em>Det er Bragd\u00f8ya kystlag som drifter kystkultursenteret.<\/em><\/h3>\n<h4 style=\"text-align: left;\">Husk!<\/h4>\n<ul>\n<li style=\"text-align: left;\">Det er b\u00e5ndtvang p\u00e5 \u00f8ya hele \u00e5ret, grunnet sauer p\u00e5 beite.<\/li>\n<li style=\"text-align: left;\"><span style=\"background-color: transparent;\">Det er ikke offentlig s\u00f8ppelt\u00f8mming p\u00e5 Bragd\u00f8ya. V\u00e6r vennlig \u00e5 ta med deg all s\u00f8ppel til land.<\/span><\/li>\n<li style=\"text-align: left;\"><span style=\"background-color: transparent;\">Stranda er forbeholdt badegjester. Vi \u00f8nsker ikke telt p\u00e5 stranda.<\/span><\/li>\n<\/ul>\n<\/div>\n<\/div>\n<\/div>\n<\/div>\n<\/div>\n<\/div>\n<\/div>\n<\/div>\n<\/div><\/div><\/div><\/div><\/div><div id=\"pg-9995-1\"  class=\"panel-grid panel-has-style\" ><div class=\"panel-row-style panel-row-style-for-9995-1\" ><div id=\"pgc-9995-1-0\"  class=\"panel-grid-cell\" ><div id=\"panel-9995-1-0-0\" class=\"so-panel widget widget_sow-image panel-first-child panel-last-child\" data-index=\"1\" ><div\n\t\t\t\n\t\t\tclass=\"so-widget-sow-image so-widget-sow-image-default-dbf295114b96-9995\"\n\t\t\t\n\t\t>\n<div class=\"sow-image-container\">\n\t\t\t<a href=\"https:\/\/www.bragdoya.no\/index.php\/besokende\/rutetider\/\"\n\t\t\t\t\t>\n\t\t\t<img \n\tsrc=\"https:\/\/www.bragdoya.no\/wp-content\/uploads\/2018\/04\/MSB-1.jpg\" width=\"3840\" height=\"2160\" srcset=\"https:\/\/www.bragdoya.no\/wp-content\/uploads\/2018\/04\/MSB-1.jpg 3840w, https:\/\/www.bragdoya.no\/wp-content\/uploads\/2018\/04\/MSB-1-300x169.jpg 300w, https:\/\/www.bragdoya.no\/wp-content\/uploads\/2018\/04\/MSB-1-768x432.jpg 768w, https:\/\/www.bragdoya.no\/wp-content\/uploads\/2018\/04\/MSB-1-1024x576.jpg 1024w, https:\/\/www.bragdoya.no\/wp-content\/uploads\/2018\/04\/MSB-1-1920x1080.jpg 1920w\" sizes=\"(max-width: 3840px) 100vw, 3840px\" title=\"MSB (1)\" alt=\"\" loading=\"lazy\" \t\tclass=\"so-widget-image\"\/>\n\t\t\t<\/a><\/div>\n\n<\/div><\/div><\/div><div id=\"pgc-9995-1-1\"  class=\"panel-grid-cell\" ><div id=\"panel-9995-1-1-0\" class=\"so-panel widget widget_sow-editor panel-first-child panel-last-child\" data-index=\"2\" ><div\n\t\t\t\n\t\t\tclass=\"so-widget-sow-editor so-widget-sow-editor-base\"\n\t\t\t\n\t\t>\n<div class=\"siteorigin-widget-tinymce textwidget\">\n\t<h3 style=\"text-align: left;\"><a href=\"https:\/\/www.bragdoya.no\/index.php\/besokende\/rutetider\/\">Rutetider<\/a><\/h3>\n<p style=\"text-align: left;\">Det er tre b\u00e5ter som tar bes\u00f8kende til Bragd\u00f8ya gjennom sommeren.<br \/>\n<strong>BRAGD\u00d8YAB\u00c5TEN\u00a0<\/strong>g\u00e5r i rute mellom Lumber og Bragd\u00f8ya.<br \/>\n<strong>MS BRAGD\u00d8YA \/ \"Badeb\u00e5ten\"<\/strong> har daglige turer i skj\u00e6rg\u00e5rden utenfor Kristiansand.<br \/>\n<strong>MB H\u00d8LLEN<\/strong> har dagstur til Ny-Hellesund tre dager i uken.<\/p>\n<\/div>\n<\/div><\/div><\/div><\/div><\/div><div id=\"pg-9995-2\"  class=\"panel-grid panel-has-style\" ><div class=\"panel-row-style panel-row-style-for-9995-2\" ><div id=\"pgc-9995-2-0\"  class=\"panel-grid-cell\" ><div id=\"panel-9995-2-0-0\" class=\"so-panel widget widget_sow-editor panel-first-child panel-last-child\" data-index=\"3\" ><div\n\t\t\t\n\t\t\tclass=\"so-widget-sow-editor so-widget-sow-editor-base\"\n\t\t\t\n\t\t>\n<div class=\"siteorigin-widget-tinymce textwidget\">\n\t<h4 style=\"text-align: left;\"><a href=\"https:\/\/booking.duell.no\/bragdoya-kystlag\/bat\">Billetter<\/a><\/h4>\n<p style=\"text-align: left;\">Billetter til rundturer og fra byen til Bragd\u00f8ya kan med fordel bestilles p\u00e5 forh\u00e5nd.<br \/>\nBilletter fra Lumber kan ikke forh\u00e5ndsbestilles.<\/p>\n<\/div>\n<\/div><\/div><\/div><div id=\"pgc-9995-2-1\"  class=\"panel-grid-cell\" ><div id=\"panel-9995-2-1-0\" class=\"so-panel widget widget_sow-image panel-first-child panel-last-child\" data-index=\"4\" ><div\n\t\t\t\n\t\t\tclass=\"so-widget-sow-image so-widget-sow-image-default-dbf295114b96-9995\"\n\t\t\t\n\t\t>\n<div class=\"sow-image-container\">\n\t\t\t<a href=\"https:\/\/booking.duell.no\/bragdoya-kystlag\/bat\"\n\t\t\t\t\t>\n\t\t\t<img \n\tsrc=\"https:\/\/www.bragdoya.no\/wp-content\/uploads\/2023\/05\/Bater-banner.jpg\" width=\"2014\" height=\"780\" srcset=\"https:\/\/www.bragdoya.no\/wp-content\/uploads\/2023\/05\/Bater-banner.jpg 2014w, https:\/\/www.bragdoya.no\/wp-content\/uploads\/2023\/05\/Bater-banner-300x116.jpg 300w, https:\/\/www.bragdoya.no\/wp-content\/uploads\/2023\/05\/Bater-banner-1024x397.jpg 1024w, https:\/\/www.bragdoya.no\/wp-content\/uploads\/2023\/05\/Bater-banner-768x297.jpg 768w, https:\/\/www.bragdoya.no\/wp-content\/uploads\/2023\/05\/Bater-banner-1536x595.jpg 1536w, https:\/\/www.bragdoya.no\/wp-content\/uploads\/2023\/05\/Bater-banner-16x6.jpg 16w, https:\/\/www.bragdoya.no\/wp-content\/uploads\/2023\/05\/Bater-banner-1920x744.jpg 1920w\" sizes=\"(max-width: 2014px) 100vw, 2014px\" title=\"B\u00e5ter banner\" alt=\"\" loading=\"lazy\" \t\tclass=\"so-widget-image\"\/>\n\t\t\t<\/a><\/div>\n\n<\/div><\/div><\/div><\/div><\/div><div id=\"pg-9995-3\"  class=\"panel-grid panel-has-style\" ><div class=\"panel-row-style panel-row-style-for-9995-3\" ><div id=\"pgc-9995-3-0\"  class=\"panel-grid-cell\" ><div id=\"panel-9995-3-0-0\" class=\"so-panel widget widget_sow-image panel-first-child panel-last-child\" data-index=\"5\" ><div\n\t\t\t\n\t\t\tclass=\"so-widget-sow-image so-widget-sow-image-default-8b5b6f678277-9995\"\n\t\t\t\n\t\t>\n<div class=\"sow-image-container\">\n\t\t\t<a href=\"https:\/\/www.bragdoya.no\/index.php\/besokende\/utleie\/overnatting\/\"\n\t\t\t\t\t>\n\t\t\t<img \n\tsrc=\"https:\/\/www.bragdoya.no\/wp-content\/uploads\/2023\/02\/20220426_125233-komp-crop.jpg\" width=\"1517\" height=\"677\" srcset=\"https:\/\/www.bragdoya.no\/wp-content\/uploads\/2023\/02\/20220426_125233-komp-crop.jpg 1517w, https:\/\/www.bragdoya.no\/wp-content\/uploads\/2023\/02\/20220426_125233-komp-crop-300x134.jpg 300w, https:\/\/www.bragdoya.no\/wp-content\/uploads\/2023\/02\/20220426_125233-komp-crop-1024x457.jpg 1024w, https:\/\/www.bragdoya.no\/wp-content\/uploads\/2023\/02\/20220426_125233-komp-crop-768x343.jpg 768w, https:\/\/www.bragdoya.no\/wp-content\/uploads\/2023\/02\/20220426_125233-komp-crop-16x7.jpg 16w\" sizes=\"(max-width: 1517px) 100vw, 1517px\" title=\"Villaen banner\" alt=\"Villaen\" loading=\"lazy\" \t\tclass=\"so-widget-image\"\/>\n\t\t\t<\/a><\/div>\n\n<\/div><\/div><\/div><div id=\"pgc-9995-3-1\"  class=\"panel-grid-cell\" ><div id=\"panel-9995-3-1-0\" class=\"so-panel widget widget_sow-editor panel-first-child panel-last-child\" data-index=\"6\" ><div\n\t\t\t\n\t\t\tclass=\"so-widget-sow-editor so-widget-sow-editor-base\"\n\t\t\t\n\t\t>\n<div class=\"siteorigin-widget-tinymce textwidget\">\n\t<h3 style=\"text-align: left;\"><a href=\"https:\/\/www.bragdoya.no\/index.php\/besokende\/utleie\/overnatting\/\">Overnatting<\/a><\/h3>\n<p style=\"text-align: left;\">Gjennom kystleden tilbyr vi overnatting p\u00e5 Bragd\u00f8ya, Dvergs\u00f8ya, Stokken, Gr\u00f8nningen og Oks\u00f8y. Det er ogs\u00e5 mulig \u00e5 overnatte i telt eller hengek\u00f8ye.<\/p>\n<\/div>\n<\/div><\/div><\/div><\/div><\/div><div id=\"pg-9995-4\"  class=\"panel-grid panel-has-style\" ><div class=\"panel-row-style panel-row-style-for-9995-4\" ><div id=\"pgc-9995-4-0\"  class=\"panel-grid-cell\" ><div id=\"panel-9995-4-0-0\" class=\"so-panel widget widget_sow-editor panel-first-child panel-last-child\" data-index=\"7\" ><div\n\t\t\t\n\t\t\tclass=\"so-widget-sow-editor so-widget-sow-editor-base\"\n\t\t\t\n\t\t>\n<div class=\"siteorigin-widget-tinymce textwidget\">\n\t<h3 style=\"text-align: left;\"><a href=\"https:\/\/www.bragdoya.no\/index.php\/besokende\/apningstider\/\">Sommerkaf\u00e9<\/a><\/h3>\n<p style=\"text-align: left;\">Det er \u00e5pen kaf\u00e9 p\u00e5 Bragd\u00f8ya hver dag fra 29.juni til 11.august.<br \/>\n\u00c5pningstid 11.00 - 19.00.<\/p>\n<p style=\"text-align: left;\">Kafeen selger vanligvis is, mineralvann, kaffe\/te, vafler og enkel mat.<\/p>\n<\/div>\n<\/div><\/div><\/div><div id=\"pgc-9995-4-1\"  class=\"panel-grid-cell\" ><div id=\"panel-9995-4-1-0\" class=\"so-panel widget widget_sow-image panel-first-child panel-last-child\" data-index=\"8\" ><div\n\t\t\t\n\t\t\tclass=\"so-widget-sow-image so-widget-sow-image-default-8b5b6f678277-9995\"\n\t\t\t\n\t\t>\n<div class=\"sow-image-container\">\n\t\t\t<a href=\"https:\/\/www.bragdoya.no\/index.php\/besokende\/apningstider\/\"\n\t\t\t\t\t>\n\t\t\t<img \n\tsrc=\"https:\/\/www.bragdoya.no\/wp-content\/uploads\/2021\/04\/DSC_0495-scaled.jpg\" width=\"2560\" height=\"1440\" srcset=\"https:\/\/www.bragdoya.no\/wp-content\/uploads\/2021\/04\/DSC_0495-scaled.jpg 2560w, https:\/\/www.bragdoya.no\/wp-content\/uploads\/2021\/04\/DSC_0495-300x169.jpg 300w, https:\/\/www.bragdoya.no\/wp-content\/uploads\/2021\/04\/DSC_0495-1024x576.jpg 1024w, https:\/\/www.bragdoya.no\/wp-content\/uploads\/2021\/04\/DSC_0495-768x432.jpg 768w, https:\/\/www.bragdoya.no\/wp-content\/uploads\/2021\/04\/DSC_0495-1536x864.jpg 1536w, https:\/\/www.bragdoya.no\/wp-content\/uploads\/2021\/04\/DSC_0495-2048x1152.jpg 2048w, https:\/\/www.bragdoya.no\/wp-content\/uploads\/2021\/04\/DSC_0495-16x9.jpg 16w, https:\/\/www.bragdoya.no\/wp-content\/uploads\/2021\/04\/DSC_0495-1920x1080.jpg 1920w\" sizes=\"(max-width: 2560px) 100vw, 2560px\" title=\"DSC_0495\" alt=\"\" loading=\"lazy\" \t\tclass=\"so-widget-image\"\/>\n\t\t\t<\/a><\/div>\n\n<\/div><\/div><\/div><\/div><\/div><div id=\"pg-9995-5\"  class=\"panel-grid panel-has-style\" ><div class=\"panel-row-style panel-row-style-for-9995-5\" ><div id=\"pgc-9995-5-0\"  class=\"panel-grid-cell\" ><div id=\"panel-9995-5-0-0\" class=\"so-panel widget widget_sow-image panel-first-child panel-last-child\" data-index=\"9\" ><div\n\t\t\t\n\t\t\tclass=\"so-widget-sow-image so-widget-sow-image-default-8b5b6f678277-9995\"\n\t\t\t\n\t\t>\n<div class=\"sow-image-container\">\n\t\t\t<a href=\"https:\/\/www.bragdoya.no\/index.php\/besokende\/robater\/\"\n\t\t\t\t\t>\n\t\t\t<img \n\tsrc=\"https:\/\/www.bragdoya.no\/wp-content\/uploads\/2018\/04\/DSC_1245-1.jpg\" width=\"700\" height=\"394\" srcset=\"https:\/\/www.bragdoya.no\/wp-content\/uploads\/2018\/04\/DSC_1245-1.jpg 700w, https:\/\/www.bragdoya.no\/wp-content\/uploads\/2018\/04\/DSC_1245-1-300x169.jpg 300w\" sizes=\"(max-width: 700px) 100vw, 700px\" alt=\"\" loading=\"lazy\" \t\tclass=\"so-widget-image\"\/>\n\t\t\t<\/a><\/div>\n\n<\/div><\/div><\/div><div id=\"pgc-9995-5-1\"  class=\"panel-grid-cell\" ><div id=\"panel-9995-5-1-0\" class=\"so-panel widget widget_sow-editor panel-first-child panel-last-child\" data-index=\"10\" ><div\n\t\t\t\n\t\t\tclass=\"so-widget-sow-editor so-widget-sow-editor-base\"\n\t\t\t\n\t\t>\n<div class=\"siteorigin-widget-tinymce textwidget\">\n\t<h3 style=\"text-align: left;\"><a href=\"https:\/\/www.bragdoya.no\/index.php\/besokende\/robater\/\">L\u00e5n av rob\u00e5ter<\/a><\/h3>\n<p style=\"text-align: left;\">Bragd\u00f8ya kystlag har mange tradisjonelle rob\u00e5ter til gratis utl\u00e5n i sommerhalv\u00e5ret.<\/p>\n<p style=\"text-align: left;\">Se fargerike puttene er popul\u00e6re blant barna, og kan brukes inne i badebukta.<\/p>\n<\/div>\n<\/div><\/div><\/div><\/div><\/div><div id=\"pg-9995-6\"  class=\"panel-grid panel-has-style\" ><div class=\"panel-row-style panel-row-style-for-9995-6\" ><div id=\"pgc-9995-6-0\"  class=\"panel-grid-cell\" ><div id=\"panel-9995-6-0-0\" class=\"so-panel widget widget_sow-editor panel-first-child panel-last-child\" data-index=\"11\" ><div\n\t\t\t\n\t\t\tclass=\"so-widget-sow-editor so-widget-sow-editor-base\"\n\t\t\t\n\t\t>\n<div class=\"siteorigin-widget-tinymce textwidget\">\n\t<h3 style=\"text-align: left;\"><a href=\"https:\/\/www.bragdoya.no\/index.php\/besokende\/havneregler\/\">Bruk av bryggeanlegget<\/a><\/h3>\n<p style=\"text-align: left;\">Private b\u00e5ter er hjertelig velkomne p\u00e5 Bragd\u00f8ya. For alles trivsel er det satt opp noen retningslinjer for bes\u00f8kende b\u00e5ter.<\/p>\n<\/div>\n<\/div><\/div><\/div><div id=\"pgc-9995-6-1\"  class=\"panel-grid-cell\" ><div id=\"panel-9995-6-1-0\" class=\"so-panel widget widget_sow-image panel-first-child panel-last-child\" data-index=\"12\" ><div\n\t\t\t\n\t\t\tclass=\"so-widget-sow-image so-widget-sow-image-default-8b5b6f678277-9995\"\n\t\t\t\n\t\t>\n<div class=\"sow-image-container\">\n\t\t\t<a href=\"https:\/\/www.bragdoya.no\/index.php\/besokende\/havneregler\/\"\n\t\t\t\t\t>\n\t\t\t<img \n\tsrc=\"https:\/\/www.bragdoya.no\/wp-content\/uploads\/2018\/04\/cropped-inner-header-komp-test-1-1.jpg\" width=\"1920\" height=\"800\" srcset=\"https:\/\/www.bragdoya.no\/wp-content\/uploads\/2018\/04\/cropped-inner-header-komp-test-1-1.jpg 1920w, https:\/\/www.bragdoya.no\/wp-content\/uploads\/2018\/04\/cropped-inner-header-komp-test-1-1-300x125.jpg 300w, https:\/\/www.bragdoya.no\/wp-content\/uploads\/2018\/04\/cropped-inner-header-komp-test-1-1-768x320.jpg 768w, https:\/\/www.bragdoya.no\/wp-content\/uploads\/2018\/04\/cropped-inner-header-komp-test-1-1-1024x427.jpg 1024w\" sizes=\"(max-width: 1920px) 100vw, 1920px\" title=\"cropped-inner-header-komp-test-1-1.jpg\" alt=\"\" loading=\"lazy\" \t\tclass=\"so-widget-image\"\/>\n\t\t\t<\/a><\/div>\n\n<\/div><\/div><\/div><\/div><\/div><div id=\"pg-9995-7\"  class=\"panel-grid panel-has-style\" ><div class=\"panel-row-style panel-row-style-for-9995-7\" ><div id=\"pgc-9995-7-0\"  class=\"panel-grid-cell\" ><div id=\"panel-9995-7-0-0\" class=\"so-panel widget widget_sow-image panel-first-child panel-last-child\" data-index=\"13\" ><div\n\t\t\t\n\t\t\tclass=\"so-widget-sow-image so-widget-sow-image-default-8b5b6f678277-9995\"\n\t\t\t\n\t\t>\n<div class=\"sow-image-container\">\n\t\t\t<a href=\"https:\/\/www.bragdoya.no\/index.php\/besokende\/opplevelser-2\/\"\n\t\t\t\t\t>\n\t\t\t<img \n\tsrc=\"https:\/\/www.bragdoya.no\/wp-content\/uploads\/2019\/11\/IMG_9335-scaled-e1574332280452.jpg\" width=\"2560\" height=\"1568\" srcset=\"https:\/\/www.bragdoya.no\/wp-content\/uploads\/2019\/11\/IMG_9335-scaled-e1574332280452.jpg 2560w, https:\/\/www.bragdoya.no\/wp-content\/uploads\/2019\/11\/IMG_9335-scaled-e1574332280452-300x184.jpg 300w, https:\/\/www.bragdoya.no\/wp-content\/uploads\/2019\/11\/IMG_9335-scaled-e1574332280452-1024x627.jpg 1024w, https:\/\/www.bragdoya.no\/wp-content\/uploads\/2019\/11\/IMG_9335-scaled-e1574332280452-768x470.jpg 768w, https:\/\/www.bragdoya.no\/wp-content\/uploads\/2019\/11\/IMG_9335-scaled-e1574332280452-1536x941.jpg 1536w, https:\/\/www.bragdoya.no\/wp-content\/uploads\/2019\/11\/IMG_9335-scaled-e1574332280452-2048x1254.jpg 2048w, https:\/\/www.bragdoya.no\/wp-content\/uploads\/2019\/11\/IMG_9335-scaled-e1574332280452-1763x1080.jpg 1763w\" sizes=\"(max-width: 2560px) 100vw, 2560px\" title=\"Putter p\u00e5 stranda med gutt\" alt=\"\" loading=\"lazy\" \t\tclass=\"so-widget-image\"\/>\n\t\t\t<\/a><\/div>\n\n<\/div><\/div><\/div><div id=\"pgc-9995-7-1\"  class=\"panel-grid-cell\" ><div id=\"panel-9995-7-1-0\" class=\"so-panel widget widget_sow-editor panel-first-child panel-last-child\" data-index=\"14\" ><div\n\t\t\t\n\t\t\tclass=\"so-widget-sow-editor so-widget-sow-editor-base\"\n\t\t\t\n\t\t>\n<div class=\"siteorigin-widget-tinymce textwidget\">\n\t<h3 style=\"text-align: left;\"><a href=\"https:\/\/www.bragdoya.no\/index.php\/besokende\/opplevelser-2\/\">Ting \u00e5 gj\u00f8re p\u00e5 Bragd\u00f8ya<\/a><\/h3>\n<p style=\"text-align: left;\">Det er mye spennende \u00e5 gj\u00f8re p\u00e5 Bragd\u00f8ya, for b\u00e5de store og sm\u00e5.<\/p>\n<p style=\"text-align: left;\">Fine badeplasser, turstier, fiskemuligheter, utstillinger, utl\u00e5n av rob\u00e5ter og kafe for \u00e5 nevne noe.<\/p>\n<\/div>\n<\/div><\/div><\/div><\/div><\/div><\/div>","protected":false},"excerpt":{"rendered":"<p>Bragd\u00f8ya er et offentlig friomr\u00e5de, og det er friluftslovens regler som gjelder.\u00a0Det er Bragd\u00f8ya kystlag som drifter kystkultursenteret. Husk! Det er b\u00e5ndtvang p\u00e5 \u00f8ya hele \u00e5ret, grunnet sauer p\u00e5 beite. Det er ikke offentlig s\u00f8ppelt\u00f8mming p\u00e5 Bragd\u00f8ya. V\u00e6r vennlig \u00e5 ta med deg all s\u00f8ppel til land. Stranda er forbeholdt badegjester. Vi \u00f8nsker ikke telt&hellip; <br \/> <a class=\"read-more\" href=\"https:\/\/www.bragdoya.no\/index.php\/sommer-pa-bragdoya\/\">Read more<\/a><\/p>\n","protected":false},"author":16,"featured_media":705,"parent":0,"menu_order":0,"comment_status":"closed","ping_status":"closed","template":"","meta":[],"_links":{"self":[{"href":"https:\/\/www.bragdoya.no\/index.php\/wp-json\/wp\/v2\/pages\/9995"}],"collection":[{"href":"https:\/\/www.bragdoya.no\/index.php\/wp-json\/wp\/v2\/pages"}],"about":[{"href":"https:\/\/www.bragdoya.no\/index.php\/wp-json\/wp\/v2\/types\/page"}],"author":[{"embeddable":true,"href":"https:\/\/www.bragdoya.no\/index.php\/wp-json\/wp\/v2\/users\/16"}],"replies":[{"embeddable":true,"href":"https:\/\/www.bragdoya.no\/index.php\/wp-json\/wp\/v2\/comments?post=9995"}],"version-history":[{"count":177,"href":"https:\/\/www.bragdoya.no\/index.php\/wp-json\/wp\/v2\/pages\/9995\/revisions"}],"predecessor-version":[{"id":11231,"href":"https:\/\/www.bragdoya.no\/index.php\/wp-json\/wp\/v2\/pages\/9995\/revisions\/11231"}],"wp:featuredmedia":[{"embeddable":true,"href":"https:\/\/www.bragdoya.no\/index.php\/wp-json\/wp\/v2\/media\/705"}],"wp:attachment":[{"href":"https:\/\/www.bragdoya.no\/index.php\/wp-json\/wp\/v2\/media?parent=9995"}],"curies":[{"name":"wp","href":"https:\/\/api.w.org\/{rel}","templated":true}]}}