{"id":9640,"date":"2023-03-23T10:36:32","date_gmt":"2023-03-23T09:36:32","guid":{"rendered":"https:\/\/www.bragdoya.no\/?page_id=9640"},"modified":"2023-03-23T10:36:32","modified_gmt":"2023-03-23T09:36:32","slug":"knivloftet","status":"publish","type":"page","link":"https:\/\/www.bragdoya.no\/index.php\/om-oss\/medlemsinformasjon\/grupper\/knivloftet\/","title":{"rendered":"Knivloftet"},"content":{"rendered":"<div id=\"pl-9640\"  class=\"panel-layout\" ><div id=\"pg-9640-0\"  class=\"panel-grid panel-no-style\" ><div id=\"pgc-9640-0-0\"  class=\"panel-grid-cell\" ><div id=\"panel-9640-0-0-0\" class=\"so-panel widget widget_sow-editor panel-first-child panel-last-child\" data-index=\"0\" ><div\n\t\t\t\n\t\t\tclass=\"so-widget-sow-editor so-widget-sow-editor-base\"\n\t\t\t\n\t\t>\n<div class=\"siteorigin-widget-tinymce textwidget\">\n\t<p>Holder til p\u00e5 sm\u00e5b\u00e5tloftet. Har jevnlige kurs.<\/p>\n<p>Kontaktperson: <a href=\"mailto:tom.andresen52@gmail.com\">Tom Andresen<\/a>.<\/p>\n<\/div>\n<\/div><\/div><\/div><\/div><\/div>","protected":false},"excerpt":{"rendered":"<p>Holder til p\u00e5 sm\u00e5b\u00e5tloftet. Har jevnlige kurs. Kontaktperson: Tom Andresen.<\/p>\n","protected":false},"author":16,"featured_media":4815,"parent":95,"menu_order":0,"comment_status":"closed","ping_status":"closed","template":"","meta":[],"_links":{"self":[{"href":"https:\/\/www.bragdoya.no\/index.php\/wp-json\/wp\/v2\/pages\/9640"}],"collection":[{"href":"https:\/\/www.bragdoya.no\/index.php\/wp-json\/wp\/v2\/pages"}],"about":[{"href":"https:\/\/www.bragdoya.no\/index.php\/wp-json\/wp\/v2\/types\/page"}],"author":[{"embeddable":true,"href":"https:\/\/www.bragdoya.no\/index.php\/wp-json\/wp\/v2\/users\/16"}],"replies":[{"embeddable":true,"href":"https:\/\/www.bragdoya.no\/index.php\/wp-json\/wp\/v2\/comments?post=9640"}],"version-history":[{"count":1,"href":"https:\/\/www.bragdoya.no\/index.php\/wp-json\/wp\/v2\/pages\/9640\/revisions"}],"predecessor-version":[{"id":9641,"href":"https:\/\/www.bragdoya.no\/index.php\/wp-json\/wp\/v2\/pages\/9640\/revisions\/9641"}],"up":[{"embeddable":true,"href":"https:\/\/www.bragdoya.no\/index.php\/wp-json\/wp\/v2\/pages\/95"}],"wp:featuredmedia":[{"embeddable":true,"href":"https:\/\/www.bragdoya.no\/index.php\/wp-json\/wp\/v2\/media\/4815"}],"wp:attachment":[{"href":"https:\/\/www.bragdoya.no\/index.php\/wp-json\/wp\/v2\/media?parent=9640"}],"curies":[{"name":"wp","href":"https:\/\/api.w.org\/{rel}","templated":true}]}}