{"id":9497,"date":"2023-03-10T11:30:09","date_gmt":"2023-03-10T10:30:09","guid":{"rendered":"https:\/\/www.bragdoya.no\/?page_id=9497"},"modified":"2023-03-10T11:30:09","modified_gmt":"2023-03-10T10:30:09","slug":"oksoygruppa","status":"publish","type":"page","link":"https:\/\/www.bragdoya.no\/index.php\/om-oss\/medlemsinformasjon\/grupper\/oksoygruppa\/","title":{"rendered":"Oks\u00f8ygruppa"},"content":{"rendered":"<div id=\"pl-9497\"  class=\"panel-layout\" ><div id=\"pg-9497-0\"  class=\"panel-grid panel-no-style\" ><div id=\"pgc-9497-0-0\"  class=\"panel-grid-cell panel-grid-cell-mobile-last\" ><div id=\"panel-9497-0-0-0\" class=\"so-panel widget widget_sow-editor panel-first-child panel-last-child\" data-index=\"0\" ><div\n\t\t\t\n\t\t\tclass=\"so-widget-sow-editor so-widget-sow-editor-base\"\n\t\t\t\n\t\t>\n<div class=\"siteorigin-widget-tinymce textwidget\">\n\t<h3>Oks\u00f8ygruppa<\/h3>\n<\/div>\n<\/div><\/div><\/div><div id=\"pgc-9497-0-1\"  class=\"panel-grid-cell panel-grid-cell-empty\" ><\/div><\/div><div id=\"pg-9497-1\"  class=\"panel-grid panel-no-style\" ><div id=\"pgc-9497-1-0\"  class=\"panel-grid-cell panel-grid-cell-mobile-last\" ><div id=\"panel-9497-1-0-0\" class=\"so-panel widget widget_sow-editor panel-first-child panel-last-child\" data-index=\"1\" ><div\n\t\t\t\n\t\t\tclass=\"so-widget-sow-editor so-widget-sow-editor-base\"\n\t\t\t\n\t\t>\n<div class=\"siteorigin-widget-tinymce textwidget\">\n\t<p>Oks\u00f8ygruppa disponerer og vedlikeholder Loshuset p\u00e5 Oks\u00f8y og organiserer vertskapssesongen p\u00e5 Oks\u00f8y.<\/p>\n<p>Gruppa er alltid \u00e5pen for flere medlemmer.<\/p>\n<p>Er du interessert i \u00e5 v\u00e6re med?<br \/>\nTa kontakt med ansvarlig for Loshuset, <a href=\"mailto:astrid.stegane@gmail.com\">Astrid Anita Stegane<\/a>.<\/p>\n<p>Les mer om Loshuset p\u00e5 Oks\u00f8y <a href=\"https:\/\/www.bragdoya.no\/index.php\/besokende\/utleie\/overnatting\/oksoy\/\">her<\/a>.<\/p>\n<\/div>\n<\/div><\/div><\/div><div id=\"pgc-9497-1-1\"  class=\"panel-grid-cell panel-grid-cell-empty\" ><\/div><\/div><\/div>","protected":false},"excerpt":{"rendered":"<p>Oks\u00f8ygruppa Oks\u00f8ygruppa disponerer og vedlikeholder Loshuset p\u00e5 Oks\u00f8y og organiserer vertskapssesongen p\u00e5 Oks\u00f8y. Gruppa er alltid \u00e5pen for flere medlemmer. Er du interessert i \u00e5 v\u00e6re med? Ta kontakt med ansvarlig for Loshuset, Astrid Anita Stegane. Les mer om Loshuset p\u00e5 Oks\u00f8y her.<\/p>\n","protected":false},"author":16,"featured_media":8662,"parent":95,"menu_order":0,"comment_status":"closed","ping_status":"closed","template":"","meta":[],"_links":{"self":[{"href":"https:\/\/www.bragdoya.no\/index.php\/wp-json\/wp\/v2\/pages\/9497"}],"collection":[{"href":"https:\/\/www.bragdoya.no\/index.php\/wp-json\/wp\/v2\/pages"}],"about":[{"href":"https:\/\/www.bragdoya.no\/index.php\/wp-json\/wp\/v2\/types\/page"}],"author":[{"embeddable":true,"href":"https:\/\/www.bragdoya.no\/index.php\/wp-json\/wp\/v2\/users\/16"}],"replies":[{"embeddable":true,"href":"https:\/\/www.bragdoya.no\/index.php\/wp-json\/wp\/v2\/comments?post=9497"}],"version-history":[{"count":1,"href":"https:\/\/www.bragdoya.no\/index.php\/wp-json\/wp\/v2\/pages\/9497\/revisions"}],"predecessor-version":[{"id":9498,"href":"https:\/\/www.bragdoya.no\/index.php\/wp-json\/wp\/v2\/pages\/9497\/revisions\/9498"}],"up":[{"embeddable":true,"href":"https:\/\/www.bragdoya.no\/index.php\/wp-json\/wp\/v2\/pages\/95"}],"wp:featuredmedia":[{"embeddable":true,"href":"https:\/\/www.bragdoya.no\/index.php\/wp-json\/wp\/v2\/media\/8662"}],"wp:attachment":[{"href":"https:\/\/www.bragdoya.no\/index.php\/wp-json\/wp\/v2\/media?parent=9497"}],"curies":[{"name":"wp","href":"https:\/\/api.w.org\/{rel}","templated":true}]}}