{"id":7970,"date":"2022-04-05T14:20:18","date_gmt":"2022-04-05T12:20:18","guid":{"rendered":"https:\/\/www.bragdoya.no\/?page_id=7970"},"modified":"2025-03-02T16:43:22","modified_gmt":"2025-03-02T15:43:22","slug":"oksoy","status":"publish","type":"page","link":"https:\/\/www.bragdoya.no\/index.php\/besokende\/utleie\/overnatting\/oksoy\/","title":{"rendered":"Loshuset p\u00e5 Oks\u00f8y"},"content":{"rendered":"<div id=\"pl-7970\"  class=\"panel-layout\" ><div id=\"pg-7970-0\"  class=\"panel-grid panel-no-style\" ><div id=\"pgc-7970-0-0\"  class=\"panel-grid-cell\" ><div id=\"panel-7970-0-0-0\" class=\"so-panel widget widget_sow-editor panel-first-child\" data-index=\"0\" ><div\n\t\t\t\n\t\t\tclass=\"so-widget-sow-editor so-widget-sow-editor-base\"\n\t\t\t\n\t\t>\n<div class=\"siteorigin-widget-tinymce textwidget\">\n\t<h2>Loshuset p\u00e5 Oks\u00f8y - IKKE KLARERT FOR UTLEIE I 2025<\/h2>\n<p>Loshuset p\u00e5 Oks\u00f8y byr p\u00e5 fantastiske opplevelser i havgapet i vesterled av Kristiansand.<\/p>\n<p>Loshuset har str\u00f8m, kj\u00f8kken med oppvaskmaskin, bad med dusj og oppholdsrom med plass til 15 - 20 personer.<\/p>\n<p>Loshuset har i alt 10 sengeplasser. Sju av disse leies ut med vertskap i sommersesongen fra s\u00f8ndag uke 28 til s\u00f8ndag uke 33.<\/p>\n<p>Alle gjester m\u00e5 ta seg til Oks\u00f8y med egen b\u00e5t.<\/p>\n<p>Loshuset og Oks\u00f8y fyr ligger i et naturreservat, noe som begrenser ilandstigning ettersom all ferdsel i reservatomr\u00e5det er forbudt fra 15.april - 15.juli.<br \/>\nKun stien fra havna\/brygga til fyret, og fra brygga til Loshuset kan benyttes.<\/p>\n<h4>Priser<\/h4>\n<p>Per pers kr 400,- per natt<br \/>\nMedlem kr 300,- per natt<br \/>\nBarn halv pris<\/p>\n<p><em>NB: For \u00e5 dra nytte av medlemspriser m\u00e5 man vise til minst to gjennomf\u00f8rte dugnadsdager.<\/em><\/p>\n<p><strong>Vertskapet p\u00e5 Oks\u00f8y kan n\u00e5s p\u00e5 telefon 908 04 476 i vertskapsperioden.<\/strong><\/p>\n<\/div>\n<\/div><\/div><div id=\"panel-7970-0-0-1\" class=\"so-panel widget widget_sow-editor\" data-index=\"1\" ><div\n\t\t\t\n\t\t\tclass=\"so-widget-sow-editor so-widget-sow-editor-base\"\n\t\t\t\n\t\t>\n<div class=\"siteorigin-widget-tinymce textwidget\">\n\t<\/div>\n<\/div><\/div><div id=\"panel-7970-0-0-2\" class=\"so-panel widget widget_sow-button panel-last-child\" data-index=\"2\" ><div\n\t\t\t\n\t\t\tclass=\"so-widget-sow-button so-widget-sow-button-flat-1c257871c066-7970\"\n\t\t\t\n\t\t><div class=\"ow-button-base ow-button-align-left\"\n>\n\t\t\t<a\n\t\t\t\tclass=\"sowb-button ow-icon-placement-left ow-button-hover\" target=\"_blank\" rel=\"noopener noreferrer\" \t>\n\t\t<span>\n\t\t\t\n\t\t\tBestill overnatting her\t\t<\/span>\n\t\t\t<\/a>\n\t<\/div>\n<\/div><\/div><\/div><\/div><div id=\"pg-7970-1\"  class=\"panel-grid panel-no-style\" ><div id=\"pgc-7970-1-0\"  class=\"panel-grid-cell\" ><div id=\"panel-7970-1-0-0\" class=\"so-panel widget widget_sow-slider panel-first-child\" data-index=\"3\" ><div\n\t\t\t\n\t\t\tclass=\"so-widget-sow-slider so-widget-sow-slider-default-6d39609536fd-7970\"\n\t\t\t\n\t\t>\t\t\t\t<div class=\"sow-slider-base\" style=\"display: none\" tabindex=\"0\">\n\t\t\t\t\t<ul\n\t\t\t\t\tclass=\"sow-slider-images\"\n\t\t\t\t\tdata-settings=\"{&quot;pagination&quot;:true,&quot;speed&quot;:800,&quot;timeout&quot;:8000,&quot;paused&quot;:true,&quot;pause_on_hover&quot;:false,&quot;swipe&quot;:true,&quot;nav_always_show_desktop&quot;:&quot;&quot;,&quot;nav_always_show_mobile&quot;:&quot;&quot;,&quot;breakpoint&quot;:&quot;780px&quot;,&quot;unmute&quot;:false,&quot;anchor&quot;:null}\"\n\t\t\t\t\t\t\t\t\t\tdata-anchor-id=\"\"\n\t\t\t\t>\t\t<li class=\"sow-slider-image\" style=\"visibility: visible;\" >\n\t\t\t\t\t\t<img width=\"2560\" height=\"1244\" src=\"https:\/\/www.bragdoya.no\/wp-content\/uploads\/2021\/08\/20210629_183934-scaled.jpg\" class=\"sow-slider-background-image\" alt=\"Oks\u00f8y\" decoding=\"async\" loading=\"lazy\" style=\"\" srcset=\"https:\/\/www.bragdoya.no\/wp-content\/uploads\/2021\/08\/20210629_183934-scaled.jpg 2560w, https:\/\/www.bragdoya.no\/wp-content\/uploads\/2021\/08\/20210629_183934-300x146.jpg 300w, https:\/\/www.bragdoya.no\/wp-content\/uploads\/2021\/08\/20210629_183934-1024x498.jpg 1024w, https:\/\/www.bragdoya.no\/wp-content\/uploads\/2021\/08\/20210629_183934-768x373.jpg 768w, https:\/\/www.bragdoya.no\/wp-content\/uploads\/2021\/08\/20210629_183934-1536x747.jpg 1536w, https:\/\/www.bragdoya.no\/wp-content\/uploads\/2021\/08\/20210629_183934-2048x996.jpg 2048w, https:\/\/www.bragdoya.no\/wp-content\/uploads\/2021\/08\/20210629_183934-16x8.jpg 16w, https:\/\/www.bragdoya.no\/wp-content\/uploads\/2021\/08\/20210629_183934-1920x933.jpg 1920w\" sizes=\"(max-width: 2560px) 100vw, 2560px\" \/>\t\t<\/li>\n\t\t\t\t<li class=\"sow-slider-image\" style=\"visibility: hidden;\" >\n\t\t\t\t\t\t<img width=\"2560\" height=\"1244\" src=\"https:\/\/www.bragdoya.no\/wp-content\/uploads\/2021\/08\/20210629_232238-scaled.jpg\" class=\"sow-slider-background-image\" alt=\"Oks\u00f8y\" decoding=\"async\" loading=\"lazy\" style=\"\" srcset=\"https:\/\/www.bragdoya.no\/wp-content\/uploads\/2021\/08\/20210629_232238-scaled.jpg 2560w, https:\/\/www.bragdoya.no\/wp-content\/uploads\/2021\/08\/20210629_232238-300x146.jpg 300w, https:\/\/www.bragdoya.no\/wp-content\/uploads\/2021\/08\/20210629_232238-1024x498.jpg 1024w, https:\/\/www.bragdoya.no\/wp-content\/uploads\/2021\/08\/20210629_232238-768x373.jpg 768w, https:\/\/www.bragdoya.no\/wp-content\/uploads\/2021\/08\/20210629_232238-1536x747.jpg 1536w, https:\/\/www.bragdoya.no\/wp-content\/uploads\/2021\/08\/20210629_232238-2048x996.jpg 2048w, https:\/\/www.bragdoya.no\/wp-content\/uploads\/2021\/08\/20210629_232238-16x8.jpg 16w, https:\/\/www.bragdoya.no\/wp-content\/uploads\/2021\/08\/20210629_232238-1920x933.jpg 1920w\" sizes=\"(max-width: 2560px) 100vw, 2560px\" \/>\t\t<\/li>\n\t\t\t\t<li class=\"sow-slider-image\" style=\"visibility: hidden;\" >\n\t\t\t\t\t\t<img width=\"2560\" height=\"1244\" src=\"https:\/\/www.bragdoya.no\/wp-content\/uploads\/2021\/08\/20210610_124925-scaled.jpg\" class=\"sow-slider-background-image\" alt=\"Loshuset Oks\u00f8y\" decoding=\"async\" loading=\"lazy\" style=\"\" srcset=\"https:\/\/www.bragdoya.no\/wp-content\/uploads\/2021\/08\/20210610_124925-scaled.jpg 2560w, https:\/\/www.bragdoya.no\/wp-content\/uploads\/2021\/08\/20210610_124925-300x146.jpg 300w, https:\/\/www.bragdoya.no\/wp-content\/uploads\/2021\/08\/20210610_124925-1024x498.jpg 1024w, https:\/\/www.bragdoya.no\/wp-content\/uploads\/2021\/08\/20210610_124925-768x373.jpg 768w, https:\/\/www.bragdoya.no\/wp-content\/uploads\/2021\/08\/20210610_124925-1536x747.jpg 1536w, https:\/\/www.bragdoya.no\/wp-content\/uploads\/2021\/08\/20210610_124925-2048x996.jpg 2048w, https:\/\/www.bragdoya.no\/wp-content\/uploads\/2021\/08\/20210610_124925-16x8.jpg 16w, https:\/\/www.bragdoya.no\/wp-content\/uploads\/2021\/08\/20210610_124925-1920x933.jpg 1920w\" sizes=\"(max-width: 2560px) 100vw, 2560px\" \/>\t\t<\/li>\n\t\t\t\t<li class=\"sow-slider-image\" style=\"visibility: hidden;\" >\n\t\t\t\t\t\t<img width=\"2560\" height=\"1244\" src=\"https:\/\/www.bragdoya.no\/wp-content\/uploads\/2021\/08\/20210610_123948-scaled.jpg\" class=\"sow-slider-background-image\" alt=\"Loshuset Oks\u00f8y soverom\" decoding=\"async\" loading=\"lazy\" style=\"\" srcset=\"https:\/\/www.bragdoya.no\/wp-content\/uploads\/2021\/08\/20210610_123948-scaled.jpg 2560w, https:\/\/www.bragdoya.no\/wp-content\/uploads\/2021\/08\/20210610_123948-300x146.jpg 300w, https:\/\/www.bragdoya.no\/wp-content\/uploads\/2021\/08\/20210610_123948-1024x498.jpg 1024w, https:\/\/www.bragdoya.no\/wp-content\/uploads\/2021\/08\/20210610_123948-768x373.jpg 768w, https:\/\/www.bragdoya.no\/wp-content\/uploads\/2021\/08\/20210610_123948-1536x747.jpg 1536w, https:\/\/www.bragdoya.no\/wp-content\/uploads\/2021\/08\/20210610_123948-2048x996.jpg 2048w, https:\/\/www.bragdoya.no\/wp-content\/uploads\/2021\/08\/20210610_123948-16x8.jpg 16w, https:\/\/www.bragdoya.no\/wp-content\/uploads\/2021\/08\/20210610_123948-1920x933.jpg 1920w\" sizes=\"(max-width: 2560px) 100vw, 2560px\" \/>\t\t<\/li>\n\t\t<\/ul>\t\t\t\t<ol class=\"sow-slider-pagination\">\n\t\t\t\t\t\t\t\t\t\t\t<li><a href=\"#\" data-goto=\"0\" aria-label=\"Display slide 1\"><\/a><\/li>\n\t\t\t\t\t\t\t\t\t\t\t<li><a href=\"#\" data-goto=\"1\" aria-label=\"Display slide 2\"><\/a><\/li>\n\t\t\t\t\t\t\t\t\t\t\t<li><a href=\"#\" data-goto=\"2\" aria-label=\"Display slide 3\"><\/a><\/li>\n\t\t\t\t\t\t\t\t\t\t\t<li><a href=\"#\" data-goto=\"3\" aria-label=\"Display slide 4\"><\/a><\/li>\n\t\t\t\t\t\t\t\t\t<\/ol>\n\n\t\t\t\t<div class=\"sow-slide-nav sow-slide-nav-next\">\n\t\t\t\t\t<a href=\"#\" data-goto=\"next\" aria-label=\"Next slide\" data-action=\"next\">\n\t\t\t\t\t\t<em class=\"sow-sld-icon-thin-right\"><\/em>\n\t\t\t\t\t<\/a>\n\t\t\t\t<\/div>\n\n\t\t\t\t<div class=\"sow-slide-nav sow-slide-nav-prev\">\n\t\t\t\t\t<a href=\"#\" data-goto=\"previous\" aria-label=\"Previous slide\" data-action=\"prev\">\n\t\t\t\t\t\t<em class=\"sow-sld-icon-thin-left\"><\/em>\n\t\t\t\t\t<\/a>\n\t\t\t\t<\/div>\n\t\t\t\t<\/div><\/div><\/div><div id=\"panel-7970-1-0-1\" class=\"so-panel widget widget_sow-editor panel-last-child\" data-index=\"4\" ><div\n\t\t\t\n\t\t\tclass=\"so-widget-sow-editor so-widget-sow-editor-base\"\n\t\t\t\n\t\t>\n<div class=\"siteorigin-widget-tinymce textwidget\">\n\t<h4>Litt historie<\/h4>\n<p>Det har v\u00e6rt losvirksomhet p\u00e5 Oks\u00f8y fra det f\u00f8rste fyret stod h\u00f8yreist i 1832. Loshuset ble bygget i 1964 som en del av losstasjonen p\u00e5 Oks\u00f8y. Huset er fredet etter kulturminneloven.<br \/>\nP\u00e5 den s\u00e5kalte \"Losheia\" ovenfor Loshuset ble styrehuset til lossk\u00f8yta \"Agder II\" i 1947 satt opp som vakthytte for losvirksomheten. Hytta ble fredet i 1989.<br \/>\nI 1978 ble losstasjonen flyttet inn til Kristiansand. De siste fastboende forlot Oks\u00f8y i 1980, og fyret har v\u00e6rt automatisert siden 2003.<\/p>\n<\/div>\n<\/div><\/div><\/div><\/div><div id=\"pg-7970-2\"  class=\"panel-grid panel-no-style\" ><div id=\"pgc-7970-2-0\"  class=\"panel-grid-cell\" ><div id=\"panel-7970-2-0-0\" class=\"so-panel widget widget_sow-hero panel-first-child panel-last-child\" data-index=\"5\" ><div\n\t\t\t\n\t\t\tclass=\"so-widget-sow-hero so-widget-sow-hero-default-6e283e92799f-7970 so-widget-fittext-wrapper\"\n\t\t\t data-fit-text-compressor=\"0.85\"\n\t\t>\t\t\t\t<div class=\"sow-slider-base\" style=\"display: none\" tabindex=\"0\">\n\t\t\t\t\t<ul\n\t\t\t\t\tclass=\"sow-slider-images\"\n\t\t\t\t\tdata-settings=\"{&quot;pagination&quot;:true,&quot;speed&quot;:800,&quot;timeout&quot;:8000,&quot;paused&quot;:false,&quot;pause_on_hover&quot;:false,&quot;swipe&quot;:true,&quot;nav_always_show_desktop&quot;:&quot;&quot;,&quot;nav_always_show_mobile&quot;:&quot;&quot;,&quot;breakpoint&quot;:&quot;780px&quot;,&quot;unmute&quot;:false,&quot;anchor&quot;:null}\"\n\t\t\t\t\t\t\t\t\t\tdata-anchor-id=\"\"\n\t\t\t\t><\/ul>\t\t\t\t<ol class=\"sow-slider-pagination\">\n\t\t\t\t\t\t\t\t\t<\/ol>\n\n\t\t\t\t<div class=\"sow-slide-nav sow-slide-nav-next\">\n\t\t\t\t\t<a href=\"#\" data-goto=\"next\" aria-label=\"Next slide\" data-action=\"next\">\n\t\t\t\t\t\t<em class=\"sow-sld-icon-thin-right\"><\/em>\n\t\t\t\t\t<\/a>\n\t\t\t\t<\/div>\n\n\t\t\t\t<div class=\"sow-slide-nav sow-slide-nav-prev\">\n\t\t\t\t\t<a href=\"#\" data-goto=\"previous\" aria-label=\"Previous slide\" data-action=\"prev\">\n\t\t\t\t\t\t<em class=\"sow-sld-icon-thin-left\"><\/em>\n\t\t\t\t\t<\/a>\n\t\t\t\t<\/div>\n\t\t\t\t<\/div><\/div><\/div><\/div><\/div><\/div>","protected":false},"excerpt":{"rendered":"<p>Loshuset p\u00e5 Oks\u00f8y &#8211; IKKE KLARERT FOR UTLEIE I 2025 Loshuset p\u00e5 Oks\u00f8y byr p\u00e5 fantastiske opplevelser i havgapet i vesterled av Kristiansand. Loshuset har str\u00f8m, kj\u00f8kken med oppvaskmaskin, bad med dusj og oppholdsrom med plass til 15 &#8211; 20 personer. Loshuset har i alt 10 sengeplasser. Sju av disse leies ut med vertskap i&hellip; <br \/> <a class=\"read-more\" href=\"https:\/\/www.bragdoya.no\/index.php\/besokende\/utleie\/overnatting\/oksoy\/\">Read more<\/a><\/p>\n","protected":false},"author":16,"featured_media":9868,"parent":269,"menu_order":0,"comment_status":"closed","ping_status":"closed","template":"","meta":[],"_links":{"self":[{"href":"https:\/\/www.bragdoya.no\/index.php\/wp-json\/wp\/v2\/pages\/7970"}],"collection":[{"href":"https:\/\/www.bragdoya.no\/index.php\/wp-json\/wp\/v2\/pages"}],"about":[{"href":"https:\/\/www.bragdoya.no\/index.php\/wp-json\/wp\/v2\/types\/page"}],"author":[{"embeddable":true,"href":"https:\/\/www.bragdoya.no\/index.php\/wp-json\/wp\/v2\/users\/16"}],"replies":[{"embeddable":true,"href":"https:\/\/www.bragdoya.no\/index.php\/wp-json\/wp\/v2\/comments?post=7970"}],"version-history":[{"count":48,"href":"https:\/\/www.bragdoya.no\/index.php\/wp-json\/wp\/v2\/pages\/7970\/revisions"}],"predecessor-version":[{"id":11571,"href":"https:\/\/www.bragdoya.no\/index.php\/wp-json\/wp\/v2\/pages\/7970\/revisions\/11571"}],"up":[{"embeddable":true,"href":"https:\/\/www.bragdoya.no\/index.php\/wp-json\/wp\/v2\/pages\/269"}],"wp:featuredmedia":[{"embeddable":true,"href":"https:\/\/www.bragdoya.no\/index.php\/wp-json\/wp\/v2\/media\/9868"}],"wp:attachment":[{"href":"https:\/\/www.bragdoya.no\/index.php\/wp-json\/wp\/v2\/media?parent=7970"}],"curies":[{"name":"wp","href":"https:\/\/api.w.org\/{rel}","templated":true}]}}