{"id":6593,"date":"2020-09-25T12:43:24","date_gmt":"2020-09-25T10:43:24","guid":{"rendered":"https:\/\/www.bragdoya.no\/?page_id=6593"},"modified":"2022-10-17T09:37:24","modified_gmt":"2022-10-17T07:37:24","slug":"bragdoya-ung","status":"publish","type":"page","link":"https:\/\/www.bragdoya.no\/index.php\/bragdoya-ung\/bragdoya-ung\/","title":{"rendered":"Bragd\u00f8ya UNG"},"content":{"rendered":"<div id=\"pl-6593\"  class=\"panel-layout\" ><div id=\"pg-6593-0\"  class=\"panel-grid panel-has-style\" ><div class=\"panel-row-style panel-row-style-for-6593-0\" ><div id=\"pgc-6593-0-0\"  class=\"panel-grid-cell\" ><div id=\"panel-6593-0-0-0\" class=\"so-panel widget widget_sow-editor panel-first-child\" data-index=\"0\" ><div\n\t\t\t\n\t\t\tclass=\"so-widget-sow-editor so-widget-sow-editor-base\"\n\t\t\t\n\t\t>\n<div class=\"siteorigin-widget-tinymce textwidget\">\n\t<h3>Bragd\u00f8ya UNG<\/h3>\n<p class=\"xmsonormal\"><span style=\"font-size: 12.0pt; color: black;\">Bragd\u00f8ya UNG er et sosialt felleskap og en m\u00f8teplass for ungdom og unge voksne i aldersgruppa 13 til 26 \u00e5r som er interessert i kystkultur, b\u00e5ttradisjoner og kystfriluftsliv.\u00a0<\/span><\/p>\n<p class=\"xmsonormal\"><span style=\"font-size: 12.0pt; color: black;\">Bragd\u00f8ya UNG er en del av Forbundet KYSTEN sin ungdomssatsning KYSTEN ung som er et viktig tiltak for \u00e5 sikre fremtidig kystkulturliv og -arv ved kunnskapsoverf\u00f8ring og gode opplevelser langs kysten for de kommende generasjonene. <\/span><\/p>\n<p class=\"xmsonormal\"><span style=\"font-size: 12.0pt; color: black;\">Bragd\u00f8ya kystlag, som en del av Forbundet KYSTEN, har som m\u00e5l \u00e5 verne om tradisjonell kystkultur gjennom bruk. Ikke bare fordi det er tradisjon, men fordi det er spennende, sosialt og l\u00e6rerikt - fordi vi har det g\u00f8y! <\/span><\/p>\n<p class=\"xmsonormal\"><b><span style=\"font-size: 12.0pt; color: black;\">Alle er velkomne, man trenger verken kunnskap eller erfaring med b\u00e5t og seiling for \u00e5 bli med. Her l\u00e6rer vi av erfarne kystfolk og av hverandre, alltid i hyggelige fellesskap.<\/span><\/b><\/p>\n<p class=\"xmsonormal\"><span style=\"font-size: 12.0pt; color: black;\">\u00a0<\/span><\/p>\n<hr \/>\n<p class=\"xmsonormal\"><span style=\"font-size: 12.0pt; color: black;\">Har du lyst til \u00e5 v\u00e6re med?\u00a0<\/span><\/p>\n<p class=\"xmsonormal\"><span style=\"font-size: 12.0pt; color: black;\">M\u00f8t opp p\u00e5 medlemskveldene v\u00e5re p\u00e5 Bragd\u00f8ya p\u00e5 tirsdager. Avreise med b\u00e5t fra Lumber kl 18.00. Retur kl 21.30.<\/span><\/p>\n<hr \/>\n<p>Kontaktperson for Ungdomsgruppa: <a href=\"mailto: mari.nesse@hotmail.com\">Mari Nesse<\/a><\/p>\n<hr \/>\n<p><span style=\"font-size: 12.0pt; color: black;\">Som KYSTEN ung-medlem betaler du 250,- i \u00e5ret (om du ikke alt er medlem via et familiemedlemskap), og du har mulighet til \u00e5 delta p\u00e5 nasjonale arrangementer som blant annet seiltokter og landsstevner i tillegg til kystlagets aktivitet.\u00a0<\/span><\/p>\n<\/div>\n<\/div><\/div><div id=\"panel-6593-0-0-1\" class=\"so-panel widget widget_sow-button panel-last-child\" data-index=\"1\" ><div\n\t\t\t\n\t\t\tclass=\"so-widget-sow-button so-widget-sow-button-atom-f54c0409268f-6593\"\n\t\t\t\n\t\t><div class=\"ow-button-base ow-button-align-center\"\n>\n\t\t\t<a\n\t\t\t\t\thref=\"https:\/\/www.bragdoya.no\/index.php\/bli-medlem\/\"\n\t\t\t\t\tclass=\"sowb-button ow-icon-placement-left ow-button-hover\" \t>\n\t\t<span>\n\t\t\t\n\t\t\tBli medlem\t\t<\/span>\n\t\t\t<\/a>\n\t<\/div>\n<\/div><\/div><\/div><div id=\"pgc-6593-0-1\"  class=\"panel-grid-cell\" ><div id=\"panel-6593-0-1-0\" class=\"so-panel widget widget_sow-image panel-first-child\" data-index=\"2\" ><div\n\t\t\t\n\t\t\tclass=\"so-widget-sow-image so-widget-sow-image-default-8b5b6f678277-6593\"\n\t\t\t\n\t\t>\n<div class=\"sow-image-container\">\n\t\t<img \n\tsrc=\"https:\/\/www.bragdoya.no\/wp-content\/uploads\/2022\/09\/Kysten-UNG-\u2013-Kopi-\u2013-Kopi.png\" width=\"853\" height=\"1265\" srcset=\"https:\/\/www.bragdoya.no\/wp-content\/uploads\/2022\/09\/Kysten-UNG-\u2013-Kopi-\u2013-Kopi.png 853w, https:\/\/www.bragdoya.no\/wp-content\/uploads\/2022\/09\/Kysten-UNG-\u2013-Kopi-\u2013-Kopi-202x300.png 202w, https:\/\/www.bragdoya.no\/wp-content\/uploads\/2022\/09\/Kysten-UNG-\u2013-Kopi-\u2013-Kopi-690x1024.png 690w, https:\/\/www.bragdoya.no\/wp-content\/uploads\/2022\/09\/Kysten-UNG-\u2013-Kopi-\u2013-Kopi-768x1139.png 768w, https:\/\/www.bragdoya.no\/wp-content\/uploads\/2022\/09\/Kysten-UNG-\u2013-Kopi-\u2013-Kopi-8x12.png 8w, https:\/\/www.bragdoya.no\/wp-content\/uploads\/2022\/09\/Kysten-UNG-\u2013-Kopi-\u2013-Kopi-728x1080.png 728w\" sizes=\"(max-width: 853px) 100vw, 853px\" title=\"Kysten UNG \u2013 Kopi \u2013 Kopi\" alt=\"\" loading=\"lazy\" \t\tclass=\"so-widget-image\"\/>\n\t<\/div>\n\n<\/div><\/div><div id=\"panel-6593-0-1-1\" class=\"so-panel widget widget_sow-image\" data-index=\"3\" ><div\n\t\t\t\n\t\t\tclass=\"so-widget-sow-image so-widget-sow-image-default-8b5b6f678277-6593\"\n\t\t\t\n\t\t>\n<div class=\"sow-image-container\">\n\t\t<img \n\tsrc=\"https:\/\/www.bragdoya.no\/wp-content\/uploads\/2022\/09\/Kysten-UNG-\u2013-Kopi-\u2013-Kopi-2.png\" width=\"854\" height=\"1296\" srcset=\"https:\/\/www.bragdoya.no\/wp-content\/uploads\/2022\/09\/Kysten-UNG-\u2013-Kopi-\u2013-Kopi-2.png 854w, https:\/\/www.bragdoya.no\/wp-content\/uploads\/2022\/09\/Kysten-UNG-\u2013-Kopi-\u2013-Kopi-2-198x300.png 198w, https:\/\/www.bragdoya.no\/wp-content\/uploads\/2022\/09\/Kysten-UNG-\u2013-Kopi-\u2013-Kopi-2-675x1024.png 675w, https:\/\/www.bragdoya.no\/wp-content\/uploads\/2022\/09\/Kysten-UNG-\u2013-Kopi-\u2013-Kopi-2-768x1165.png 768w, https:\/\/www.bragdoya.no\/wp-content\/uploads\/2022\/09\/Kysten-UNG-\u2013-Kopi-\u2013-Kopi-2-8x12.png 8w, https:\/\/www.bragdoya.no\/wp-content\/uploads\/2022\/09\/Kysten-UNG-\u2013-Kopi-\u2013-Kopi-2-712x1080.png 712w\" sizes=\"(max-width: 854px) 100vw, 854px\" title=\"Kysten UNG \u2013 Kopi \u2013 Kopi (2)\" alt=\"\" loading=\"lazy\" \t\tclass=\"so-widget-image\"\/>\n\t<\/div>\n\n<\/div><\/div><div id=\"panel-6593-0-1-2\" class=\"so-panel widget widget_sow-editor panel-last-child\" data-index=\"4\" ><div\n\t\t\t\n\t\t\tclass=\"so-widget-sow-editor so-widget-sow-editor-base\"\n\t\t\t\n\t\t>\n<div class=\"siteorigin-widget-tinymce textwidget\">\n\t<pre>Fotomontasje: <a href=\"https:\/\/kysten.no\/ung\" target=\"_blank\" rel=\"noopener\">Kysten UNG<\/a><\/pre>\n<\/div>\n<\/div><\/div><\/div><\/div><\/div><\/div>","protected":false},"excerpt":{"rendered":"<p>Bragd\u00f8ya UNG Bragd\u00f8ya UNG er et sosialt felleskap og en m\u00f8teplass for ungdom og unge voksne i aldersgruppa 13 til 26 \u00e5r som er interessert i kystkultur, b\u00e5ttradisjoner og kystfriluftsliv.\u00a0 Bragd\u00f8ya UNG er en del av Forbundet KYSTEN sin ungdomssatsning KYSTEN ung som er et viktig tiltak for \u00e5 sikre fremtidig kystkulturliv og -arv ved&hellip; <br \/> <a class=\"read-more\" href=\"https:\/\/www.bragdoya.no\/index.php\/bragdoya-ung\/bragdoya-ung\/\">Read more<\/a><\/p>\n","protected":false},"author":16,"featured_media":6430,"parent":6575,"menu_order":2,"comment_status":"closed","ping_status":"closed","template":"","meta":[],"_links":{"self":[{"href":"https:\/\/www.bragdoya.no\/index.php\/wp-json\/wp\/v2\/pages\/6593"}],"collection":[{"href":"https:\/\/www.bragdoya.no\/index.php\/wp-json\/wp\/v2\/pages"}],"about":[{"href":"https:\/\/www.bragdoya.no\/index.php\/wp-json\/wp\/v2\/types\/page"}],"author":[{"embeddable":true,"href":"https:\/\/www.bragdoya.no\/index.php\/wp-json\/wp\/v2\/users\/16"}],"replies":[{"embeddable":true,"href":"https:\/\/www.bragdoya.no\/index.php\/wp-json\/wp\/v2\/comments?post=6593"}],"version-history":[{"count":39,"href":"https:\/\/www.bragdoya.no\/index.php\/wp-json\/wp\/v2\/pages\/6593\/revisions"}],"predecessor-version":[{"id":8841,"href":"https:\/\/www.bragdoya.no\/index.php\/wp-json\/wp\/v2\/pages\/6593\/revisions\/8841"}],"up":[{"embeddable":true,"href":"https:\/\/www.bragdoya.no\/index.php\/wp-json\/wp\/v2\/pages\/6575"}],"wp:featuredmedia":[{"embeddable":true,"href":"https:\/\/www.bragdoya.no\/index.php\/wp-json\/wp\/v2\/media\/6430"}],"wp:attachment":[{"href":"https:\/\/www.bragdoya.no\/index.php\/wp-json\/wp\/v2\/media?parent=6593"}],"curies":[{"name":"wp","href":"https:\/\/api.w.org\/{rel}","templated":true}]}}