{"id":602,"date":"2018-03-13T20:27:34","date_gmt":"2018-03-13T20:27:34","guid":{"rendered":"https:\/\/henrikhilmer.com\/opedal\/?page_id=602"},"modified":"2023-01-27T13:26:34","modified_gmt":"2023-01-27T12:26:34","slug":"opplevelser-2","status":"publish","type":"page","link":"https:\/\/www.bragdoya.no\/index.php\/besokende\/opplevelser-2\/","title":{"rendered":"Aktiviteter"},"content":{"rendered":"<div id=\"pl-602\"  class=\"panel-layout\" ><div id=\"pg-602-0\"  class=\"panel-grid panel-has-style\" ><div class=\"panel-row-style panel-row-style-for-602-0\" ><div id=\"pgc-602-0-0\"  class=\"panel-grid-cell\" ><div id=\"panel-602-0-0-0\" class=\"so-panel widget widget_sow-editor panel-first-child panel-last-child\" data-index=\"0\" ><div\n\t\t\t\n\t\t\tclass=\"so-widget-sow-editor so-widget-sow-editor-base\"\n\t\t\t\n\t\t>\n<div class=\"siteorigin-widget-tinymce textwidget\">\n\t<h3 style=\"text-align: left;\"><strong>Forslag til sommeraktiviteter p\u00e5 Bragd\u00f8ya<\/strong><\/h3>\n<\/div>\n<\/div><\/div><\/div><\/div><\/div><div id=\"pg-602-1\"  class=\"panel-grid panel-has-style\" ><div class=\"panel-row-style panel-row-style-for-602-1\" ><div id=\"pgc-602-1-0\"  class=\"panel-grid-cell\" ><div id=\"panel-602-1-0-0\" class=\"so-panel widget widget_sow-image panel-first-child panel-last-child\" data-index=\"1\" ><div\n\t\t\t\n\t\t\tclass=\"so-widget-sow-image so-widget-sow-image-default-8b5b6f678277-602\"\n\t\t\t\n\t\t>\n<div class=\"sow-image-container\">\n\t\t<img \n\tsrc=\"https:\/\/www.bragdoya.no\/wp-content\/uploads\/2019\/11\/IMG_9335-scaled-e1574332280452.jpg\" width=\"2560\" height=\"1568\" srcset=\"https:\/\/www.bragdoya.no\/wp-content\/uploads\/2019\/11\/IMG_9335-scaled-e1574332280452.jpg 2560w, https:\/\/www.bragdoya.no\/wp-content\/uploads\/2019\/11\/IMG_9335-scaled-e1574332280452-300x184.jpg 300w, https:\/\/www.bragdoya.no\/wp-content\/uploads\/2019\/11\/IMG_9335-scaled-e1574332280452-1024x627.jpg 1024w, https:\/\/www.bragdoya.no\/wp-content\/uploads\/2019\/11\/IMG_9335-scaled-e1574332280452-768x470.jpg 768w, https:\/\/www.bragdoya.no\/wp-content\/uploads\/2019\/11\/IMG_9335-scaled-e1574332280452-1536x941.jpg 1536w, https:\/\/www.bragdoya.no\/wp-content\/uploads\/2019\/11\/IMG_9335-scaled-e1574332280452-2048x1254.jpg 2048w, https:\/\/www.bragdoya.no\/wp-content\/uploads\/2019\/11\/IMG_9335-scaled-e1574332280452-1763x1080.jpg 1763w\" sizes=\"(max-width: 2560px) 100vw, 2560px\" title=\"Putter p\u00e5 stranda med gutt\" alt=\"\" loading=\"lazy\" \t\tclass=\"so-widget-image\"\/>\n\t<\/div>\n\n<\/div><\/div><\/div><\/div><\/div><div id=\"pg-602-2\"  class=\"panel-grid panel-has-style\" ><div class=\"panel-row-style panel-row-style-for-602-2\" ><div id=\"pgc-602-2-0\"  class=\"panel-grid-cell\" ><div id=\"panel-602-2-0-0\" class=\"so-panel widget widget_sow-editor panel-first-child panel-last-child\" data-index=\"2\" ><div\n\t\t\t\n\t\t\tclass=\"so-widget-sow-editor so-widget-sow-editor-base\"\n\t\t\t\n\t\t>\n<div class=\"siteorigin-widget-tinymce textwidget\">\n\t<p>1. L\u00e6r \u00e5 ro! L\u00e5n en rob\u00e5t eller en av v\u00e5re fargerike putter. Ta med egne redningsvester eller l\u00e5n en av oss.<\/p>\n<p>2. Ta deg et bad i lagunen, en sandstrand velegnet for barnefamilier. Her er det langgrunt, og p\u00e5 stranda kan du ligge og sole deg eller bygge fine sandslott. Eller kanskje du heller vil finne ditt eget \"hemmelige\" badested rundt p\u00e5 \u00f8ya?<\/p>\n<p>3. Se deg rundt p\u00e5 kystkultursenteret. Det er makrellutstilling i Saltebua, gamle motorer i motorbua og flere fine, gamle b\u00e5ter ved brygga. Kanskje er du s\u00e5 heldig \u00e5 treffe p\u00e5 b\u00e5tbyggerne i snekkerverkstedet?<\/p>\n<p style=\"text-align: left;\">4. Kj\u00f8p en is eller noe annet godt i kafeen i Saltebua. <a href=\"https:\/\/www.bragdoya.no\/index.php\/besokende\/apningstider\/\">\u00c5pningstider finner du her<\/a>.<\/p>\n<p style=\"text-align: left;\">5. G\u00e5 korte eller lange turer p\u00e5 \u00f8ya. Du kan f\u00f8lge bl\u00e5merket l\u00f8ype, eller utforske \u00f8ya p\u00e5 kryss og tvers. Gratis turkart finner du i kafeen. Det g\u00e5r villsauer p\u00e5 Bragd\u00f8ya hele \u00e5ret. Har du sett dem?<\/p>\n<p style=\"text-align: left;\">6. Ta med familien p\u00e5 overnatting. Ta med eget telt og camp gratis p\u00e5 \u00f8ya, eller lei en enkel hytte i hytteleiren.<\/p>\n<p style=\"text-align: left;\">7. Pr\u00f8v fiskelykken fra en av de mange gode fiskeplassene, eller fang krabber fra bryggekanten.<\/p>\n<p>8. Utfordre kunnskapene dine om b\u00e6rekraftsm\u00e5lene i b\u00e6rekraftstien. Du finner f\u00f8rste post p\u00e5 veggen til Saltebua.<\/p>\n<p style=\"text-align: left;\">9. Ta fine bilder og last dem opp p\u00e5 Instagram. Merk disse med #bragd\u00f8ya s\u00e5 flere kan se hvor fantastisk denne \u00f8ya er!<\/p>\n<p style=\"text-align: left;\">10. Historisk vandring. Det er mye spennende historie p\u00e5 Bragd\u00f8ya, og mange sm\u00e5 perler rundt omkring p\u00e5 \u00f8ya. Hent et turkart i kafeen, og se om du finner disse stedene:<\/p>\n<ul style=\"text-align: left;\">\n<li>Thaulows hus<\/li>\n<li>Krigsminnesmerke<\/li>\n<li>Dampskipsbrygga<\/li>\n<li>Majoren<\/li>\n<li>Chauss\u00e9en<\/li>\n<li>Bragd\u00f8ytangen<\/li>\n<li>Kongshavn<\/li>\n<li>Tobisen og Aubertdalen<\/li>\n<\/ul>\n<\/div>\n<\/div><\/div><\/div><\/div><\/div><div id=\"pg-602-3\"  class=\"panel-grid panel-has-style\" ><div class=\"so-parallax siteorigin-panels-stretch panel-row-style panel-row-style-for-602-3\" data-stretch-type=\"full-stretched\" ><img width=\"700\" height=\"162\" src=\"https:\/\/www.bragdoya.no\/wp-content\/uploads\/2018\/04\/A.Lindvig-Bragd\u00f8ya-bukta-juni-2014-red.jpg\" class=\"attachment-full size-full\" alt=\"\" decoding=\"async\" loading=\"eager\" data-siteorigin-parallax=\"true\" srcset=\"https:\/\/www.bragdoya.no\/wp-content\/uploads\/2018\/04\/A.Lindvig-Bragd\u00f8ya-bukta-juni-2014-red.jpg 700w, https:\/\/www.bragdoya.no\/wp-content\/uploads\/2018\/04\/A.Lindvig-Bragd\u00f8ya-bukta-juni-2014-red-300x69.jpg 300w\" sizes=\"(max-width: 700px) 100vw, 700px\" \/><div id=\"pgc-602-3-0\"  class=\"panel-grid-cell\" ><div id=\"panel-602-3-0-0\" class=\"so-panel widget widget_sow-editor panel-first-child panel-last-child\" data-index=\"3\" ><div\n\t\t\t\n\t\t\tclass=\"so-widget-sow-editor so-widget-sow-editor-base\"\n\t\t\t\n\t\t>\n<div class=\"siteorigin-widget-tinymce textwidget\">\n\t<\/div>\n<\/div><\/div><\/div><\/div><\/div><div id=\"pg-602-4\"  class=\"panel-grid panel-has-style\" ><div class=\"panel-row-style panel-row-style-for-602-4\" ><div id=\"pgc-602-4-0\"  class=\"panel-grid-cell\" ><div id=\"panel-602-4-0-0\" class=\"so-panel widget widget_sow-editor panel-first-child panel-last-child\" data-index=\"4\" ><div\n\t\t\t\n\t\t\tclass=\"so-widget-sow-editor so-widget-sow-editor-base\"\n\t\t\t\n\t\t>\n<div class=\"siteorigin-widget-tinymce textwidget\">\n\t<h3 style=\"text-align: left;\"><strong>Bragd\u00f8ya er ikke bare et sommerparadis<\/strong><\/h3>\n<\/div>\n<\/div><\/div><\/div><\/div><\/div><div id=\"pg-602-5\"  class=\"panel-grid panel-has-style\" ><div class=\"panel-row-style panel-row-style-for-602-5\" ><div id=\"pgc-602-5-0\"  class=\"panel-grid-cell\" ><div id=\"panel-602-5-0-0\" class=\"so-panel widget widget_sow-image panel-first-child panel-last-child\" data-index=\"5\" ><div\n\t\t\t\n\t\t\tclass=\"so-widget-sow-image so-widget-sow-image-default-dbf295114b96-602\"\n\t\t\t\n\t\t>\n<div class=\"sow-image-container\">\n\t\t<img \n\tsrc=\"https:\/\/www.bragdoya.no\/wp-content\/uploads\/2018\/04\/DSC_1824.jpg\" width=\"700\" height=\"394\" srcset=\"https:\/\/www.bragdoya.no\/wp-content\/uploads\/2018\/04\/DSC_1824.jpg 700w, https:\/\/www.bragdoya.no\/wp-content\/uploads\/2018\/04\/DSC_1824-300x169.jpg 300w\" sizes=\"(max-width: 700px) 100vw, 700px\" alt=\"\" loading=\"lazy\" \t\tclass=\"so-widget-image\"\/>\n\t<\/div>\n\n<\/div><\/div><\/div><\/div><\/div><div id=\"pg-602-6\"  class=\"panel-grid panel-has-style\" ><div class=\"panel-row-style panel-row-style-for-602-6\" ><div id=\"pgc-602-6-0\"  class=\"panel-grid-cell\" ><div id=\"panel-602-6-0-0\" class=\"so-panel widget widget_sow-editor panel-first-child panel-last-child\" data-index=\"6\" ><div\n\t\t\t\n\t\t\tclass=\"so-widget-sow-editor so-widget-sow-editor-base\"\n\t\t\t\n\t\t>\n<div class=\"siteorigin-widget-tinymce textwidget\">\n\t<p>Mange forbinder Bragd\u00f8ya og skj\u00e6rg\u00e5rden med sol og sommer, et yrende liv p\u00e5 stranda og is-k\u00f8 i kiosken. Men visste du at det er aktivitet p\u00e5 Bragd\u00f8ya hele \u00e5ret? Selv om det kanskje ikke frister med et bad, er det fortsatt mye spennende man kan finne p\u00e5. G\u00e5 p\u00e5 oppdagelsestur, pr\u00f8v fiskelykken, eller sl\u00e5 av en prat med en av de mange frivillige som er ute p\u00e5 \u00f8ya hver dag. Det er noe helt spesielt med \u00e5 ta turen over i ruskete h\u00f8stv\u00e6r, eller \u00e5 oppleve \u00f8ya dekket av frost eller sn\u00f8. Ruteb\u00e5ten g\u00e5r fra Lumber hele \u00e5ret - og den har ingen v\u00e6rforbehold!<\/p>\n<\/div>\n<\/div><\/div><\/div><\/div><\/div><\/div>","protected":false},"excerpt":{"rendered":"<p>Forslag til sommeraktiviteter p\u00e5 Bragd\u00f8ya<\/p>\n","protected":false},"author":1,"featured_media":0,"parent":291,"menu_order":4,"comment_status":"closed","ping_status":"closed","template":"","meta":[],"_links":{"self":[{"href":"https:\/\/www.bragdoya.no\/index.php\/wp-json\/wp\/v2\/pages\/602"}],"collection":[{"href":"https:\/\/www.bragdoya.no\/index.php\/wp-json\/wp\/v2\/pages"}],"about":[{"href":"https:\/\/www.bragdoya.no\/index.php\/wp-json\/wp\/v2\/types\/page"}],"author":[{"embeddable":true,"href":"https:\/\/www.bragdoya.no\/index.php\/wp-json\/wp\/v2\/users\/1"}],"replies":[{"embeddable":true,"href":"https:\/\/www.bragdoya.no\/index.php\/wp-json\/wp\/v2\/comments?post=602"}],"version-history":[{"count":61,"href":"https:\/\/www.bragdoya.no\/index.php\/wp-json\/wp\/v2\/pages\/602\/revisions"}],"predecessor-version":[{"id":9167,"href":"https:\/\/www.bragdoya.no\/index.php\/wp-json\/wp\/v2\/pages\/602\/revisions\/9167"}],"up":[{"embeddable":true,"href":"https:\/\/www.bragdoya.no\/index.php\/wp-json\/wp\/v2\/pages\/291"}],"wp:attachment":[{"href":"https:\/\/www.bragdoya.no\/index.php\/wp-json\/wp\/v2\/media?parent=602"}],"curies":[{"name":"wp","href":"https:\/\/api.w.org\/{rel}","templated":true}]}}