{"id":517,"date":"2018-03-13T18:14:46","date_gmt":"2018-03-13T18:14:46","guid":{"rendered":"https:\/\/henrikhilmer.com\/opedal\/?page_id=517"},"modified":"2026-04-29T12:57:39","modified_gmt":"2026-04-29T10:57:39","slug":"om-kystlaget","status":"publish","type":"page","link":"https:\/\/www.bragdoya.no\/index.php\/om-oss\/om-kystlaget\/","title":{"rendered":"Om kystlaget"},"content":{"rendered":"<div id=\"pl-517\"  class=\"panel-layout\" ><div id=\"pg-517-0\"  class=\"panel-grid panel-has-style\" ><div class=\"panel-row-style panel-row-style-for-517-0\" ><div id=\"pgc-517-0-0\"  class=\"panel-grid-cell\" ><div id=\"panel-517-0-0-0\" class=\"so-panel widget panel-first-child panel-last-child\" data-index=\"0\" ><\/div><\/div><\/div><\/div><div id=\"pg-517-1\"  class=\"panel-grid panel-has-style\" ><div class=\"panel-row-style panel-row-style-for-517-1\" ><div id=\"pgc-517-1-0\"  class=\"panel-grid-cell\" ><div id=\"panel-517-1-0-0\" class=\"so-panel widget widget_sow-editor panel-first-child panel-last-child\" data-index=\"1\" ><div class=\"panel-widget-style panel-widget-style-for-517-1-0-0\" ><div\n\t\t\t\n\t\t\tclass=\"so-widget-sow-editor so-widget-sow-editor-base\"\n\t\t\t\n\t\t>\n<div class=\"siteorigin-widget-tinymce textwidget\">\n\t<h3 style=\"text-align: left;\">Bragd\u00f8ya kystlag ble stiftet i 1986 som et lokallag av det nasjonale <a href=\"http:\/\/www.kysten.no\">Forbundet KYSTEN<\/a>. Kystlaget har v\u00e6rt drivkraften i utviklingen av Bragd\u00f8ya Kystkultursenter. I dag er det landets st\u00f8rste kystlag med rundt 850 medlemmer i alle aldersgrupper.<\/h3>\n<\/div>\n<\/div><\/div><\/div><\/div><div id=\"pgc-517-1-1\"  class=\"panel-grid-cell\" ><div id=\"panel-517-1-1-0\" class=\"so-panel widget widget_sow-image panel-first-child panel-last-child\" data-index=\"2\" ><div\n\t\t\t\n\t\t\tclass=\"so-widget-sow-image so-widget-sow-image-default-8b5b6f678277-517\"\n\t\t\t\n\t\t>\n<div class=\"sow-image-container\">\n\t\t<img \n\tsrc=\"https:\/\/www.bragdoya.no\/wp-content\/uploads\/2020\/01\/Bragd\u00f8ya-Kysten-Farger-2007-STORE.jpg\" width=\"1136\" height=\"576\" srcset=\"https:\/\/www.bragdoya.no\/wp-content\/uploads\/2020\/01\/Bragd\u00f8ya-Kysten-Farger-2007-STORE.jpg 1136w, https:\/\/www.bragdoya.no\/wp-content\/uploads\/2020\/01\/Bragd\u00f8ya-Kysten-Farger-2007-STORE-300x152.jpg 300w, https:\/\/www.bragdoya.no\/wp-content\/uploads\/2020\/01\/Bragd\u00f8ya-Kysten-Farger-2007-STORE-1024x519.jpg 1024w, https:\/\/www.bragdoya.no\/wp-content\/uploads\/2020\/01\/Bragd\u00f8ya-Kysten-Farger-2007-STORE-768x389.jpg 768w\" sizes=\"(max-width: 1136px) 100vw, 1136px\" title=\"Bragd\u00f8ya &#8211; Kysten\" alt=\"\" loading=\"lazy\" \t\tclass=\"so-widget-image\"\/>\n\t<\/div>\n\n<\/div><\/div><\/div><\/div><\/div><div id=\"pg-517-2\"  class=\"panel-grid panel-has-style\" ><div class=\"panel-row-style panel-row-style-for-517-2\" ><div id=\"pgc-517-2-0\"  class=\"panel-grid-cell\" ><div id=\"panel-517-2-0-0\" class=\"so-panel widget widget_sow-editor panel-first-child\" data-index=\"3\" ><div\n\t\t\t\n\t\t\tclass=\"so-widget-sow-editor so-widget-sow-editor-base\"\n\t\t\t\n\t\t>\n<div class=\"siteorigin-widget-tinymce textwidget\">\n\t<h3><strong>Mangfoldig arbeid<\/strong><\/h3>\n<p style=\"text-align: left;\">I tillegg til \u00e5 drive virksomheten p\u00e5 Bragd\u00f8ya har kystlaget ansvar for Gr\u00f8nningen fyr og for en stor samling tradisjonelle verneverdige b\u00e5ter. Laget arbeider med kulturvern, maritim kulturhistorie, kystfriluftsliv og sosiale og kulturelle kurs og arrangementer. Vi er opptatt av \u00e5 utvikle m\u00f8teplasser mellom fortid og n\u00e5tid, mellom generasjonene og mellom ulike kulturer og folkegrupper. Kort sagt - kystlaget er en ideell organisasjon som arbeider innenfor det mangfoldet som kan sammenfattes i begrepet kystkultur.<\/p>\n<p>&nbsp;<\/p>\n<h3 style=\"text-align: left;\"><strong>Visjon<\/strong><\/h3>\n<p style=\"text-align: left;\">Bragd\u00f8ya kystlag \u00f8nsker \u00e5:<\/p>\n<ul style=\"text-align: left;\">\n<li>V\u00e6re en aktiv kulturvernorganisasjon<\/li>\n<li>Skape et milj\u00f8 preget av mangfold, aktivitet og samarbeid mellom ulike aldersgrupper og mellom profesjonelle og amat\u00f8rer<\/li>\n<li>V\u00e6re en hovedakt\u00f8r i utvikling og drift av Bragd\u00f8ya Kystkultursenter<\/li>\n<\/ul>\n<p>&nbsp;<\/p>\n<\/div>\n<\/div><\/div><div id=\"panel-517-2-0-1\" class=\"so-panel widget widget_sow-button panel-last-child\" data-index=\"4\" ><div\n\t\t\t\n\t\t\tclass=\"so-widget-sow-button so-widget-sow-button-flat-1c2f72beecb3-517\"\n\t\t\t\n\t\t><div class=\"ow-button-base ow-button-align-left\"\n>\n\t\t\t<a\n\t\t\t\t\thref=\"https:\/\/www.bragdoya.no\/index.php\/om-oss\/vedtekter\/\"\n\t\t\t\t\tclass=\"sowb-button ow-icon-placement-left ow-button-hover\" \t>\n\t\t<span>\n\t\t\t\n\t\t\tV\u00e5re vedtekter\t\t<\/span>\n\t\t\t<\/a>\n\t<\/div>\n<\/div><\/div><\/div><\/div><\/div><div id=\"pg-517-3\"  class=\"panel-grid panel-has-style\" ><div class=\"so-parallax siteorigin-panels-stretch panel-row-style panel-row-style-for-517-3\" data-stretch-type=\"full-width-stretch\" ><img width=\"2560\" height=\"1707\" src=\"https:\/\/www.bragdoya.no\/wp-content\/uploads\/2020\/04\/IMG_6599-scaled.jpg\" class=\"attachment-full size-full\" alt=\"\" decoding=\"async\" loading=\"eager\" data-siteorigin-parallax=\"true\" srcset=\"https:\/\/www.bragdoya.no\/wp-content\/uploads\/2020\/04\/IMG_6599-scaled.jpg 2560w, https:\/\/www.bragdoya.no\/wp-content\/uploads\/2020\/04\/IMG_6599-300x200.jpg 300w, https:\/\/www.bragdoya.no\/wp-content\/uploads\/2020\/04\/IMG_6599-1024x683.jpg 1024w, https:\/\/www.bragdoya.no\/wp-content\/uploads\/2020\/04\/IMG_6599-768x512.jpg 768w, https:\/\/www.bragdoya.no\/wp-content\/uploads\/2020\/04\/IMG_6599-1536x1024.jpg 1536w, https:\/\/www.bragdoya.no\/wp-content\/uploads\/2020\/04\/IMG_6599-2048x1365.jpg 2048w, https:\/\/www.bragdoya.no\/wp-content\/uploads\/2020\/04\/IMG_6599-1620x1080.jpg 1620w, https:\/\/www.bragdoya.no\/wp-content\/uploads\/2020\/04\/IMG_6599-272x182.jpg 272w\" sizes=\"(max-width: 2560px) 100vw, 2560px\" \/><div id=\"pgc-517-3-0\"  class=\"panel-grid-cell\" ><div id=\"panel-517-3-0-0\" class=\"so-panel widget widget_sow-editor panel-first-child panel-last-child\" data-index=\"5\" ><div\n\t\t\t\n\t\t\tclass=\"so-widget-sow-editor so-widget-sow-editor-base\"\n\t\t\t\n\t\t>\n<div class=\"siteorigin-widget-tinymce textwidget\">\n\t<\/div>\n<\/div><\/div><\/div><\/div><\/div><div id=\"pg-517-4\"  class=\"panel-grid panel-has-style\" ><div class=\"panel-row-style panel-row-style-for-517-4\" ><div id=\"pgc-517-4-0\"  class=\"panel-grid-cell\" ><div id=\"panel-517-4-0-0\" class=\"so-panel widget widget_sow-editor panel-first-child panel-last-child\" data-index=\"6\" ><div\n\t\t\t\n\t\t\tclass=\"so-widget-sow-editor so-widget-sow-editor-base\"\n\t\t\t\n\t\t>\n<div class=\"siteorigin-widget-tinymce textwidget\">\n\t<h3 style=\"text-align: left;\">Styre<\/h3>\n<p style=\"text-align: left;\">Styret for Bragd\u00f8ya kystlag velges av \u00e5rsm\u00f8tet i mars hvert \u00e5r, og best\u00e5r av 7 styremedlemmer og 3 varamedlemmer. Styret s\u00f8rger for at laget drives etter vedtektene og m\u00e5lsettingen, forvalter \u00f8konomien og setter i gang aktiviteter etter de hovedlinjer som \u00e5rsm\u00f8tet trekker opp. Styret koordinerer tiltak og arrangementer til beste for medlemmene, samarbeider med andre foreninger og lag og s\u00f8rger for driften av Saltebua og for at omr\u00e5dene rundt er tilgjengelige for allmennheten.<\/p>\n<p style=\"text-align: left;\">Styret m\u00f8tes omtrent en gang i m\u00e5neden. I november hvert \u00e5r holdes et styreseminar der \u00e5rets drift blir evaluert og kursen for kommende \u00e5r stakes ut. Styremedlemmene kan kontaktes direkte, eller via kystlaget.<\/p>\n<\/div>\n<\/div><\/div><\/div><div id=\"pgc-517-4-1\"  class=\"panel-grid-cell\" ><div id=\"panel-517-4-1-0\" class=\"so-panel widget widget_sow-editor panel-first-child panel-last-child\" data-index=\"7\" ><div class=\"panel-widget-style panel-widget-style-for-517-4-1-0\" ><div\n\t\t\t\n\t\t\tclass=\"so-widget-sow-editor so-widget-sow-editor-base\"\n\t\t\t\n\t\t>\n<div class=\"siteorigin-widget-tinymce textwidget\">\n\t<p>I 2026 best\u00e5r styret av:<\/p>\n<ul style=\"text-align: left;\">\n<li style=\"list-style-type: none;\">\n<ul style=\"text-align: left;\">\n<li style=\"list-style-type: none;\">\n<ul style=\"text-align: left;\">\n<li><a href=\"styreleder@bragdoya.no\">Rune Ludvigsen<\/a> (Styreleder)<\/li>\n<li><a href=\"mailto:olav.rykkelid@icloud.com\">Olav Rykkelid<\/a> (Nestleder)<\/li>\n<li><a href=\"mailto:loesleby@online.no\">Ole Stian \u00d8slebye<\/a><\/li>\n<li><a href=\"mailto:kari.helene.wivestad@icloud.com\">Kari Helene Wivestad<\/a><\/li>\n<li>Knut Tveit<\/li>\n<li>Svein Bruce<\/li>\n<li>Martin Hauge<\/li>\n<\/ul>\n<\/li>\n<\/ul>\n<\/li>\n<\/ul>\n<p>&nbsp;<\/p>\n<p style=\"text-align: left;\">Varamedlemmer:<\/p>\n<ul>\n<li style=\"text-align: left;\">Marie Aaslie Reir\u00e5skag<\/li>\n<li style=\"text-align: left;\">Per Simonsen<\/li>\n<li style=\"text-align: left;\">May-Brith Ohman Nilsen<\/li>\n<\/ul>\n<p style=\"text-align: left;\">Daglig leder:<\/p>\n<ul>\n<li style=\"text-align: left;\"><a href=\"mailto:maiken@bragdoya.no\">Maiken Somby Fl\u00e5gan<\/a><\/li>\n<\/ul>\n<\/div>\n<\/div><\/div><\/div><\/div><\/div><\/div><div id=\"pg-517-5\"  class=\"panel-grid panel-has-style\" ><div class=\"panel-row-style panel-row-style-for-517-5\" ><div id=\"pgc-517-5-0\"  class=\"panel-grid-cell\" ><div id=\"panel-517-5-0-0\" class=\"so-panel widget widget_sow-button panel-first-child panel-last-child\" data-index=\"8\" ><div\n\t\t\t\n\t\t\tclass=\"so-widget-sow-button so-widget-sow-button-flat-1c2f72beecb3-517\"\n\t\t\t\n\t\t><div class=\"ow-button-base ow-button-align-left\"\n>\n\t\t\t<a\n\t\t\t\t\thref=\"https:\/\/www.bragdoya.no\/index.php\/kontakt-oss\/\"\n\t\t\t\t\tclass=\"sowb-button ow-icon-placement-left ow-button-hover\" \t>\n\t\t<span>\n\t\t\t\n\t\t\tKontakt oss\t\t<\/span>\n\t\t\t<\/a>\n\t<\/div>\n<\/div><\/div><\/div><\/div><\/div><div id=\"pg-517-6\"  class=\"panel-grid panel-has-style\" ><div class=\"panel-row-style panel-row-style-for-517-6\" ><div id=\"pgc-517-6-0\"  class=\"panel-grid-cell\" ><div id=\"panel-517-6-0-0\" class=\"so-panel widget widget_sow-editor panel-first-child panel-last-child\" data-index=\"9\" ><div\n\t\t\t\n\t\t\tclass=\"so-widget-sow-editor so-widget-sow-editor-base\"\n\t\t\t\n\t\t>\n<div class=\"siteorigin-widget-tinymce textwidget\">\n\t<\/div>\n<\/div><\/div><\/div><\/div><\/div><\/div>","protected":false},"excerpt":{"rendered":"<p>Bragd\u00f8ya kystlag ble stiftet i 1986 som et lokallag av det nasjonale Forbundet KYSTEN. Kystlaget har v\u00e6rt drivkraften i utviklingen av Bragd\u00f8ya Kystkultursenter. I dag er det landets st\u00f8rste kystlag med rundt 850 medlemmer i alle aldersgrupper.<\/p>\n","protected":false},"author":1,"featured_media":0,"parent":87,"menu_order":0,"comment_status":"closed","ping_status":"closed","template":"","meta":[],"_links":{"self":[{"href":"https:\/\/www.bragdoya.no\/index.php\/wp-json\/wp\/v2\/pages\/517"}],"collection":[{"href":"https:\/\/www.bragdoya.no\/index.php\/wp-json\/wp\/v2\/pages"}],"about":[{"href":"https:\/\/www.bragdoya.no\/index.php\/wp-json\/wp\/v2\/types\/page"}],"author":[{"embeddable":true,"href":"https:\/\/www.bragdoya.no\/index.php\/wp-json\/wp\/v2\/users\/1"}],"replies":[{"embeddable":true,"href":"https:\/\/www.bragdoya.no\/index.php\/wp-json\/wp\/v2\/comments?post=517"}],"version-history":[{"count":128,"href":"https:\/\/www.bragdoya.no\/index.php\/wp-json\/wp\/v2\/pages\/517\/revisions"}],"predecessor-version":[{"id":12520,"href":"https:\/\/www.bragdoya.no\/index.php\/wp-json\/wp\/v2\/pages\/517\/revisions\/12520"}],"up":[{"embeddable":true,"href":"https:\/\/www.bragdoya.no\/index.php\/wp-json\/wp\/v2\/pages\/87"}],"wp:attachment":[{"href":"https:\/\/www.bragdoya.no\/index.php\/wp-json\/wp\/v2\/media?parent=517"}],"curies":[{"name":"wp","href":"https:\/\/api.w.org\/{rel}","templated":true}]}}