{"id":3924,"date":"2018-12-06T23:29:35","date_gmt":"2018-12-06T22:29:35","guid":{"rendered":"http:\/\/henrikhe.com\/opedal\/?page_id=3924"},"modified":"2020-05-22T12:50:40","modified_gmt":"2020-05-22T10:50:40","slug":"personvernerklaering","status":"publish","type":"page","link":"https:\/\/www.bragdoya.no\/index.php\/personvernerklaering\/","title":{"rendered":"Personvernerkl\u00e6ring"},"content":{"rendered":"<div id=\"pl-3924\"  class=\"panel-layout\" ><div id=\"pg-3924-0\"  class=\"panel-grid panel-no-style\" ><div id=\"pgc-3924-0-0\"  class=\"panel-grid-cell\" ><div id=\"panel-3924-0-0-0\" class=\"so-panel widget widget_sow-editor panel-first-child panel-last-child\" data-index=\"0\" ><div\n\t\t\t\n\t\t\tclass=\"so-widget-sow-editor so-widget-sow-editor-base\"\n\t\t\t\n\t\t>\n<div class=\"siteorigin-widget-tinymce textwidget\">\n\t<h2><strong>Personvernerkl\u00e6ring for\u00a0Bragd\u00f8ya Kystlag<\/strong><\/h2>\n<p><strong>Bes\u00f8ksadresse:<\/strong><br \/>\nBragd\u00f8ya Kystkultursenter<br \/>\n4623 Kristiansand<\/p>\n<p><strong>Postadresse:<\/strong><br \/>\nPostboks 8317 V\u00e5gsbygd<br \/>\n4676 Kristiansand<\/p>\n<p>Erkl\u00e6ringen gjelder for f\u00f8lgende:\u00a0 bragdoya.no<\/p>\n<p>Bragd\u00f8ya Kystlag, ved daglig leder, er behandlingsansvarlig for behandling av personopplysninger.<\/p>\n<h2>Hvilke personopplysninger vi samler inn og hvorfor vi samler de inn<\/h2>\n<h3>Informasjonskapsler<\/h3>\n<p>Informasjonskapsler (cookies) er sm\u00e5 tekstfiler som blir plassert p\u00e5 datamaskinen din n\u00e5r du bes\u00f8ker en nettside.<\/p>\n<p>Form\u00e5let er b\u00e5de \u00e5 gj\u00f8re brukeropplevelsen bedre for deg ved at nettstedet husker innstillingene dine, hvilke sider du har bes\u00f8kt, innlogging og eventuelle brukernavn og andre opplysninger som du har lagt inn og vil at nettsiden skal huske slik at du slipper \u00e5 skrive dette inn for hver gang.<\/p>\n<p>Vi bruker ikke informasjonskapsler til \u00e5 se hvilke nettsider du bes\u00f8ker etter at du har v\u00e6rt p\u00e5 nettsidene v\u00e5re. Vi lagrer heller ikke informasjon som gj\u00f8r at vi kan identifisere deg som person.<\/p>\n<p>Det er frivillig for deg som bes\u00f8ker nettsidene \u00e5 oppgi personopplysninger i forbindelsen med \u00a0tjenester, for eksempel \u00e5 motta nyhetsbrev eller \u00e5 fylle ut og sende inn skjema.<\/p>\n<p>Hvis du bes\u00f8ker dette nettstedet s\u00e5 samler vi likevel inn avidentifiserte opplysninger om bes\u00f8ket gjennom verkt\u00f8yet\u00a0<a href=\"https:\/\/www.google.com\/analytics\/\">Google Analytics<\/a>. Form\u00e5let med dette er \u00e5 utarbeide statistikk som vi bruker til \u00e5 forbedre og videreutvikle informasjonstilbudet p\u00e5 nettstedene. Eksempel p\u00e5 hva statistikken gir svar p\u00e5, er hvor mange som bes\u00f8ker ulike sider p\u00e5 nettstedet, hvor lenge bes\u00f8ket varer, hvilke nettsteder brukerne kommer fra og hvilke nettlesere som blir brukt.<\/p>\n<p>Opplysningene blir behandlet i avidentifisert og aggregert form. Med avidentifisert mener vi at vi ikke kan spore opplysningene vi samler inn tilbake til den enkelte bruker. Vi samler inn hele IP-adressen, men IP-adressen blir avidentifisert slik at bare de tre f\u00f8rste gruppene i adressen blir bruk til \u00e5 generere statistikk. Det vil si at hvis IP-adressen best\u00e5r av nummerne 195.159.103.82, blir bare 195.159.103.xx brukt. I tillegg blir IP-adressene behandlet p\u00e5 aggregert niv\u00e5, det vil si at all data blir sl\u00e5tt sammen til \u00e8n gruppe og ikke behandle individuelt.<\/p>\n<p>Vi samler inn opplysninger du selv gir til oss og om bruk av tjenestene v\u00e5re. Dette inkluderer navn og epost dersom du abonnerer p\u00e5 et av v\u00e5re nyhetsbrev.<\/p>\n<p>I tillegg har vi mulighet for \u00e5 f\u00e5 tilgang til opplysninger som samles inn via tjenester tilknyttet v\u00e5re nettsider. Disse tjenestene er:<\/p>\n<ul>\n<li>Google Analytics (for \u00e5 analyse av nettrafikk) (<a href=\"https:\/\/www.google.com\/analytics\/terms\/us.html\" target=\"_blank\" rel=\"noopener\">Google Analytics personvernerkl\u00e6ring<\/a><\/li>\n<li>WordPress.com, for publiseringstjenester<\/li>\n<li>Mailchimp.com, for utsendelse av nyhetsbrev (<a href=\"https:\/\/mailchimp.com\/legal\/privacy\/\" target=\"_blank\" rel=\"noopener\">Mailchimps personvernekl\u00e6ring<\/a>)<\/li>\n<\/ul>\n<h3>Kommentarer<\/h3>\n<p>N\u00e5r bes\u00f8kende legger inn kommentarer p\u00e5 siden, lagres informasjonen gitt inn i kommentarskjemaet i tillegg til IP-adressen til den bes\u00f8kende og den bes\u00f8kendes nettleserversjon. Dette gj\u00f8res for \u00e5 bidra til \u00e5 unng\u00e5 useri\u00f8se kommentarer.<\/p>\n<p>En anonym tekststreng generert p\u00e5 grunnlag av e-postadressen din (ogs\u00e5 kalt en \u00abhash\u00bb) kan bli sendt til tjenesten Gravatar for \u00e5 unders\u00f8ke om du har en konto der. Personvernerkl\u00e6ringen til Gravatar ligger her: https:\/\/automattic.com\/privacy\/. Etter at kommentaren din er blitt godkjent, vil profilbildet ditt v\u00e6re synlig for hvem som helst i forbindelse med kommentaren din.<\/p>\n<h3>Media<\/h3>\n<p>Hvis du laster opp bilder til nettstedet, b\u00f8r du unng\u00e5 \u00e5 laste opp bilder som inneholder informasjon om stedet det er tatt (EXIF GPS). Bes\u00f8kende p\u00e5 siden kan laste ned og hente ut slik informasjon fra bilder p\u00e5 siden.<\/p>\n<h3>Kontaktskjemaer<\/h3>\n<p>N\u00e5r du kontakter oss via skjema p\u00e5 nettstedet, s\u00e5 blir de opplysningene du legger inn lagret bak innlogging p\u00e5 nettstedet, og er tilgjengelig for administrator og v\u00e5r dataleverand\u00f8r, i tillegg til at opplysningene blir sendt oss p\u00e5 epost. Sensitiv informasjon skal ikke sendes via skjema siden eposten med dataene blir sendt ukryptert. Vi lagrer opplysningene i v\u00e5re systemer s\u00e5 lenge det er behov for dem for \u00e5 kunne yte de tjenestene du ber om.<\/p>\n<h3>Innebygd innhold fra andre nettsteder<\/h3>\n<p>Artikler p\u00e5 denne siden kan inkludere innebygd innhold (f.eks. videoer, bilder, artikler osv.). Innebygd innhold fra andre nettsteder oppf\u00f8rer seg p\u00e5 n\u00f8yaktig samme m\u00e5te som om den bes\u00f8kende hadde bes\u00f8kt nettstedet som det innebygde innholdet kommer fra.<\/p>\n<p>Disse nettstedene kan samle inn opplysninger om deg, bruke informasjons kapsler, bygge inn sporingssystemer fra tredjeparter og overv\u00e5ke hva du gj\u00f8r via dette innebygde innholdet. Dette omfatter ogs\u00e5 sporing av handlingene dine via det innebygde innholdet dersom du har en konto og er logget inn p\u00e5 nettstedet.<\/p>\n<h3>Analyse<\/h3>\n<p>P\u00e5 bragdoya.no benyttes Google Analytics (<a href=\"https:\/\/www.google.com\/analytics\/\">https:\/\/www.google.com\/analytics\/<\/a>) for \u00e5 analysere informasjonen. Informasjonen som samles inn av Google Analytics, lagres p\u00e5 Googles servere i USA. Disse opplysningene er underlagt Googles retningslinjer for personvern. \u00a0(<a href=\"https:\/\/www.google.com\/intl\/no\/policies\/privacy\/\">https:\/\/www.google.com\/intl\/no\/policies\/privacy\/<\/a>)<\/p>\n<p dir=\"ltr\">Siden IP-adresser kan spores tilbake til en bestemt maskinvare og dermed en enkeltperson defineres dette som en personopplysning. Google Analytics avidentifiserer opplysningene f\u00f8r informasjonen lagres og bearbeides. Med avidentifisert menes at opplysningene som samles inn ikke kan spores tilbake til den enkelte bruker.<\/p>\n<p dir=\"ltr\">Det er kun Bragd\u00f8ya Kystlag som har tilgang til denne bes\u00f8ksstatistikken. Eksempler p\u00e5 data som lagres i bes\u00f8ksstatistikken er:<\/p>\n<ul>\n<li dir=\"ltr\">\n<p dir=\"ltr\">Operativsystem- og nettleserstatistikk.<\/p>\n<\/li>\n<li dir=\"ltr\">\n<p dir=\"ltr\">Hvilken nettadresse du kommer til bragdoya.no fra.<\/p>\n<\/li>\n<li dir=\"ltr\">\n<p dir=\"ltr\">Hvilke sider p\u00e5 bragdoya.no du klikker deg inn p\u00e5.<\/p>\n<\/li>\n<\/ul>\n<h2>Hvem vi deler dine opplysninger med<\/h2>\n<p>Vi deler ikke opplysningene med noen andre enn de tekniske partnerne som er nevnt.<\/p>\n<p>P\u00e5 alle nettstedene bruker vi informasjonskapsler (se forklaring lenger oppe). Hvis du fyller ut skjema p\u00e5 nettstedet blir dataene du fyller inn, sammen med tidspunkt og IP-adresse sendt til oss p\u00e5 epost, i tillegg til at de blir lagret bak kryptert p\u00e5logging i skjemaverkt\u00f8yet v\u00e5rt.<\/p>\n<h2>Hvor lenge vi oppbevarer opplysninger om deg<\/h2>\n<p>Hvis du legger igjen en kommentar, blir kommentaren og informasjon om kommentaren lagret p\u00e5 ubestemt tid. Dette er for at vi kan gjenkjenne oppf\u00f8lgings-kommentarer og godkjenne dem automatisk i stedet for \u00e5 legge dem i en k\u00f8 der de m\u00e5 godkjennes manuelt av en redakt\u00f8r.<\/p>\n<p>For brukere som registrerer seg p\u00e5 dette nettstedet (dersom denne muligheten eksisterer), lagres det ogs\u00e5 personopplysninger som de oppgir i brukerprofilen sin. Alle brukere kan se, redigere og slette sine egne personopplysninger n\u00e5r som helst (bortsett fra brukernavn). Nettstedets administratorer kan ogs\u00e5 se og redigere denne informasjonen.<\/p>\n<h2>Rettighetene dine n\u00e5r det gjelder opplysninger vi har om deg<\/h2>\n<p>Hvis du har en konto p\u00e5 dette nettstedet eller har lagt igjen kommentarer, kan du be om \u00e5 f\u00e5 en eksportfil som inneholder personopplysningene vi har om deg. Dette omfatter all data du har gitt oss. Du kan ogs\u00e5 be om at vi sletter alle personopplysninger vi har om deg. Dette omfatter ikke opplysninger vi er p\u00e5lagt \u00e5 lagre av administrative, juridiske eller sikkerhetsmessige \u00e5rsaker.<\/p>\n<h2>Hvor vi sender opplysninger om deg<\/h2>\n<p>Bes\u00f8kendes kommentarer kan bli kontrollert gjennom en automatisk gjenkjennelsestjeneste mot s\u00f8ppelkommentarer.<\/p>\n<h2>Din kontaktinformasjon<\/h2>\n<p>Dersom du bruker kontaktskjemaet for \u00e5 sende oss foresp\u00f8rsler, mottar vi en mail med innholdet av din foresp\u00f8rsel. Ingen av disse dataene lagres p\u00e5 nettstedet bragdoya.no, men kan lagres i personlige epostsystemer hos mottaker.<\/p>\n<h1>Tilleggsinformasjon<\/h1>\n<h2>Hvordan vi beskytter dine personopplysninger<\/h2>\n<p>Vi har tillit til at v\u00e5re partnere sikrer at data oppbevares forskriftsmessig. I verste fall vil noen f\u00e5 din epost-adresse og ditt navn i felles epost til medlemmene. Her sendes i utgangspunktet alle e-poster med blindkopi.<\/p>\n<h2>V\u00e5re rutiner for datalekkasjer<\/h2>\n<p>Det lagres ikke persondata p\u00e5 Bragdoya.no utover det som er nevnt over om informasjonskapsler, navn p\u00e5 de som kommenterer etc.<\/p>\n<h2>Hvilke tredjeparter vi mottar opplysninger fra<\/h2>\n<p>Ingen.<\/p>\n<h2>Hvilke automatiske avgj\u00f8relser som tas og\/eller hva slags profiler som bygges p\u00e5 grunnlag av brukernes opplysninger.<\/h2>\n<p>Ingen.<\/p>\n<h2>Opplysningskrav fra bransjelovgivning<\/h2>\n<p>Ingen kjente.<\/p>\n<\/div>\n<\/div><\/div><\/div><\/div><\/div>","protected":false},"excerpt":{"rendered":"<p>Personvernerkl\u00e6ring for\u00a0Bragd\u00f8ya Kystlag Bes\u00f8ksadresse: Bragd\u00f8ya Kystkultursenter 4623 Kristiansand Postadresse: Postboks 8317 V\u00e5gsbygd 4676 Kristiansand Erkl\u00e6ringen gjelder for f\u00f8lgende:\u00a0 bragdoya.no Bragd\u00f8ya Kystlag, ved daglig leder, er behandlingsansvarlig for behandling av personopplysninger. Hvilke personopplysninger vi samler inn og hvorfor vi samler de inn Informasjonskapsler Informasjonskapsler (cookies) er sm\u00e5 tekstfiler som blir plassert p\u00e5 datamaskinen din n\u00e5r du&hellip; <br \/> <a class=\"read-more\" href=\"https:\/\/www.bragdoya.no\/index.php\/personvernerklaering\/\">Read more<\/a><\/p>\n","protected":false},"author":1,"featured_media":0,"parent":0,"menu_order":0,"comment_status":"closed","ping_status":"closed","template":"pro\/page-templates\/boxed-page-with-small-header.php","meta":[],"_links":{"self":[{"href":"https:\/\/www.bragdoya.no\/index.php\/wp-json\/wp\/v2\/pages\/3924"}],"collection":[{"href":"https:\/\/www.bragdoya.no\/index.php\/wp-json\/wp\/v2\/pages"}],"about":[{"href":"https:\/\/www.bragdoya.no\/index.php\/wp-json\/wp\/v2\/types\/page"}],"author":[{"embeddable":true,"href":"https:\/\/www.bragdoya.no\/index.php\/wp-json\/wp\/v2\/users\/1"}],"replies":[{"embeddable":true,"href":"https:\/\/www.bragdoya.no\/index.php\/wp-json\/wp\/v2\/comments?post=3924"}],"version-history":[{"count":13,"href":"https:\/\/www.bragdoya.no\/index.php\/wp-json\/wp\/v2\/pages\/3924\/revisions"}],"predecessor-version":[{"id":6229,"href":"https:\/\/www.bragdoya.no\/index.php\/wp-json\/wp\/v2\/pages\/3924\/revisions\/6229"}],"wp:attachment":[{"href":"https:\/\/www.bragdoya.no\/index.php\/wp-json\/wp\/v2\/media?parent=3924"}],"curies":[{"name":"wp","href":"https:\/\/api.w.org\/{rel}","templated":true}]}}