{"id":3825,"date":"2018-12-06T22:26:21","date_gmt":"2018-12-06T21:26:21","guid":{"rendered":"http:\/\/henrikhe.com\/opedal\/?page_id=3825"},"modified":"2020-02-10T09:27:51","modified_gmt":"2020-02-10T08:27:51","slug":"baten-lister","status":"publish","type":"page","link":"https:\/\/www.bragdoya.no\/index.php\/om-oss\/vare-bater\/baten-lister\/","title":{"rendered":"B\u00e5ten &#8211; Lister"},"content":{"rendered":"<div id=\"pl-3825\"  class=\"panel-layout\" ><div id=\"pg-3825-0\"  class=\"panel-grid panel-has-style\" ><div class=\"panel-row-style panel-row-style-for-3825-0\" ><div id=\"pgc-3825-0-0\"  class=\"panel-grid-cell\" ><div id=\"panel-3825-0-0-0\" class=\"so-panel widget panel-first-child panel-last-child\" data-index=\"0\" ><\/div><\/div><\/div><\/div><div id=\"pg-3825-1\"  class=\"panel-grid panel-has-style\" ><div class=\"panel-row-style panel-row-style-for-3825-1\" ><div id=\"pgc-3825-1-0\"  class=\"panel-grid-cell panel-grid-cell-mobile-last\" ><div id=\"panel-3825-1-0-0\" class=\"so-panel widget widget_sow-editor panel-first-child panel-last-child\" data-index=\"1\" ><div\n\t\t\t\n\t\t\tclass=\"so-widget-sow-editor so-widget-sow-editor-base\"\n\t\t\t\n\t\t><h3 class=\"widget-title\">Lister<\/h3>\n<div class=\"siteorigin-widget-tinymce textwidget\">\n\t<\/div>\n<\/div><\/div><\/div><div id=\"pgc-3825-1-1\"  class=\"panel-grid-cell panel-grid-cell-empty\" ><\/div><\/div><\/div><div id=\"pg-3825-2\"  class=\"panel-grid panel-has-style\" ><div class=\"panel-row-style panel-row-style-for-3825-2\" ><div id=\"pgc-3825-2-0\"  class=\"panel-grid-cell\" ><div id=\"panel-3825-2-0-0\" class=\"so-panel widget widget_sow-editor panel-first-child panel-last-child\" data-index=\"2\" ><div\n\t\t\t\n\t\t\tclass=\"so-widget-sow-editor so-widget-sow-editor-base\"\n\t\t\t\n\t\t>\n<div class=\"siteorigin-widget-tinymce textwidget\">\n\t<p><strong>S\/S Lister<\/strong> er bygd p\u00e5 Lista i 1976\/77 av b\u00e5tbygger Karsten Brekne ved Lista treskipsbyggeri. Den ble sj\u00f8satt 25.mars 1977. B\u00e5ten ble konstruert etter modell av en dekket listerb\u00e5t fra 1865, som ble funnet p\u00e5 Stavanger sj\u00f8fartsmuseum. Prosjektet ble realisert gjennom salg av andeler og betydelig tilskudd av offent\u00aclige midler, blant annet fra Norsk kulturr\u00e5d. Hele byggeprosessen ble filmet.<\/p>\n<p>B\u00e5ten er bygd p\u00e5 tradisjonelt vis med trenagler i spant og saum, totalt 2600 stk, og er rigget med gaffelrigg. Det er inng\u00e5tt avtale om at b\u00e5ten skal vedlikeholdes etter antikvariske retningslinjer. Hovedm\u00e5let med \u00e5 bygge S\/S Lister var \u00e5 dokumentere og videref\u00f8re tradisjonelle byggemetoder og bruke b\u00e5ten i oppl\u00e6ring av barn og unge i seiling og sj\u00f8mannskap. I bruken skal det legges vekt p\u00e5 \u00e5 iva\u00acreta og videref\u00f8re kunnskap og erfaring fra kystkulturen.<\/p>\n<p>S\/S Lister har formelt sett v\u00e6rt eid av Foreningen Partsrederiet S\/S Lister fram til 2014. I l\u00f8pet av denne perioden har sj\u00f8spei\u00acderne i V\u00e5gsbygd, S\u00f8gne kommune, S\u00f8gne kystlag og Bragd\u00f8ya kystlag hatt drifts- og vedlikeholdsansvar for b\u00e5ten. I desember 2014 ble eierskapet for S\/S Lister overf\u00f8rt til Bragd\u00f8ya kystlag.<\/p>\n<p>De siste \u00e5rene har det skjedd store oppgraderinger av b\u00e5ten innvendig, med en del nytt interi\u00f8r, snekring, maling og lakking. Vinteren 2016\/2017 ble den gamle 30 hk Sabb diesel motoren byttet ut med en Yanmar 50 hk.<\/p>\n<p>B\u00e5ten er flittig i bruk med mange flotte seilturer b\u00e5de v\u00e5r og h\u00f8st.<\/p>\n<p>&nbsp;<\/p>\n<table border=\"0\" width=\"90%\" cellspacing=\"0\" cellpadding=\"0\">\n<tbody>\n<tr>\n<td colspan=\"2\" width=\"100%\"><strong>S\/S Lister<\/strong> (sk\u00f8yte, 1976\/77)<\/td>\n<\/tr>\n<tr>\n<td colspan=\"2\" valign=\"top\" width=\"100%\"><\/td>\n<\/tr>\n<tr>\n<td valign=\"top\" width=\"36%\">Egennavn<\/td>\n<td valign=\"top\" width=\"63%\">Lister<\/td>\n<\/tr>\n<tr>\n<td valign=\"top\" width=\"36%\">B\u00e5ttype<\/td>\n<td valign=\"top\" width=\"63%\">Listersk\u00f8yte<\/td>\n<\/tr>\n<tr>\n<td valign=\"top\" width=\"36%\">Lengde<\/td>\n<td valign=\"top\" width=\"63%\">35 fot<\/td>\n<\/tr>\n<tr>\n<td valign=\"top\" width=\"36%\">St\u00f8rste bredde<\/td>\n<td valign=\"top\" width=\"63%\">12 fot<\/td>\n<\/tr>\n<tr>\n<td valign=\"top\" width=\"36%\">Dyptg\u00e5ende<\/td>\n<td valign=\"top\" width=\"63%\">5 fot<\/td>\n<\/tr>\n<tr>\n<td valign=\"top\" width=\"36%\">Bygge\u00e5r<\/td>\n<td valign=\"top\" width=\"63%\">1976\/77<\/td>\n<\/tr>\n<tr>\n<td valign=\"top\" width=\"36%\">B\u00e5tbygger<\/td>\n<td valign=\"top\" width=\"63%\">Karsten Brekne, Lista treskipsbyggeri, Borhaug<\/td>\n<\/tr>\n<tr>\n<td valign=\"top\" width=\"36%\">Materialer<\/td>\n<td valign=\"top\" width=\"63%\">Furuhud p\u00e5 eikespant<\/td>\n<\/tr>\n<tr>\n<td valign=\"top\" width=\"36%\">Byggem\u00e5te<\/td>\n<td valign=\"top\" width=\"63%\">Klinkbygd med trenagler i spant og saum<\/td>\n<\/tr>\n<tr>\n<td valign=\"top\" width=\"36%\">Framdriftsmidler<\/td>\n<td valign=\"top\" width=\"63%\">Seil og motor<\/td>\n<\/tr>\n<tr>\n<td valign=\"top\" width=\"36%\">Motortype<\/td>\n<td valign=\"top\" width=\"63%\">Yanmar 50 hk<\/td>\n<\/tr>\n<tr>\n<td valign=\"top\" width=\"36%\">Seiltype<\/td>\n<td valign=\"top\" width=\"63%\">Gaffelrigg med storseil, fokk, klyver og toppseil<\/td>\n<\/tr>\n<tr>\n<td valign=\"top\" width=\"36%\">Seilareal<\/td>\n<td valign=\"top\" width=\"63%\">Ca 80 kvm<\/td>\n<\/tr>\n<tr>\n<td valign=\"top\" width=\"36%\">N\u00e5v\u00e6rende eier<\/td>\n<td valign=\"top\" width=\"63%\">Bragd\u00f8ya kystlag<\/td>\n<\/tr>\n<\/tbody>\n<\/table>\n<\/div>\n<\/div><\/div><\/div><div id=\"pgc-3825-2-1\"  class=\"panel-grid-cell\" ><div id=\"panel-3825-2-1-0\" class=\"so-panel widget widget_sow-image panel-first-child panel-last-child\" data-index=\"3\" ><div\n\t\t\t\n\t\t\tclass=\"so-widget-sow-image so-widget-sow-image-default-8b5b6f678277-3825\"\n\t\t\t\n\t\t>\n<div class=\"sow-image-container\">\n\t\t<img \n\tsrc=\"https:\/\/www.bragdoya.no\/wp-content\/uploads\/2018\/11\/Lister-b\u00e5t.jpg\" width=\"1400\" height=\"1050\" srcset=\"https:\/\/www.bragdoya.no\/wp-content\/uploads\/2018\/11\/Lister-b\u00e5t.jpg 1400w, https:\/\/www.bragdoya.no\/wp-content\/uploads\/2018\/11\/Lister-b\u00e5t-300x225.jpg 300w, https:\/\/www.bragdoya.no\/wp-content\/uploads\/2018\/11\/Lister-b\u00e5t-768x576.jpg 768w, https:\/\/www.bragdoya.no\/wp-content\/uploads\/2018\/11\/Lister-b\u00e5t-1024x768.jpg 1024w\" sizes=\"(max-width: 1400px) 100vw, 1400px\" title=\"Lister b\u00e5t\" alt=\"\" loading=\"lazy\" \t\tclass=\"so-widget-image\"\/>\n\t<\/div>\n\n<\/div><\/div><\/div><\/div><\/div><\/div>","protected":false},"excerpt":{"rendered":"<p>Lister S\/S Lister er bygd p\u00e5 Lista i 1976\/77 av b\u00e5tbygger Karsten Brekne ved Lista treskipsbyggeri. Den ble sj\u00f8satt 25.mars 1977. B\u00e5ten ble konstruert etter modell av en dekket listerb\u00e5t fra 1865, som ble funnet p\u00e5 Stavanger sj\u00f8fartsmuseum. Prosjektet ble realisert gjennom salg av andeler og betydelig tilskudd av offent\u00aclige midler, blant annet fra Norsk&hellip; <br \/> <a class=\"read-more\" href=\"https:\/\/www.bragdoya.no\/index.php\/om-oss\/vare-bater\/baten-lister\/\">Read more<\/a><\/p>\n","protected":false},"author":1,"featured_media":0,"parent":209,"menu_order":0,"comment_status":"closed","ping_status":"closed","template":"","meta":[],"_links":{"self":[{"href":"https:\/\/www.bragdoya.no\/index.php\/wp-json\/wp\/v2\/pages\/3825"}],"collection":[{"href":"https:\/\/www.bragdoya.no\/index.php\/wp-json\/wp\/v2\/pages"}],"about":[{"href":"https:\/\/www.bragdoya.no\/index.php\/wp-json\/wp\/v2\/types\/page"}],"author":[{"embeddable":true,"href":"https:\/\/www.bragdoya.no\/index.php\/wp-json\/wp\/v2\/users\/1"}],"replies":[{"embeddable":true,"href":"https:\/\/www.bragdoya.no\/index.php\/wp-json\/wp\/v2\/comments?post=3825"}],"version-history":[{"count":11,"href":"https:\/\/www.bragdoya.no\/index.php\/wp-json\/wp\/v2\/pages\/3825\/revisions"}],"predecessor-version":[{"id":5964,"href":"https:\/\/www.bragdoya.no\/index.php\/wp-json\/wp\/v2\/pages\/3825\/revisions\/5964"}],"up":[{"embeddable":true,"href":"https:\/\/www.bragdoya.no\/index.php\/wp-json\/wp\/v2\/pages\/209"}],"wp:attachment":[{"href":"https:\/\/www.bragdoya.no\/index.php\/wp-json\/wp\/v2\/media?parent=3825"}],"curies":[{"name":"wp","href":"https:\/\/api.w.org\/{rel}","templated":true}]}}