{"id":38,"date":"2018-02-28T22:43:06","date_gmt":"2018-02-28T22:43:06","guid":{"rendered":"https:\/\/henrikhilmer.com\/opedal\/?page_id=38"},"modified":"2025-12-05T11:34:43","modified_gmt":"2025-12-05T10:34:43","slug":"kontakt-oss","status":"publish","type":"page","link":"https:\/\/www.bragdoya.no\/index.php\/kontakt-oss\/","title":{"rendered":"Kontakt oss"},"content":{"rendered":"<div id=\"pl-38\"  class=\"panel-layout\" ><div id=\"pg-38-0\"  class=\"panel-grid panel-has-style\" ><div class=\"panel-row-style panel-row-style-for-38-0\" ><div id=\"pgc-38-0-0\"  class=\"panel-grid-cell\" ><div id=\"panel-38-0-0-0\" class=\"so-panel widget widget_sow-editor panel-first-child\" data-index=\"0\" ><div\n\t\t\t\n\t\t\tclass=\"so-widget-sow-editor so-widget-sow-editor-base\"\n\t\t\t\n\t\t>\n<div class=\"siteorigin-widget-tinymce textwidget\">\n\t<h2>Kontaktskjema<\/h2>\n<p>Har du sendt oss et sp\u00f8rsm\u00e5l vil vi svare s\u00e5 fort som mulig.<\/p>\n<p><strong>Vennligst oppgi hva det gjelder i emnefeltet.<\/strong><\/p>\n<\/div>\n<\/div><\/div><div id=\"panel-38-0-0-1\" class=\"so-panel widget widget_sow-button panel-last-child\" data-index=\"1\" ><div\n\t\t\t\n\t\t\tclass=\"so-widget-sow-button so-widget-sow-button-wire-61bb47762591-38\"\n\t\t\t\n\t\t><div class=\"ow-button-base ow-button-align-left\"\n>\n\t\t\t<a\n\t\t\t\t\thref=\"https:\/\/www.bragdoya.no\/index.php\/besokende\/utleie\/\"\n\t\t\t\t\tclass=\"sowb-button ow-icon-placement-left ow-button-hover\" \t>\n\t\t<span>\n\t\t\t\n\t\t\tFor booking av b\u00e5t billetter, overnatting og rob\u00e5ter, vennligst benytt v\u00e5rt bookingsystem.\t\t<\/span>\n\t\t\t<\/a>\n\t<\/div>\n<\/div><\/div><\/div><\/div><\/div><div id=\"pg-38-1\"  class=\"panel-grid panel-has-style\" ><div class=\"panel-row-style panel-row-style-for-38-1\" ><div id=\"pgc-38-1-0\"  class=\"panel-grid-cell\" ><div id=\"panel-38-1-0-0\" class=\"so-panel widget widget_sow-editor panel-first-child panel-last-child\" data-index=\"2\" ><div\n\t\t\t\n\t\t\tclass=\"so-widget-sow-editor so-widget-sow-editor-base\"\n\t\t\t\n\t\t>\n<div class=\"siteorigin-widget-tinymce textwidget\">\n\t<p style=\"text-align: left;\">\n<style id=\"wpforms-css-vars-304\">\n\t\t\t\t#wpforms-304 {<\/p>\n<p>\t\t\t}\n\t\t\t<\/style>\n<div class=\"wpforms-container wpforms-container-full wpforms-render-modern\" id=\"wpforms-304\">\n<form id=\"wpforms-form-304\" class=\"wpforms-validate wpforms-form\" data-formid=\"304\" method=\"post\" enctype=\"multipart\/form-data\" action=\"\/index.php\/wp-json\/wp\/v2\/pages\/38\" data-token=\"01960841a0ec2eb61e8c008791afccec\" data-token-time=\"1778461573\"><noscript class=\"wpforms-error-noscript\">Please enable JavaScript in your browser to complete this form.<\/noscript><\/p>\n<div id=\"wpforms-error-noscript\" style=\"display: none;\">Please enable JavaScript in your browser to complete this form.<\/div>\n<div class=\"wpforms-field-container\">\n<div id=\"wpforms-304-field_0-container\" class=\"wpforms-field wpforms-field-name\" data-field-id=\"0\"><label class=\"wpforms-field-label\" for=\"wpforms-304-field_0\">Navn <span class=\"wpforms-required-label\" aria-hidden=\"true\">*<\/span><\/label><input type=\"text\" id=\"wpforms-304-field_0\" class=\"wpforms-field-medium wpforms-field-required\" name=\"wpforms[fields][0]\" aria-errormessage=\"wpforms-304-field_0-error\" required><\/div>\n<div id=\"wpforms-304-field_1-container\" class=\"wpforms-field wpforms-field-email\" data-field-id=\"1\"><label class=\"wpforms-field-label\" for=\"wpforms-304-field_1\">Email <span class=\"wpforms-required-label\" aria-hidden=\"true\">*<\/span><\/label><input type=\"email\" id=\"wpforms-304-field_1\" class=\"wpforms-field-medium wpforms-field-required\" name=\"wpforms[fields][1]\" spellcheck=\"false\" aria-errormessage=\"wpforms-304-field_1-error\" required><\/div>\n<div id=\"wpforms-304-field_3-container\" class=\"wpforms-field wpforms-field-text\" data-field-id=\"3\"><label class=\"wpforms-field-label\" for=\"wpforms-304-field_3\">Emne<\/label><input type=\"text\" id=\"wpforms-304-field_3\" class=\"wpforms-field-medium\" name=\"wpforms[fields][3]\" aria-errormessage=\"wpforms-304-field_3-error\" ><\/div>\n<div id=\"wpforms-304-field_2-container\" class=\"wpforms-field wpforms-field-textarea\" data-field-id=\"2\"><label class=\"wpforms-field-label\" for=\"wpforms-304-field_2\">Melding <span class=\"wpforms-required-label\" aria-hidden=\"true\">*<\/span><\/label><textarea id=\"wpforms-304-field_2\" class=\"wpforms-field-medium wpforms-field-required\" name=\"wpforms[fields][2]\" aria-errormessage=\"wpforms-304-field_2-error\" required><\/textarea><\/div>\n<\/div>\n<p><!-- .wpforms-field-container --><\/p>\n<div class=\"wpforms-field wpforms-field-hp\"><label for=\"wpforms-304-field-hp\" class=\"wpforms-field-label\">Message<\/label><input type=\"text\" name=\"wpforms[hp]\" id=\"wpforms-304-field-hp\" class=\"wpforms-field-medium\"><\/div>\n<div class=\"wpforms-submit-container\" ><input type=\"hidden\" name=\"wpforms[id]\" value=\"304\"><input type=\"hidden\" name=\"page_title\" value=\"\"><input type=\"hidden\" name=\"page_url\" value=\"https:\/\/www.bragdoya.no\/index.php\/wp-json\/wp\/v2\/pages\/38\"><input type=\"hidden\" name=\"url_referer\" value=\"\"><button type=\"submit\" name=\"wpforms[submit]\" id=\"wpforms-submit-304\" class=\"wpforms-submit\" data-alt-text=\"Sender...\" data-submit-text=\"Send\" aria-live=\"assertive\" value=\"wpforms-submit\">Send<\/button><\/div>\n<\/form>\n<\/div>\n<p>  <!-- .wpforms-container --><\/p>\n<\/div>\n<\/div><\/div><\/div><\/div><\/div><div id=\"pg-38-2\"  class=\"panel-grid panel-has-style\" ><div class=\"panel-row-style panel-row-style-for-38-2\" ><div id=\"pgc-38-2-0\"  class=\"panel-grid-cell\" ><div id=\"panel-38-2-0-0\" class=\"so-panel widget widget_sow-button panel-first-child\" data-index=\"3\" ><div\n\t\t\t\n\t\t\tclass=\"so-widget-sow-button so-widget-sow-button-wire-144c983c4712-38\"\n\t\t\t\n\t\t><div class=\"ow-button-base ow-button-align-left\"\n>\n\t\t\t<a\n\t\t\t\t\thref=\"https:\/\/www.bragdoya.no\/index.php\/besokende\/rutetider\/\"\n\t\t\t\t\tclass=\"sowb-button ow-icon-placement-left ow-button-hover\" \t>\n\t\t<span>\n\t\t\t\n\t\t\tHer finner du informasjon om rutetidene\t\t<\/span>\n\t\t\t<\/a>\n\t<\/div>\n<\/div><\/div><div id=\"panel-38-2-0-1\" class=\"so-panel widget widget_sow-button panel-last-child\" data-index=\"4\" ><div\n\t\t\t\n\t\t\tclass=\"so-widget-sow-button so-widget-sow-button-wire-144c983c4712-38\"\n\t\t\t\n\t\t><div class=\"ow-button-base ow-button-align-left\"\n>\n\t\t\t<a\n\t\t\t\t\thref=\"https:\/\/www.bragdoya.no\/index.php\/besokende\/f-a-q\/\"\n\t\t\t\t\tclass=\"sowb-button ow-icon-placement-left ow-button-hover\" \t>\n\t\t<span>\n\t\t\t\n\t\t\tHer finner du svar p\u00e5 noen av de vanligste sp\u00f8rsm\u00e5lene vi f\u00e5r\t\t<\/span>\n\t\t\t<\/a>\n\t<\/div>\n<\/div><\/div><\/div><\/div><\/div><div id=\"pg-38-3\"  class=\"panel-grid panel-has-style\" ><div class=\"panel-row-style panel-row-style-for-38-3\" ><div id=\"pgc-38-3-0\"  class=\"panel-grid-cell\" ><div id=\"panel-38-3-0-0\" class=\"so-panel widget widget_sow-editor panel-first-child panel-last-child\" data-index=\"5\" ><div\n\t\t\t\n\t\t\tclass=\"so-widget-sow-editor so-widget-sow-editor-base\"\n\t\t\t\n\t\t>\n<div class=\"siteorigin-widget-tinymce textwidget\">\n\t<\/div>\n<\/div><\/div><\/div><\/div><\/div><div id=\"pg-38-4\"  class=\"panel-grid panel-has-style\" ><div class=\"panel-row-style panel-row-style-for-38-4\" ><div id=\"pgc-38-4-0\"  class=\"panel-grid-cell\" ><div id=\"panel-38-4-0-0\" class=\"so-panel widget widget_sow-editor panel-first-child panel-last-child\" data-index=\"6\" ><div\n\t\t\t\n\t\t\tclass=\"so-widget-sow-editor so-widget-sow-editor-base\"\n\t\t\t\n\t\t>\n<div class=\"siteorigin-widget-tinymce textwidget\">\n\t<h3>Kontaktinformasjon<\/h3>\n<p style=\"text-align: left;\"><span class=\"adr\"><strong>Bes\u00f8ksadresse:<\/strong> Bragd\u00f8ya kystkultursenter, 4623 Kristiansand<\/span><\/p>\n<p style=\"text-align: left;\"><strong>Postadresse:<\/strong>\u00a0<span class=\"adr\">Postboks 8317 V\u00e5gsbygd, 4676 Kristiansand<\/span><\/p>\n<p style=\"text-align: left;\"><strong>E-post:<\/strong> saltebua@bragdoya.no<\/p>\n<p style=\"text-align: left;\"><strong>Telefon:<\/strong> 414 89 500<\/p>\n<p>&nbsp;<\/p>\n<p>Kontoret er stort sett bemannet mandag til fredag fra 08.00 - 15.15, med unntak av fri- og helligdager.<\/p>\n<\/div>\n<\/div><\/div><\/div><div id=\"pgc-38-4-1\"  class=\"panel-grid-cell panel-grid-cell-empty\" ><\/div><div id=\"pgc-38-4-2\"  class=\"panel-grid-cell\" ><div id=\"panel-38-4-2-0\" class=\"so-panel widget widget_sow-editor panel-first-child panel-last-child\" data-index=\"7\" ><div\n\t\t\t\n\t\t\tclass=\"so-widget-sow-editor so-widget-sow-editor-base\"\n\t\t\t\n\t\t>\n<div class=\"siteorigin-widget-tinymce textwidget\">\n\t<h4><\/h4>\n<h4 style=\"text-align: left;\">Kapteiner<\/h4>\n<p>Bragd\u00f8yab\u00e5ten: Jan Terkelsen<\/p>\n<p>MB H\u00f8llen: Ove Dag Johnsen<\/p>\n<p>MS Bragd\u00f8ya: Geir Bu\u00e5s<\/p>\n<p>Telefon MS Bragd\u00f8ya: 974 79 440<\/p>\n<p>&nbsp;<\/p>\n<h4>Vertskap (ca. uke 26 - 32)<\/h4>\n<p>Gr\u00f8nningen: 951 02 523<\/p>\n<p>Vogts Villa: 481 98 584<\/p>\n<p>Bragd\u00f8ya: 916 76 177<\/p>\n<\/div>\n<\/div><\/div><\/div><\/div><\/div><div id=\"pg-38-5\"  class=\"panel-grid panel-has-style\" ><div class=\"siteorigin-panels-stretch panel-row-style panel-row-style-for-38-5\" data-stretch-type=\"full-width-stretch\" ><div id=\"pgc-38-5-0\"  class=\"panel-grid-cell\" ><div id=\"panel-38-5-0-0\" class=\"so-panel widget widget_sow-google-map panel-first-child panel-last-child\" data-index=\"8\" ><div\n\t\t\t\n\t\t\tclass=\"so-widget-sow-google-map so-widget-sow-google-map-default-6b23895f316e-38\"\n\t\t\t\n\t\t>\n<div class=\"sow-google-map-canvas\"\n\tstyle=\"\"\n\tid=\"map-canvas-8b3d436010e0cd16d38f1edd3981d21d\"\n\tdata-options=\"{&quot;address&quot;:&quot;58.120516, 7.983748&quot;,&quot;zoom&quot;:12,&quot;mobileZoom&quot;:12,&quot;gestureHandling&quot;:&quot;cooperative&quot;,&quot;disableUi&quot;:false,&quot;markerIcon&quot;:false,&quot;markersDraggable&quot;:false,&quot;markerAtCenter&quot;:true,&quot;markerInfoDisplay&quot;:&quot;click&quot;,&quot;markerInfoMultiple&quot;:true,&quot;markerPositions&quot;:false,&quot;mapName&quot;:false,&quot;mapStyles&quot;:false,&quot;directions&quot;:&quot;&quot;,&quot;apiKey&quot;:&quot;AIzaSyCZklnKDK12z5ox-BOWzEErl8ia1cL1sVk&quot;,&quot;breakpoint&quot;:780,&quot;id&quot;:&quot;6a012b&quot;}\"\n\tdata-fallback-image=\"{&quot;img&quot;:&quot;&quot;}\"><\/div>\n<\/div><\/div><\/div><\/div><\/div><\/div>","protected":false},"excerpt":{"rendered":"<p>Kontaktskjema Har du sendt oss et sp\u00f8rsm\u00e5l vil vi svare s\u00e5 fort som mulig. Vennligst oppgi hva det gjelder i emnefeltet.<\/p>\n","protected":false},"author":1,"featured_media":0,"parent":0,"menu_order":0,"comment_status":"closed","ping_status":"closed","template":"","meta":[],"_links":{"self":[{"href":"https:\/\/www.bragdoya.no\/index.php\/wp-json\/wp\/v2\/pages\/38"}],"collection":[{"href":"https:\/\/www.bragdoya.no\/index.php\/wp-json\/wp\/v2\/pages"}],"about":[{"href":"https:\/\/www.bragdoya.no\/index.php\/wp-json\/wp\/v2\/types\/page"}],"author":[{"embeddable":true,"href":"https:\/\/www.bragdoya.no\/index.php\/wp-json\/wp\/v2\/users\/1"}],"replies":[{"embeddable":true,"href":"https:\/\/www.bragdoya.no\/index.php\/wp-json\/wp\/v2\/comments?post=38"}],"version-history":[{"count":98,"href":"https:\/\/www.bragdoya.no\/index.php\/wp-json\/wp\/v2\/pages\/38\/revisions"}],"predecessor-version":[{"id":12256,"href":"https:\/\/www.bragdoya.no\/index.php\/wp-json\/wp\/v2\/pages\/38\/revisions\/12256"}],"wp:attachment":[{"href":"https:\/\/www.bragdoya.no\/index.php\/wp-json\/wp\/v2\/media?parent=38"}],"curies":[{"name":"wp","href":"https:\/\/api.w.org\/{rel}","templated":true}]}}