{"id":3414,"date":"2018-05-03T17:07:44","date_gmt":"2018-05-03T15:07:44","guid":{"rendered":"http:\/\/henrikhe.com\/opedal\/?page_id=3414"},"modified":"2019-08-02T10:52:22","modified_gmt":"2019-08-02T08:52:22","slug":"baten-bragdoyabaten","status":"publish","type":"page","link":"https:\/\/www.bragdoya.no\/index.php\/om-oss\/vare-bater\/baten-bragdoyabaten\/","title":{"rendered":"B\u00e5ten &#8211; Bragd\u00f8yab\u00e5ten"},"content":{"rendered":"<div id=\"pl-3414\"  class=\"panel-layout\" ><div id=\"pg-3414-0\"  class=\"panel-grid panel-has-style\" ><div class=\"panel-row-style panel-row-style-for-3414-0\" ><div id=\"pgc-3414-0-0\"  class=\"panel-grid-cell\" ><div id=\"panel-3414-0-0-0\" class=\"so-panel widget panel-first-child panel-last-child\" data-index=\"0\" ><\/div><\/div><\/div><\/div><div id=\"pg-3414-1\"  class=\"panel-grid panel-has-style\" ><div class=\"panel-row-style panel-row-style-for-3414-1\" ><div id=\"pgc-3414-1-0\"  class=\"panel-grid-cell panel-grid-cell-mobile-last\" ><div id=\"panel-3414-1-0-0\" class=\"so-panel widget widget_sow-editor panel-first-child panel-last-child\" data-index=\"1\" ><div\n\t\t\t\n\t\t\tclass=\"so-widget-sow-editor so-widget-sow-editor-base\"\n\t\t\t\n\t\t><h3 class=\"widget-title\">Bragd\u00f8yab\u00e5ten<\/h3>\n<div class=\"siteorigin-widget-tinymce textwidget\">\n\t<\/div>\n<\/div><\/div><\/div><div id=\"pgc-3414-1-1\"  class=\"panel-grid-cell panel-grid-cell-empty\" ><\/div><\/div><\/div><div id=\"pg-3414-2\"  class=\"panel-grid panel-has-style\" ><div class=\"panel-row-style panel-row-style-for-3414-2\" ><div id=\"pgc-3414-2-0\"  class=\"panel-grid-cell\" ><div id=\"panel-3414-2-0-0\" class=\"so-panel widget widget_sow-image panel-first-child\" data-index=\"2\" ><div\n\t\t\t\n\t\t\tclass=\"so-widget-sow-image so-widget-sow-image-default-8b5b6f678277-3414\"\n\t\t\t\n\t\t>\n<div class=\"sow-image-container\">\n\t\t<img \n\tsrc=\"https:\/\/www.bragdoya.no\/wp-content\/uploads\/2018\/05\/bragdoyabaten1-e1568358405506.jpg\" width=\"300\" height=\"201\" sizes=\"(max-width: 300px) 100vw, 300px\" title=\"Bragd\u00f8yab\u00e5ten\" alt=\"\" loading=\"lazy\" \t\tclass=\"so-widget-image\"\/>\n\t<\/div>\n\n<\/div><\/div><div id=\"panel-3414-2-0-1\" class=\"so-panel widget widget_sow-editor panel-last-child\" data-index=\"3\" ><div\n\t\t\t\n\t\t\tclass=\"so-widget-sow-editor so-widget-sow-editor-base\"\n\t\t\t\n\t\t>\n<div class=\"siteorigin-widget-tinymce textwidget\">\n\t<p>Bragd\u00f8yab\u00e5ten er kystlagets ruteb\u00e5t, og trafikkerer mellom Lumber og Bragd\u00f8ya flere ganger daglig. B\u00e5ten er sertifisert for 30 personer. Tusenvis av barnehagebarn, skoleelever, pensjonister, festdeltakere og badegjester har betalt den meget rimelige billettprisen for \u00e5 komme til Bragd\u00f8ya. Skipper Jan, eller en av kystlagets frivillige b\u00e5tf\u00f8rere tar gjestene trygt over bukta. I f\u00f8lge en lokal utregning har Bragd\u00f8yab\u00e5ten kj\u00f8rt en strekning tilsvarende halvannen gang rundt ekvator. I 2012 ble det satt styrhus p\u00e5 b\u00e5ten for \u00e5 \u00f8ke bekvemmeligheten for skipperen.<\/p>\n<\/div>\n<\/div><\/div><\/div><\/div><\/div><\/div>","protected":false},"excerpt":{"rendered":"<p>Bragd\u00f8yab\u00e5ten Bragd\u00f8yab\u00e5ten er kystlagets ruteb\u00e5t, og trafikkerer mellom Lumber og Bragd\u00f8ya flere ganger daglig. B\u00e5ten er sertifisert for 30 personer. Tusenvis av barnehagebarn, skoleelever, pensjonister, festdeltakere og badegjester har betalt den meget rimelige billettprisen for \u00e5 komme til Bragd\u00f8ya. Skipper Jan, eller en av kystlagets frivillige b\u00e5tf\u00f8rere tar gjestene trygt over bukta. I f\u00f8lge en&hellip; <br \/> <a class=\"read-more\" href=\"https:\/\/www.bragdoya.no\/index.php\/om-oss\/vare-bater\/baten-bragdoyabaten\/\">Read more<\/a><\/p>\n","protected":false},"author":1,"featured_media":0,"parent":209,"menu_order":0,"comment_status":"closed","ping_status":"closed","template":"","meta":[],"_links":{"self":[{"href":"https:\/\/www.bragdoya.no\/index.php\/wp-json\/wp\/v2\/pages\/3414"}],"collection":[{"href":"https:\/\/www.bragdoya.no\/index.php\/wp-json\/wp\/v2\/pages"}],"about":[{"href":"https:\/\/www.bragdoya.no\/index.php\/wp-json\/wp\/v2\/types\/page"}],"author":[{"embeddable":true,"href":"https:\/\/www.bragdoya.no\/index.php\/wp-json\/wp\/v2\/users\/1"}],"replies":[{"embeddable":true,"href":"https:\/\/www.bragdoya.no\/index.php\/wp-json\/wp\/v2\/comments?post=3414"}],"version-history":[{"count":14,"href":"https:\/\/www.bragdoya.no\/index.php\/wp-json\/wp\/v2\/pages\/3414\/revisions"}],"predecessor-version":[{"id":4679,"href":"https:\/\/www.bragdoya.no\/index.php\/wp-json\/wp\/v2\/pages\/3414\/revisions\/4679"}],"up":[{"embeddable":true,"href":"https:\/\/www.bragdoya.no\/index.php\/wp-json\/wp\/v2\/pages\/209"}],"wp:attachment":[{"href":"https:\/\/www.bragdoya.no\/index.php\/wp-json\/wp\/v2\/media?parent=3414"}],"curies":[{"name":"wp","href":"https:\/\/api.w.org\/{rel}","templated":true}]}}