{"id":3105,"date":"2018-04-27T17:39:21","date_gmt":"2018-04-27T15:39:21","guid":{"rendered":"http:\/\/henrikhe.com\/opedal\/?page_id=3105"},"modified":"2021-02-04T09:23:37","modified_gmt":"2021-02-04T08:23:37","slug":"bibliotek-1","status":"publish","type":"page","link":"https:\/\/www.bragdoya.no\/index.php\/for-medlemmer\/bibliotek-1\/","title":{"rendered":"Bibliotek"},"content":{"rendered":"<div id=\"pl-3105\"  class=\"panel-layout\" ><div id=\"pg-3105-0\"  class=\"panel-grid panel-has-style\" ><div class=\"panel-row-style panel-row-style-for-3105-0\" ><div id=\"pgc-3105-0-0\"  class=\"panel-grid-cell\" ><div id=\"panel-3105-0-0-0\" class=\"so-panel widget panel-first-child panel-last-child\" data-index=\"0\" ><\/div><\/div><\/div><\/div><div id=\"pg-3105-1\"  class=\"panel-grid panel-has-style\" ><div class=\"panel-row-style panel-row-style-for-3105-1\" ><div id=\"pgc-3105-1-0\"  class=\"panel-grid-cell\" ><div id=\"panel-3105-1-0-0\" class=\"so-panel widget widget_sow-editor panel-first-child panel-last-child\" data-index=\"1\" ><div\n\t\t\t\n\t\t\tclass=\"so-widget-sow-editor so-widget-sow-editor-base\"\n\t\t\t\n\t\t>\n<div class=\"siteorigin-widget-tinymce textwidget\">\n\t<h3 style=\"text-align: left;\"><strong>BIBLIOTEK<\/strong><\/h3>\n<p style=\"text-align: left;\">I andre etasje i Saltebua ligger Det bl\u00e5 rommet. Her finner du kystlagets bibliotek med en stadig voksende samling av kystrelaterte b\u00f8ker. Her kan du sitte i godstolen og lese en god bok, eller l\u00e5ne med deg en hjem.<\/p>\n<p style=\"text-align: left;\">P\u00e5 <a href=\"http:\/\/no.librarything.com\/catalog\/kystbiblioteketbk\" target=\"_blank\" rel=\"noopener\">librarything<\/a> kan du finne oversikt over hvilke b\u00f8ker vi har p\u00e5 v\u00e5rt bibliotek.<\/p>\n<p style=\"text-align: left;\">Vi \u00f8nsker stadig flere b\u00f8ker til v\u00e5rt kystkulturbibliotek. Har du noe \u00e5 avse, s\u00e5 tar vi gjerne imot. Alt som omhandler lagets virkefelt er interessant.<\/p>\n<p style=\"text-align: left;\">Ved utl\u00e5n m\u00e5 b\u00f8kene leveres tilbake innen 4 uker.<\/p>\n<\/div>\n<\/div><\/div><\/div><\/div><\/div><\/div>","protected":false},"excerpt":{"rendered":"<p>BIBLIOTEK I andre etasje i Saltebua ligger Det bl\u00e5 rommet. Her finner du kystlagets bibliotek med en stadig voksende samling av kystrelaterte b\u00f8ker. Her kan du sitte i godstolen og lese en god bok, eller l\u00e5ne med deg en hjem. P\u00e5 librarything kan du finne oversikt over hvilke b\u00f8ker vi har p\u00e5 v\u00e5rt bibliotek. Vi&hellip; <br \/> <a class=\"read-more\" href=\"https:\/\/www.bragdoya.no\/index.php\/for-medlemmer\/bibliotek-1\/\">Read more<\/a><\/p>\n","protected":false},"author":1,"featured_media":0,"parent":62,"menu_order":4,"comment_status":"closed","ping_status":"closed","template":"","meta":[],"_links":{"self":[{"href":"https:\/\/www.bragdoya.no\/index.php\/wp-json\/wp\/v2\/pages\/3105"}],"collection":[{"href":"https:\/\/www.bragdoya.no\/index.php\/wp-json\/wp\/v2\/pages"}],"about":[{"href":"https:\/\/www.bragdoya.no\/index.php\/wp-json\/wp\/v2\/types\/page"}],"author":[{"embeddable":true,"href":"https:\/\/www.bragdoya.no\/index.php\/wp-json\/wp\/v2\/users\/1"}],"replies":[{"embeddable":true,"href":"https:\/\/www.bragdoya.no\/index.php\/wp-json\/wp\/v2\/comments?post=3105"}],"version-history":[{"count":16,"href":"https:\/\/www.bragdoya.no\/index.php\/wp-json\/wp\/v2\/pages\/3105\/revisions"}],"predecessor-version":[{"id":6761,"href":"https:\/\/www.bragdoya.no\/index.php\/wp-json\/wp\/v2\/pages\/3105\/revisions\/6761"}],"up":[{"embeddable":true,"href":"https:\/\/www.bragdoya.no\/index.php\/wp-json\/wp\/v2\/pages\/62"}],"wp:attachment":[{"href":"https:\/\/www.bragdoya.no\/index.php\/wp-json\/wp\/v2\/media?parent=3105"}],"curies":[{"name":"wp","href":"https:\/\/api.w.org\/{rel}","templated":true}]}}