{"id":275,"date":"2018-03-06T13:56:32","date_gmt":"2018-03-06T13:56:32","guid":{"rendered":"https:\/\/henrikhilmer.com\/opedal\/?page_id=275"},"modified":"2023-11-17T09:29:08","modified_gmt":"2023-11-17T08:29:08","slug":"kystled-sor","status":"publish","type":"page","link":"https:\/\/www.bragdoya.no\/index.php\/besokende\/utleie\/kystled-sor\/","title":{"rendered":"Kystled S\u00f8r"},"content":{"rendered":"<div id=\"pl-275\"  class=\"panel-layout\" ><div id=\"pg-275-0\"  class=\"panel-grid panel-has-style\" ><div class=\"panel-row-style panel-row-style-for-275-0\" ><div id=\"pgc-275-0-0\"  class=\"panel-grid-cell\" ><div id=\"panel-275-0-0-0\" class=\"so-panel widget widget_sow-editor panel-first-child panel-last-child\" data-index=\"0\" ><div class=\"panel-widget-style panel-widget-style-for-275-0-0-0\" ><div\n\t\t\t\n\t\t\tclass=\"so-widget-sow-editor so-widget-sow-editor-base\"\n\t\t\t\n\t\t>\n<div class=\"siteorigin-widget-tinymce textwidget\">\n\t<h3 style=\"text-align: left;\"><em>Kystled er basert p\u00e5 tidligere tiders ferdsel langs kysten med tradisjonelle ro- og seilb\u00e5ter. Form\u00e5let med kystledsatsingen er \u00e5 gi alle muligheten til \u00e5 v\u00e6re p\u00e5 sj\u00f8en, og til \u00e5 ferdes der p\u00e5 en fredelig og milj\u00f8vennlig m\u00e5te.<\/em><\/h3>\n<\/div>\n<\/div><\/div><\/div><\/div><\/div><\/div><div id=\"pg-275-1\"  class=\"panel-grid panel-has-style\" ><div class=\"so-parallax siteorigin-panels-stretch panel-row-style panel-row-style-for-275-1\" data-stretch-type=\"full-stretched\" ><img width=\"677\" height=\"450\" src=\"https:\/\/www.bragdoya.no\/wp-content\/uploads\/2018\/04\/A.Lindvig-IMGP5372.jpg\" class=\"attachment-full size-full\" alt=\"\" decoding=\"async\" loading=\"eager\" data-siteorigin-parallax=\"true\" srcset=\"https:\/\/www.bragdoya.no\/wp-content\/uploads\/2018\/04\/A.Lindvig-IMGP5372.jpg 677w, https:\/\/www.bragdoya.no\/wp-content\/uploads\/2018\/04\/A.Lindvig-IMGP5372-300x199.jpg 300w, https:\/\/www.bragdoya.no\/wp-content\/uploads\/2018\/04\/A.Lindvig-IMGP5372-272x182.jpg 272w\" sizes=\"(max-width: 677px) 100vw, 677px\" \/><div id=\"pgc-275-1-0\"  class=\"panel-grid-cell\" ><div id=\"panel-275-1-0-0\" class=\"so-panel widget widget_sow-editor panel-first-child panel-last-child\" data-index=\"1\" ><div\n\t\t\t\n\t\t\tclass=\"so-widget-sow-editor so-widget-sow-editor-base\"\n\t\t\t\n\t\t>\n<div class=\"siteorigin-widget-tinymce textwidget\">\n\t<\/div>\n<\/div><\/div><\/div><\/div><\/div><div id=\"pg-275-2\"  class=\"panel-grid panel-has-style\" ><div class=\"panel-row-style panel-row-style-for-275-2\" ><div id=\"pgc-275-2-0\"  class=\"panel-grid-cell\" ><div id=\"panel-275-2-0-0\" class=\"so-panel widget widget_sow-editor panel-first-child panel-last-child\" data-index=\"2\" ><div\n\t\t\t\n\t\t\tclass=\"so-widget-sow-editor so-widget-sow-editor-base\"\n\t\t\t\n\t\t>\n<div class=\"siteorigin-widget-tinymce textwidget\">\n\t<h2 style=\"text-align: left;\">Den nasjonale kystleden<\/h2>\n<p style=\"text-align: left;\">Den nasjonale kystleden er en nasjonal satsing som <a class=\"external\" href=\"http:\/\/www.friluftsrad.no\/\">Friluftsr\u00e5denes Landsforbund<\/a>,\u00a0<a class=\"external\" href=\"http:\/\/www.kysten.no\/\">Forbundet KYSTEN<\/a>, <a class=\"external\" href=\"https:\/\/www.dnt.no\/\">Den Norske Turistforening<\/a>, <a href=\"http:\/\/www.fyr.no\">Norsk Fyrhistorisk Forening<\/a> og <a href=\"http:\/\/padling.no\">Norges Padleforbund<\/a> st\u00e5r bak. Nasjonal Kystledgruppe jobber for \u00e5 danne et sammenhengende tilbud med kyststier, ro- og padleruter, dagsturhytter og overnattingssteder langs hele kysten. Informasjon om kystledene finner du p\u00e5 <a href=\"http:\/\/www.kystled.no\/\" target=\"_blank\" rel=\"noopener\">www.kystled.no<\/a>.<\/p>\n<\/div>\n<\/div><\/div><\/div><div id=\"pgc-275-2-1\"  class=\"panel-grid-cell\" ><div id=\"panel-275-2-1-0\" class=\"so-panel widget widget_sow-image panel-first-child panel-last-child\" data-index=\"3\" ><div\n\t\t\t\n\t\t\tclass=\"so-widget-sow-image so-widget-sow-image-default-8b5b6f678277-275\"\n\t\t\t\n\t\t>\n<div class=\"sow-image-container\">\n\t\t<img \n\tsrc=\"https:\/\/www.bragdoya.no\/wp-content\/uploads\/2022\/03\/KystedenLogo_RGB-01-300x300.png\" width=\"300\" height=\"300\" srcset=\"https:\/\/www.bragdoya.no\/wp-content\/uploads\/2022\/03\/KystedenLogo_RGB-01-300x300.png 300w, https:\/\/www.bragdoya.no\/wp-content\/uploads\/2022\/03\/KystedenLogo_RGB-01-150x150.png 150w, https:\/\/www.bragdoya.no\/wp-content\/uploads\/2022\/03\/KystedenLogo_RGB-01-768x768.png 768w, https:\/\/www.bragdoya.no\/wp-content\/uploads\/2022\/03\/KystedenLogo_RGB-01-12x12.png 12w, https:\/\/www.bragdoya.no\/wp-content\/uploads\/2022\/03\/KystedenLogo_RGB-01.png 1010w\" sizes=\"(max-width: 300px) 100vw, 300px\" alt=\"\" loading=\"lazy\" \t\tclass=\"so-widget-image\"\/>\n\t<\/div>\n\n<\/div><\/div><\/div><\/div><\/div><div id=\"pg-275-3\"  class=\"panel-grid panel-has-style\" ><div class=\"panel-row-style panel-row-style-for-275-3\" ><div id=\"pgc-275-3-0\"  class=\"panel-grid-cell\" ><div id=\"panel-275-3-0-0\" class=\"so-panel widget widget_sow-editor panel-first-child panel-last-child\" data-index=\"4\" ><div\n\t\t\t\n\t\t\tclass=\"so-widget-sow-editor so-widget-sow-editor-base\"\n\t\t\t\n\t\t>\n<div class=\"siteorigin-widget-tinymce textwidget\">\n\t<h2 style=\"text-align: left;\">Kystled S\u00f8r<\/h2>\n<p style=\"text-align: left;\">Bragd\u00f8ya Kystlag, Midt-Agder Friluftsr\u00e5d, i samarbeid med Kristiansand kommune og Vest-Agder fylkeskommune, sto bak opprettelsen av kystleden p\u00e5 Agder p\u00e5 90-tallet. I dag arbeider en rekke organisasjoner og private med \u00e5 utvikle Kystled S\u00f8r til et nettverk som dekker kyststrekningen i begge agderfylkene. Gjennom nettverket kan bes\u00f8kende, med lyst til fredelig og milj\u00f8vennlig ferieliv langs kysten, f\u00e5 tilgang til enkle overnattingssteder og til \u00e5 leie tradisjonelle b\u00e5ter. Ogs\u00e5 kajakkpadlere, b\u00e5tturister, syklister og andre veifarende er velkomne til \u00e5 benytte seg av kystledens tilbud. Husk at det finnes mange flotte steder som kan brukes selv om de ikke er spesielt tilrettelagte! DNT S\u00f8r er koordinator og markedsf\u00f8ringsansvarlig i Kystled S\u00f8r.<\/p>\n<p>&nbsp;<\/p>\n<p><a href=\"https:\/\/www.youtube.com\/watch?feature=player_detailpage&amp;v=FeyFnYebnUg#t=135\" target=\"_blank\" rel=\"noopener\">Se DNT S\u00f8r sin video med presentasjon av destinasjonene her.<\/a><br \/>\nMerk: Videoen er fra 2013, slik at noen destinasjoner kan ha falt ut eller kommet til i senere tid.<\/p>\n<\/div>\n<\/div><\/div><\/div><\/div><\/div><\/div>","protected":false},"excerpt":{"rendered":"<p>Kystled er basert p\u00e5 tidligere tiders ferdsel langs kysten med tradisjonelle ro- og seilb\u00e5ter. Form\u00e5let med kystledsatsingen er \u00e5 gi alle muligheten til \u00e5 v\u00e6re p\u00e5 sj\u00f8en, og til \u00e5 ferdes der p\u00e5 en fredelig og milj\u00f8vennlig m\u00e5te.<\/p>\n","protected":false},"author":1,"featured_media":0,"parent":300,"menu_order":5,"comment_status":"closed","ping_status":"closed","template":"","meta":[],"_links":{"self":[{"href":"https:\/\/www.bragdoya.no\/index.php\/wp-json\/wp\/v2\/pages\/275"}],"collection":[{"href":"https:\/\/www.bragdoya.no\/index.php\/wp-json\/wp\/v2\/pages"}],"about":[{"href":"https:\/\/www.bragdoya.no\/index.php\/wp-json\/wp\/v2\/types\/page"}],"author":[{"embeddable":true,"href":"https:\/\/www.bragdoya.no\/index.php\/wp-json\/wp\/v2\/users\/1"}],"replies":[{"embeddable":true,"href":"https:\/\/www.bragdoya.no\/index.php\/wp-json\/wp\/v2\/comments?post=275"}],"version-history":[{"count":58,"href":"https:\/\/www.bragdoya.no\/index.php\/wp-json\/wp\/v2\/pages\/275\/revisions"}],"predecessor-version":[{"id":10246,"href":"https:\/\/www.bragdoya.no\/index.php\/wp-json\/wp\/v2\/pages\/275\/revisions\/10246"}],"up":[{"embeddable":true,"href":"https:\/\/www.bragdoya.no\/index.php\/wp-json\/wp\/v2\/pages\/300"}],"wp:attachment":[{"href":"https:\/\/www.bragdoya.no\/index.php\/wp-json\/wp\/v2\/media?parent=275"}],"curies":[{"name":"wp","href":"https:\/\/api.w.org\/{rel}","templated":true}]}}