{"id":2740,"date":"2018-04-26T10:27:48","date_gmt":"2018-04-26T10:27:48","guid":{"rendered":"http:\/\/henrikhe.com\/opedal\/?page_id=2740"},"modified":"2026-01-07T13:04:56","modified_gmt":"2026-01-07T12:04:56","slug":"jordbaerbua","status":"publish","type":"page","link":"https:\/\/www.bragdoya.no\/index.php\/om-oss\/medlemsinformasjon\/grupper\/jordbaerbua\/","title":{"rendered":"Jordb\u00e6rbua"},"content":{"rendered":"<div id=\"pl-2740\"  class=\"panel-layout\" ><div id=\"pg-2740-0\"  class=\"panel-grid panel-has-style\" ><div class=\"panel-row-style panel-row-style-for-2740-0\" ><div id=\"pgc-2740-0-0\"  class=\"panel-grid-cell\" ><div id=\"panel-2740-0-0-0\" class=\"so-panel widget widget_sow-editor panel-first-child\" data-index=\"0\" ><div\n\t\t\t\n\t\t\tclass=\"so-widget-sow-editor so-widget-sow-editor-base\"\n\t\t\t\n\t\t>\n<div class=\"siteorigin-widget-tinymce textwidget\">\n\t<div class=\"xg_module_body xg_user_generated\">\n<h3><span class=\"font-size-3\"><strong>Jordb\u00e6rbua p\u00e5 Dvergs\u00f8ya<\/strong><\/span><\/h3>\n<p><span class=\"font-size-3\">Jordb\u00e6rbua er en liten hytte p\u00e5 Dvergs\u00f8ya, idyllisk plassert i strandkanten med store jorder, brygge og grillplass rett p\u00e5 utsiden. Hytta er enkelt utstyrt, med en kj\u00f8kkenkrok med utstyr, kokeplate og kj\u00f8leskap. Do og dusj. Ha med toalettpapir, kluter og h\u00e5ndkler. Det er <\/span><span class=\"font-size-3\">soveplass til 5-6 personer, og fire dyner. <\/span><span class=\"font-size-3\">Gjester m\u00e5 ha med putetrekk, senget\u00f8y, og eventuelt resterende soveposer\/dyner.\u00a0<\/span><\/p>\n<p><span class=\"font-size-3\">Ankomst med egen b\u00e5t eller med<\/span>\u00a0<span class=\"font-size-4\"><a href=\"https:\/\/www.bragdoya.no\/index.php\/besokende\/rutetider\/#msbragd\" target=\"_blank\" rel=\"noopener\"><span style=\"font-size: medium;\">MS Bragd\u00f8ya<\/span><\/a> i badeb\u00e5tsesongen<\/span><span class=\"font-size-3\">.\u00a0<\/span><\/p>\n<p><b>Maks antall personer: 6<br \/>\n<\/b><i><br \/>\n<\/i><i>Sommersesong\u00a0<\/i><i>(26.06.2026 - 09.08.2026)<\/i><i>:<\/i><br \/>\nPris per natt kr 1000,- (ukedager)<\/p>\n<p>Pris per natt kr. 1500,- (fredager og l\u00f8rdager)<\/p>\n<p><i>Skuldersesong<\/i><i>\u00a0<\/i><i>(01.05.2026 - <\/i><i>26.06.2026 og 09.08.2026- 01.11.2026)<\/i><br \/>\nPris per natt kr 800,-<\/p>\n<p>*Medlemspris med dugnadsrabatt gis i skuldersesongen: kr 700,-<\/p>\n<p><i>*Redusert pris gjelder for medlemmer som kan vise til minst to dugnader for Bragd\u00f8ya kystlag de siste 12 m\u00e5nedene. Dugnader kan v\u00e6re oppm\u00f8te p\u00e5 medlemskveld, arbeidsoppgaver p\u00e5 dagtid, oppsatte dugnader, s\u00f8ndagskaf\u00e8, traktering, oppgaver p\u00e5 arrangementer, verv, vedlikehold av og tilsyn med b\u00e5ter og bygninger m.m. <\/i><\/p>\n<p>Her legger du inn og betaler full pris, ogs\u00e5 sender du en mail med overskriften \"FORESP\u00d8RSEL OM DUGNADSRABATT\" til saltebua@bragdoya.no. Husk \u00e5 f\u00f8re p\u00e5 hvilke kontonummer du vil ha refusjonen tilbake p\u00e5.<\/p>\n<p><span class=\"font-size-3\">Innsjekk fra kl. 12:00. Utsjekk senest kl. 11:00.<\/span><\/p>\n<\/div>\n<\/div>\n<\/div><\/div><div id=\"panel-2740-0-0-1\" class=\"so-panel widget widget_sow-button panel-last-child\" data-index=\"1\" ><div\n\t\t\t\n\t\t\tclass=\"so-widget-sow-button so-widget-sow-button-atom-61bb47762591-2740\"\n\t\t\t\n\t\t><div class=\"ow-button-base ow-button-align-left\"\n>\n\t\t\t<a\n\t\t\t\t\thref=\"https:\/\/gotobooking.io\/0bb67b5a-bbca-472f-b2fa-96032c4464a6\/gotohubwidget.js\"\n\t\t\t\t\tclass=\"sowb-button ow-icon-placement-left ow-button-hover\" target=\"_blank\" rel=\"noopener noreferrer\" \t>\n\t\t<span>\n\t\t\t\n\t\t\tBestill overnatting her\t\t<\/span>\n\t\t\t<\/a>\n\t<\/div>\n<\/div><\/div><\/div><\/div><\/div><div id=\"pg-2740-1\"  class=\"panel-grid panel-has-style\" ><div class=\"panel-row-style panel-row-style-for-2740-1\" ><div id=\"pgc-2740-1-0\"  class=\"panel-grid-cell\" ><div id=\"panel-2740-1-0-0\" class=\"so-panel widget widget_sow-hero panel-first-child panel-last-child\" data-index=\"2\" ><div\n\t\t\t\n\t\t\tclass=\"so-widget-sow-hero so-widget-sow-hero-default-f93f214aa417-2740 so-widget-fittext-wrapper\"\n\t\t\t data-fit-text-compressor=\"0.85\"\n\t\t>\t\t\t\t<div class=\"sow-slider-base\" style=\"display: none\" tabindex=\"0\">\n\t\t\t\t\t<ul\n\t\t\t\t\tclass=\"sow-slider-images\"\n\t\t\t\t\tdata-settings=\"{&quot;pagination&quot;:true,&quot;speed&quot;:800,&quot;timeout&quot;:8000,&quot;paused&quot;:false,&quot;pause_on_hover&quot;:false,&quot;swipe&quot;:true,&quot;nav_always_show_desktop&quot;:&quot;&quot;,&quot;nav_always_show_mobile&quot;:&quot;&quot;,&quot;breakpoint&quot;:&quot;780px&quot;,&quot;unmute&quot;:false,&quot;anchor&quot;:null}\"\n\t\t\t\t\tstyle=\"min-height: 500px\"\t\t\t\t\tdata-anchor-id=\"\"\n\t\t\t\t>\t\t<li class=\"sow-slider-image  sow-slider-image-cover\" style=\"visibility: visible;;background-color: #333333;background-image: url(https:\/\/www.bragdoya.no\/wp-content\/uploads\/2020\/06\/P1060121-Copy.jpg)\" >\n\t\t\t\t\t<div class=\"sow-slider-image-container\">\n\t\t\t<div class=\"sow-slider-image-wrapper\">\n\t\t\t\t\t\t\t<\/div>\n\t\t<\/div>\n\t\t\t\t<\/li>\n\t\t\t\t<li class=\"sow-slider-image  sow-slider-image-cover\" style=\"visibility: hidden;;background-color: #333333\" data-background=\"url(https:\/\/www.bragdoya.no\/wp-content\/uploads\/2020\/06\/19242989_1741564829204773_7739249899481696898_o.jpg)\" >\n\t\t\t\t\t<div class=\"sow-slider-image-container\">\n\t\t\t<div class=\"sow-slider-image-wrapper\">\n\t\t\t\t\t\t\t<\/div>\n\t\t<\/div>\n\t\t\t\t<\/li>\n\t\t\t\t<li class=\"sow-slider-image  sow-slider-image-cover\" style=\"visibility: hidden;;background-color: #333333\" data-background=\"url(https:\/\/www.bragdoya.no\/wp-content\/uploads\/2020\/06\/60991313_2307583769300248_2206658217050636288_n.jpg)\" >\n\t\t\t\t\t<div class=\"sow-slider-image-container\">\n\t\t\t<div class=\"sow-slider-image-wrapper\">\n\t\t\t\t\t\t\t<\/div>\n\t\t<\/div>\n\t\t\t\t<\/li>\n\t\t\t\t<li class=\"sow-slider-image  sow-slider-image-cover\" style=\"visibility: hidden;;background-color: #333333\" data-background=\"url(https:\/\/www.bragdoya.no\/wp-content\/uploads\/2020\/06\/60973978_2307583689300256_1300082760798437376_n.jpg)\" >\n\t\t\t\t\t<div class=\"sow-slider-image-container\">\n\t\t\t<div class=\"sow-slider-image-wrapper\">\n\t\t\t\t\t\t\t<\/div>\n\t\t<\/div>\n\t\t\t\t<\/li>\n\t\t\t\t<li class=\"sow-slider-image  sow-slider-image-cover\" style=\"visibility: hidden;;background-color: #333333\" data-background=\"url(https:\/\/www.bragdoya.no\/wp-content\/uploads\/2020\/06\/61471194_2307583802633578_2768164984151080960_n.jpg)\" >\n\t\t\t\t\t<div class=\"sow-slider-image-container\">\n\t\t\t<div class=\"sow-slider-image-wrapper\">\n\t\t\t\t\t\t\t<\/div>\n\t\t<\/div>\n\t\t\t\t<\/li>\n\t\t\t\t<li class=\"sow-slider-image  sow-slider-image-cover\" style=\"visibility: hidden;;background-color: #333333\" data-background=\"url(https:\/\/www.bragdoya.no\/wp-content\/uploads\/2018\/04\/Jordb\u00e6rbua-4.jpg)\" >\n\t\t\t\t\t<div class=\"sow-slider-image-container\">\n\t\t\t<div class=\"sow-slider-image-wrapper\">\n\t\t\t\t\t\t\t<\/div>\n\t\t<\/div>\n\t\t\t\t<\/li>\n\t\t\t\t<li class=\"sow-slider-image  sow-slider-image-cover\" style=\"visibility: hidden;;background-color: #333333\" data-background=\"url(https:\/\/www.bragdoya.no\/wp-content\/uploads\/2020\/06\/61196834_2307583759300249_9050222642224693248_n.jpg)\" >\n\t\t\t\t\t<div class=\"sow-slider-image-container\">\n\t\t\t<div class=\"sow-slider-image-wrapper\">\n\t\t\t\t\t\t\t<\/div>\n\t\t<\/div>\n\t\t\t\t<\/li>\n\t\t\t\t<li class=\"sow-slider-image  sow-slider-image-cover\" style=\"visibility: hidden;;background-color: #333333\" data-background=\"url(https:\/\/www.bragdoya.no\/wp-content\/uploads\/2020\/06\/P1060113-scaled.jpg)\" >\n\t\t\t\t\t<div class=\"sow-slider-image-container\">\n\t\t\t<div class=\"sow-slider-image-wrapper\">\n\t\t\t\t\t\t\t<\/div>\n\t\t<\/div>\n\t\t\t\t<\/li>\n\t\t<\/ul>\t\t\t\t<ol class=\"sow-slider-pagination\">\n\t\t\t\t\t\t\t\t\t\t\t<li><a href=\"#\" data-goto=\"0\" aria-label=\"Display slide 1\"><\/a><\/li>\n\t\t\t\t\t\t\t\t\t\t\t<li><a href=\"#\" data-goto=\"1\" aria-label=\"Display slide 2\"><\/a><\/li>\n\t\t\t\t\t\t\t\t\t\t\t<li><a href=\"#\" data-goto=\"2\" aria-label=\"Display slide 3\"><\/a><\/li>\n\t\t\t\t\t\t\t\t\t\t\t<li><a href=\"#\" data-goto=\"3\" aria-label=\"Display slide 4\"><\/a><\/li>\n\t\t\t\t\t\t\t\t\t\t\t<li><a href=\"#\" data-goto=\"4\" aria-label=\"Display slide 5\"><\/a><\/li>\n\t\t\t\t\t\t\t\t\t\t\t<li><a href=\"#\" data-goto=\"5\" aria-label=\"Display slide 6\"><\/a><\/li>\n\t\t\t\t\t\t\t\t\t\t\t<li><a href=\"#\" data-goto=\"6\" aria-label=\"Display slide 7\"><\/a><\/li>\n\t\t\t\t\t\t\t\t\t\t\t<li><a href=\"#\" data-goto=\"7\" aria-label=\"Display slide 8\"><\/a><\/li>\n\t\t\t\t\t\t\t\t\t<\/ol>\n\n\t\t\t\t<div class=\"sow-slide-nav sow-slide-nav-next\">\n\t\t\t\t\t<a href=\"#\" data-goto=\"next\" aria-label=\"Next slide\" data-action=\"next\">\n\t\t\t\t\t\t<em class=\"sow-sld-icon-thin-right\"><\/em>\n\t\t\t\t\t<\/a>\n\t\t\t\t<\/div>\n\n\t\t\t\t<div class=\"sow-slide-nav sow-slide-nav-prev\">\n\t\t\t\t\t<a href=\"#\" data-goto=\"previous\" aria-label=\"Previous slide\" data-action=\"prev\">\n\t\t\t\t\t\t<em class=\"sow-sld-icon-thin-left\"><\/em>\n\t\t\t\t\t<\/a>\n\t\t\t\t<\/div>\n\t\t\t\t<\/div><\/div><\/div><\/div><\/div><\/div><\/div>","protected":false},"excerpt":{"rendered":"<p>Jordb\u00e6rbua p\u00e5 Dvergs\u00f8ya Jordb\u00e6rbua er en liten hytte p\u00e5 Dvergs\u00f8ya, idyllisk plassert i strandkanten med store jorder, brygge og grillplass rett p\u00e5 utsiden. Hytta er enkelt utstyrt, med en kj\u00f8kkenkrok med utstyr, kokeplate og kj\u00f8leskap. Do og dusj. Ha med toalettpapir, kluter og h\u00e5ndkler. Det er soveplass til 5-6 personer, og fire dyner. Gjester m\u00e5&hellip; <br \/> <a class=\"read-more\" href=\"https:\/\/www.bragdoya.no\/index.php\/om-oss\/medlemsinformasjon\/grupper\/jordbaerbua\/\">Read more<\/a><\/p>\n","protected":false},"author":1,"featured_media":6451,"parent":95,"menu_order":0,"comment_status":"closed","ping_status":"closed","template":"","meta":[],"_links":{"self":[{"href":"https:\/\/www.bragdoya.no\/index.php\/wp-json\/wp\/v2\/pages\/2740"}],"collection":[{"href":"https:\/\/www.bragdoya.no\/index.php\/wp-json\/wp\/v2\/pages"}],"about":[{"href":"https:\/\/www.bragdoya.no\/index.php\/wp-json\/wp\/v2\/types\/page"}],"author":[{"embeddable":true,"href":"https:\/\/www.bragdoya.no\/index.php\/wp-json\/wp\/v2\/users\/1"}],"replies":[{"embeddable":true,"href":"https:\/\/www.bragdoya.no\/index.php\/wp-json\/wp\/v2\/comments?post=2740"}],"version-history":[{"count":122,"href":"https:\/\/www.bragdoya.no\/index.php\/wp-json\/wp\/v2\/pages\/2740\/revisions"}],"predecessor-version":[{"id":12319,"href":"https:\/\/www.bragdoya.no\/index.php\/wp-json\/wp\/v2\/pages\/2740\/revisions\/12319"}],"up":[{"embeddable":true,"href":"https:\/\/www.bragdoya.no\/index.php\/wp-json\/wp\/v2\/pages\/95"}],"wp:featuredmedia":[{"embeddable":true,"href":"https:\/\/www.bragdoya.no\/index.php\/wp-json\/wp\/v2\/media\/6451"}],"wp:attachment":[{"href":"https:\/\/www.bragdoya.no\/index.php\/wp-json\/wp\/v2\/media?parent=2740"}],"curies":[{"name":"wp","href":"https:\/\/api.w.org\/{rel}","templated":true}]}}