{"id":273,"date":"2018-03-06T13:56:19","date_gmt":"2018-03-06T13:56:19","guid":{"rendered":"https:\/\/henrikhilmer.com\/opedal\/?page_id=273"},"modified":"2020-02-06T08:43:09","modified_gmt":"2020-02-06T07:43:09","slug":"guiding-omvisning","status":"publish","type":"page","link":"https:\/\/www.bragdoya.no\/index.php\/besokende\/utleie\/guiding-omvisning\/","title":{"rendered":"Guiding"},"content":{"rendered":"<div id=\"pl-273\"  class=\"panel-layout\" ><div id=\"pg-273-0\"  class=\"panel-grid panel-has-style\" ><div class=\"panel-row-style panel-row-style-for-273-0\" ><div id=\"pgc-273-0-0\"  class=\"panel-grid-cell\" ><div id=\"panel-273-0-0-0\" class=\"so-panel widget panel-first-child panel-last-child\" data-index=\"0\" ><\/div><\/div><\/div><\/div><div id=\"pg-273-1\"  class=\"panel-grid panel-has-style\" ><div class=\"panel-row-style panel-row-style-for-273-1\" ><div id=\"pgc-273-1-0\"  class=\"panel-grid-cell\" ><div id=\"panel-273-1-0-0\" class=\"so-panel widget widget_sow-editor panel-first-child\" data-index=\"1\" ><div\n\t\t\t\n\t\t\tclass=\"so-widget-sow-editor so-widget-sow-editor-base\"\n\t\t\t\n\t\t>\n<div class=\"siteorigin-widget-tinymce textwidget\">\n\t<p><strong>Vi har dyktige guider som kan vise deg rundt p\u00e5 Bragd\u00f8ya og fortelle om \u00f8yas spennende historie.<\/strong><\/p>\n<p>&nbsp;<\/p>\n<h4>Den store runden<\/h4>\n<p>2 - 2,5 time.<\/p>\n<ul>\n<li>Kystkultursenteret: Historien om Saltebuene og kystlaget.<\/li>\n<li>Tur p\u00e5 vei og sti til Krigsminnesmerket, Bragd\u00f8yas m\u00f8rke historie (dels ulendt terreng som krever fott\u00f8y for skogstur).<\/li>\n<li>P\u00e5 sti og vei til Thaulows hus. Historien om g\u00e5rdsdriften, Thaulow- og Wergelandslekten.<\/li>\n<li>Retur til Kystkultursenteret.<\/li>\n<\/ul>\n<p>Turen egner seg ikke for rullestolbrukere eller barnevogner.<\/p>\n<p>&nbsp;<\/p>\n<h4>Saltebuene, g\u00e5rdsdrift og Thaulows hus<\/h4>\n<p>1,5 - 2 timer<\/p>\n<ul>\n<li>Kystkultursenteret: Historien om Saltebuene og kystlaget.<\/li>\n<li>Tur langs vei til Thaulows hus. Historien om g\u00e5rdsdriften, Thaulow- og Wergelandslekten.<\/li>\n<li>Retur til Kystkultursenteret<\/li>\n<\/ul>\n<p>&nbsp;<\/p>\n<h4>Saltebuene og kystlaget<\/h4>\n<p>15-30 minutter (etter \u00f8nske)<\/p>\n<ul>\n<li>Kystkultursenteret: Historien om Saltebuene og kystlaget.<\/li>\n<\/ul>\n<\/div>\n<\/div><\/div><div id=\"panel-273-1-0-1\" class=\"so-panel widget widget_sow-button panel-last-child\" data-index=\"2\" ><div\n\t\t\t\n\t\t\tclass=\"so-widget-sow-button so-widget-sow-button-flat-1c2f72beecb3-273\"\n\t\t\t\n\t\t><div class=\"ow-button-base ow-button-align-left\"\n>\n\t\t\t<a\n\t\t\t\t\thref=\"https:\/\/www.bragdoya.no\/index.php\/kontakt-oss\/\"\n\t\t\t\t\tclass=\"sowb-button ow-icon-placement-left ow-button-hover\" \t>\n\t\t<span>\n\t\t\t\n\t\t\tKontakt oss\t\t<\/span>\n\t\t\t<\/a>\n\t<\/div>\n<\/div><\/div><\/div><\/div><\/div><\/div>","protected":false},"excerpt":{"rendered":"<p>Vi har dyktige guider som kan vise deg rundt p\u00e5 Bragd\u00f8ya og fortelle om \u00f8yas spennende historie. &nbsp; Den store runden 2 &#8211; 2,5 time. Kystkultursenteret: Historien om Saltebuene og kystlaget. Tur p\u00e5 vei og sti til Krigsminnesmerket, Bragd\u00f8yas m\u00f8rke historie (dels ulendt terreng som krever fott\u00f8y for skogstur). P\u00e5 sti og vei til Thaulows&hellip; <br \/> <a class=\"read-more\" href=\"https:\/\/www.bragdoya.no\/index.php\/besokende\/utleie\/guiding-omvisning\/\">Read more<\/a><\/p>\n","protected":false},"author":1,"featured_media":1318,"parent":300,"menu_order":4,"comment_status":"closed","ping_status":"closed","template":"","meta":[],"_links":{"self":[{"href":"https:\/\/www.bragdoya.no\/index.php\/wp-json\/wp\/v2\/pages\/273"}],"collection":[{"href":"https:\/\/www.bragdoya.no\/index.php\/wp-json\/wp\/v2\/pages"}],"about":[{"href":"https:\/\/www.bragdoya.no\/index.php\/wp-json\/wp\/v2\/types\/page"}],"author":[{"embeddable":true,"href":"https:\/\/www.bragdoya.no\/index.php\/wp-json\/wp\/v2\/users\/1"}],"replies":[{"embeddable":true,"href":"https:\/\/www.bragdoya.no\/index.php\/wp-json\/wp\/v2\/comments?post=273"}],"version-history":[{"count":34,"href":"https:\/\/www.bragdoya.no\/index.php\/wp-json\/wp\/v2\/pages\/273\/revisions"}],"predecessor-version":[{"id":5930,"href":"https:\/\/www.bragdoya.no\/index.php\/wp-json\/wp\/v2\/pages\/273\/revisions\/5930"}],"up":[{"embeddable":true,"href":"https:\/\/www.bragdoya.no\/index.php\/wp-json\/wp\/v2\/pages\/300"}],"wp:featuredmedia":[{"embeddable":true,"href":"https:\/\/www.bragdoya.no\/index.php\/wp-json\/wp\/v2\/media\/1318"}],"wp:attachment":[{"href":"https:\/\/www.bragdoya.no\/index.php\/wp-json\/wp\/v2\/media?parent=273"}],"curies":[{"name":"wp","href":"https:\/\/api.w.org\/{rel}","templated":true}]}}