{"id":271,"date":"2018-03-06T13:56:03","date_gmt":"2018-03-06T13:56:03","guid":{"rendered":"https:\/\/henrikhilmer.com\/opedal\/?page_id=271"},"modified":"2026-01-30T13:40:21","modified_gmt":"2026-01-30T12:40:21","slug":"transport-charter","status":"publish","type":"page","link":"https:\/\/www.bragdoya.no\/index.php\/besokende\/utleie\/transport-charter\/","title":{"rendered":"B\u00e5ttransport"},"content":{"rendered":"<div id=\"pl-271\"  class=\"panel-layout\" ><div id=\"pg-271-0\"  class=\"panel-grid panel-has-style\" ><div class=\"panel-row-style panel-row-style-for-271-0\" ><div id=\"pgc-271-0-0\"  class=\"panel-grid-cell\" ><div id=\"panel-271-0-0-0\" class=\"so-panel widget panel-first-child panel-last-child\" data-index=\"0\" ><\/div><\/div><\/div><\/div><div id=\"pg-271-1\"  class=\"panel-grid panel-has-style\" ><div class=\"panel-row-style panel-row-style-for-271-1\" ><div id=\"pgc-271-1-0\"  class=\"panel-grid-cell\" ><div id=\"panel-271-1-0-0\" class=\"so-panel widget widget_sow-editor panel-first-child panel-last-child\" data-index=\"1\" ><div\n\t\t\t\n\t\t\tclass=\"so-widget-sow-editor so-widget-sow-editor-base\"\n\t\t\t\n\t\t>\n<div class=\"siteorigin-widget-tinymce textwidget\">\n\t<h2 style=\"text-align: left;\"><strong>MS Bragd\u00f8ya og MB H\u00f8llen<\/strong><\/h2>\n<p style=\"text-align: left;\"><span class=\"font-size-3\">M\/S Bragd\u00f8ya og MB H\u00f8llen kan leies til sightseeing, turer i skj\u00e6rg\u00e5rden, firmaturer eller rene transportoppdrag.\u00a0Hva med en tur til Ny-Hellesund i S\u00f8gne eller den idylliske skj\u00e6rg\u00e5rden i Randesund med en tur innom Skippergada? Vi kan ogs\u00e5 tilby servering av mat og drikke om bord. Avgang fra Tollkaia ved Kai 6, der Tollbodgata m\u00f8ter havet.<br \/>\nBegge b\u00e5tene har plass til opp til 60 passasjerer.\u00a0<\/span><\/p>\n<p style=\"text-align: left;\"><span class=\"font-size-3\"><strong>Priser fra Kai 6:<br \/>\n<\/strong>To timers tur i skj\u00e6rg\u00e5rden kr 13000,-\u00a0 Kontakt saltebua@bragdoya.no for mer info.<br \/>\nT\/r Kai 6 - Bragd\u00f8ya kr 13000,-<br \/>\nT\/r per ekstratur ved mer enn 60 passasjerer <\/span><span class=\"font-size-3\">kr 6500,-<br \/>\nAndre turer kr 6500,- per time (minimum 2 timer)<br \/>\nVenting kr 3250,- per time (ikke ved venting p\u00e5 Bragd\u00f8ya)<\/span><\/p>\n<p><strong><span class=\"font-size-3\">Priser fra Lumber:<br \/>\n<\/span><\/strong>T\/r Lumber - Bragd\u00f8ya dagtid: Voksne 140,- \/ barn 70,-. Minimum betaling for 15 stk.<br \/>\nT\/r Lumber - Bragd\u00f8ya ettermiddag\/kveld: Som over + kr 1700,-<br \/>\nT\/r Lumber - Bragd\u00f8ya helg: Som over + kr 2800,-<\/p>\n<p>For mindre grupper fra Lumber kan vi velge \u00e5 benytte Bragd\u00f8yab\u00e5ten i stedet for MS Bragd\u00f8ya.<\/p>\n<p style=\"text-align: left;\"><span class=\"font-size-3\"><em>Priser er inkludert mva.<\/em>\u00a0<\/span><\/p>\n<p style=\"text-align: left;\"><span class=\"font-size-3\">For rutetider og priser om sommeren,\u00a0<a href=\"https:\/\/www.bragdoya.no\/index.php\/besokende\/rutetider\/#msbragd\" target=\"_blank\" rel=\"noopener\">klikk her<\/a>.<\/span><\/p>\n<\/div>\n<\/div><\/div><\/div><\/div><\/div><div id=\"pg-271-2\"  class=\"panel-grid panel-has-style\" ><div class=\"panel-row-style panel-row-style-for-271-2\" ><div id=\"pgc-271-2-0\"  class=\"panel-grid-cell\" ><div id=\"panel-271-2-0-0\" class=\"so-panel widget widget_sow-button panel-first-child panel-last-child\" data-index=\"2\" ><div\n\t\t\t\n\t\t\tclass=\"so-widget-sow-button so-widget-sow-button-flat-69c149ef62d4-271\"\n\t\t\t\n\t\t><div class=\"ow-button-base ow-button-align-left\"\n>\n\t\t\t<a\n\t\t\t\t\thref=\"https:\/\/www.bragdoya.no\/index.php\/kontakt-oss\/\"\n\t\t\t\t\tclass=\"sowb-button ow-icon-placement-left ow-button-hover\" target=\"_blank\" rel=\"noopener noreferrer\" \t>\n\t\t<span>\n\t\t\t\n\t\t\tKontakt oss\t\t<\/span>\n\t\t\t<\/a>\n\t<\/div>\n<\/div><\/div><\/div><\/div><\/div><div id=\"pg-271-3\"  class=\"panel-grid panel-has-style\" ><div class=\"so-parallax siteorigin-panels-stretch panel-row-style panel-row-style-for-271-3\" data-stretch-type=\"full-width-stretch\" ><img width=\"1400\" height=\"941\" src=\"https:\/\/www.bragdoya.no\/wp-content\/uploads\/2018\/03\/fullsizeoutput_23.jpg\" class=\"attachment-full size-full\" alt=\"\" decoding=\"async\" loading=\"eager\" data-siteorigin-parallax=\"true\" srcset=\"https:\/\/www.bragdoya.no\/wp-content\/uploads\/2018\/03\/fullsizeoutput_23.jpg 1400w, https:\/\/www.bragdoya.no\/wp-content\/uploads\/2018\/03\/fullsizeoutput_23-300x202.jpg 300w, https:\/\/www.bragdoya.no\/wp-content\/uploads\/2018\/03\/fullsizeoutput_23-768x516.jpg 768w, https:\/\/www.bragdoya.no\/wp-content\/uploads\/2018\/03\/fullsizeoutput_23-1024x688.jpg 1024w\" sizes=\"(max-width: 1400px) 100vw, 1400px\" \/><div id=\"pgc-271-3-0\"  class=\"panel-grid-cell\" ><div id=\"panel-271-3-0-0\" class=\"so-panel widget widget_sow-editor panel-first-child panel-last-child\" data-index=\"3\" ><div\n\t\t\t\n\t\t\tclass=\"so-widget-sow-editor so-widget-sow-editor-base\"\n\t\t\t\n\t\t>\n<div class=\"siteorigin-widget-tinymce textwidget\">\n\t<\/div>\n<\/div><\/div><\/div><\/div><\/div><div id=\"pg-271-4\"  class=\"panel-grid panel-has-style\" ><div class=\"panel-row-style panel-row-style-for-271-4\" ><div id=\"pgc-271-4-0\"  class=\"panel-grid-cell\" ><div id=\"panel-271-4-0-0\" class=\"so-panel widget widget_sow-editor panel-first-child panel-last-child\" data-index=\"4\" ><div\n\t\t\t\n\t\t\tclass=\"so-widget-sow-editor so-widget-sow-editor-base\"\n\t\t\t\n\t\t>\n<div class=\"siteorigin-widget-tinymce textwidget\">\n\t<h2 style=\"text-align: left;\"><strong>Bragd\u00f8yab\u00e5ten<\/strong><\/h2>\n<p style=\"text-align: left;\">Bragd\u00f8yab\u00e5ten er en \u00e5pen ruteb\u00e5t med plass til 24 passasjerer. Den g\u00e5r i rute mellom Lumber og Bragd\u00f8ya virkedager hele \u00e5ret og s\u00f8ndager om sommeren. B\u00e5ten kan leies for transport til Bragd\u00f8ya utenom de oppsatte <a href=\"https:\/\/www.bragdoya.no\/index.php\/besokende\/rutetider\/#bragdoyab\" target=\"_blank\" rel=\"noopener\">rutetidene,<\/a> med unntak av i sommerferien.<\/p>\n<p style=\"text-align: left;\"><strong>Priser:<\/strong><\/p>\n<p>Dagtid ukedager: Voksne 130,- \/ barn 65,-. Minimum betaling for 15 stk.<br \/>\nEttermiddag\/kveld ukedager: Som over + kr 1600,-<br \/>\nHelg: Som over + kr 2600,-<\/p>\n<p>Barnehager, skoler, studentgrupper, frivillige lag og foreninger: pris etter avtale<\/p>\n<p><span class=\"font-size-3\"><em>Priser er inkludert mva.<\/em>\u00a0<\/span><\/p>\n<\/div>\n<\/div><\/div><\/div><\/div><\/div><div id=\"pg-271-5\"  class=\"panel-grid panel-has-style\" ><div class=\"panel-row-style panel-row-style-for-271-5\" ><div id=\"pgc-271-5-0\"  class=\"panel-grid-cell\" ><div id=\"panel-271-5-0-0\" class=\"so-panel widget widget_sow-button panel-first-child panel-last-child\" data-index=\"5\" ><div\n\t\t\t\n\t\t\tclass=\"so-widget-sow-button so-widget-sow-button-flat-69c149ef62d4-271\"\n\t\t\t\n\t\t><div class=\"ow-button-base ow-button-align-left\"\n>\n\t\t\t<a\n\t\t\t\t\thref=\"https:\/\/www.bragdoya.no\/index.php\/kontakt-oss\/\"\n\t\t\t\t\tclass=\"sowb-button ow-icon-placement-left ow-button-hover\" target=\"_blank\" rel=\"noopener noreferrer\" \t>\n\t\t<span>\n\t\t\t\n\t\t\tKontakt oss\t\t<\/span>\n\t\t\t<\/a>\n\t<\/div>\n<\/div><\/div><\/div><\/div><\/div><div id=\"pg-271-6\"  class=\"panel-grid panel-has-style\" ><div class=\"panel-row-style panel-row-style-for-271-6\" ><div id=\"pgc-271-6-0\"  class=\"panel-grid-cell\" ><div id=\"panel-271-6-0-0\" class=\"so-panel widget widget_sow-editor panel-first-child panel-last-child\" data-index=\"6\" ><div\n\t\t\t\n\t\t\tclass=\"so-widget-sow-editor so-widget-sow-editor-base\"\n\t\t\t\n\t\t>\n<div class=\"siteorigin-widget-tinymce textwidget\">\n\t<h2 style=\"text-align: left;\"><strong>Egen b\u00e5t<\/strong><\/h2>\n<p style=\"text-align: left;\">Ved kystkultursenteret p\u00e5 Bragd\u00f8ya kan du legge til med egen b\u00e5t.\u00a0Se egne\u00a0<a href=\"https:\/\/www.bragdoya.no\/index.php\/besokende\/havneregler\/\" target=\"_blank\" rel=\"noopener\">retningslinjer<\/a> for bruk av brygga.<\/p>\n<\/div>\n<\/div><\/div><\/div><\/div><\/div><\/div>","protected":false},"excerpt":{"rendered":"<p>MS Bragd\u00f8ya og MB H\u00f8llen M\/S Bragd\u00f8ya og MB H\u00f8llen kan leies til sightseeing, turer i skj\u00e6rg\u00e5rden, firmaturer eller rene transportoppdrag.\u00a0Hva med en tur til Ny-Hellesund i S\u00f8gne eller den idylliske skj\u00e6rg\u00e5rden i Randesund med en tur innom Skippergada? Vi kan ogs\u00e5 tilby servering av mat og drikke om bord. Avgang fra Tollkaia ved Kai&hellip; <br \/> <a class=\"read-more\" href=\"https:\/\/www.bragdoya.no\/index.php\/besokende\/utleie\/transport-charter\/\">Read more<\/a><\/p>\n","protected":false},"author":1,"featured_media":0,"parent":300,"menu_order":3,"comment_status":"closed","ping_status":"closed","template":"","meta":[],"_links":{"self":[{"href":"https:\/\/www.bragdoya.no\/index.php\/wp-json\/wp\/v2\/pages\/271"}],"collection":[{"href":"https:\/\/www.bragdoya.no\/index.php\/wp-json\/wp\/v2\/pages"}],"about":[{"href":"https:\/\/www.bragdoya.no\/index.php\/wp-json\/wp\/v2\/types\/page"}],"author":[{"embeddable":true,"href":"https:\/\/www.bragdoya.no\/index.php\/wp-json\/wp\/v2\/users\/1"}],"replies":[{"embeddable":true,"href":"https:\/\/www.bragdoya.no\/index.php\/wp-json\/wp\/v2\/comments?post=271"}],"version-history":[{"count":87,"href":"https:\/\/www.bragdoya.no\/index.php\/wp-json\/wp\/v2\/pages\/271\/revisions"}],"predecessor-version":[{"id":12403,"href":"https:\/\/www.bragdoya.no\/index.php\/wp-json\/wp\/v2\/pages\/271\/revisions\/12403"}],"up":[{"embeddable":true,"href":"https:\/\/www.bragdoya.no\/index.php\/wp-json\/wp\/v2\/pages\/300"}],"wp:attachment":[{"href":"https:\/\/www.bragdoya.no\/index.php\/wp-json\/wp\/v2\/media?parent=271"}],"curies":[{"name":"wp","href":"https:\/\/api.w.org\/{rel}","templated":true}]}}