{"id":269,"date":"2018-03-06T13:55:50","date_gmt":"2018-03-06T13:55:50","guid":{"rendered":"https:\/\/henrikhilmer.com\/opedal\/?page_id=269"},"modified":"2025-03-20T15:22:02","modified_gmt":"2025-03-20T14:22:02","slug":"overnatting","status":"publish","type":"page","link":"https:\/\/www.bragdoya.no\/index.php\/besokende\/utleie\/overnatting\/","title":{"rendered":"Overnatting"},"content":{"rendered":"<div id=\"pl-269\"  class=\"panel-layout\" ><div id=\"pg-269-0\"  class=\"panel-grid panel-has-style\" ><div class=\"panel-row-style panel-row-style-for-269-0\" ><div id=\"pgc-269-0-0\"  class=\"panel-grid-cell\" ><div id=\"panel-269-0-0-0\" class=\"so-panel widget widget_sow-button panel-first-child\" data-index=\"0\" ><div class=\"panel-widget-style panel-widget-style-for-269-0-0-0\" ><div\n\t\t\t\n\t\t\tclass=\"so-widget-sow-button so-widget-sow-button-atom-61bb47762591-269\"\n\t\t\t\n\t\t><div class=\"ow-button-base ow-button-align-left\"\n>\n\t\t\t<a\n\t\t\t\tclass=\"sowb-button ow-icon-placement-left ow-button-hover\" \t>\n\t\t<span>\n\t\t\t\n\t\t\tFor \u00e5 se ledige datoer, trykk p\u00e5 den destinasjonen du \u00f8nsker \u00e5 leie\t\t<\/span>\n\t\t\t<\/a>\n\t<\/div>\n<\/div><\/div><\/div><div id=\"panel-269-0-0-1\" class=\"so-panel widget widget_sow-editor panel-last-child\" data-index=\"1\" ><div\n\t\t\t\n\t\t\tclass=\"so-widget-sow-editor so-widget-sow-editor-base\"\n\t\t\t\n\t\t>\n<div class=\"siteorigin-widget-tinymce textwidget\">\n\t<\/div>\n<\/div><\/div><\/div><\/div><\/div><div id=\"pg-269-1\"  class=\"panel-grid panel-has-style\" ><div class=\"panel-row-style panel-row-style-for-269-1\" ><div id=\"pgc-269-1-0\"  class=\"panel-grid-cell\" ><div id=\"panel-269-1-0-0\" class=\"so-panel widget widget_sow-image panel-first-child\" data-index=\"2\" ><div class=\"panel-widget-style panel-widget-style-for-269-1-0-0\" ><div\n\t\t\t\n\t\t\tclass=\"so-widget-sow-image so-widget-sow-image-default-8b5b6f678277-269\"\n\t\t\t\n\t\t>\n<div class=\"sow-image-container\">\n\t\t\t<a href=\"https:\/\/www.bragdoya.no\/index.php\/besokende\/utleie\/overnatting\/gerrards-villa\/\"\n\t\t\t\t\t>\n\t\t\t<img \n\tsrc=\"https:\/\/www.bragdoya.no\/wp-content\/uploads\/2019\/03\/IMG_0943-272x182.jpg\" width=\"272\" height=\"182\" srcset=\"https:\/\/www.bragdoya.no\/wp-content\/uploads\/2019\/03\/IMG_0943-272x182.jpg 272w, https:\/\/www.bragdoya.no\/wp-content\/uploads\/2019\/03\/IMG_0943-300x200.jpg 300w, https:\/\/www.bragdoya.no\/wp-content\/uploads\/2019\/03\/IMG_0943-768x512.jpg 768w, https:\/\/www.bragdoya.no\/wp-content\/uploads\/2019\/03\/IMG_0943-1024x683.jpg 1024w, https:\/\/www.bragdoya.no\/wp-content\/uploads\/2019\/03\/IMG_0943-1620x1080.jpg 1620w\" sizes=\"(max-width: 272px) 100vw, 272px\" title=\"Villaen\" alt=\"\" loading=\"lazy\" \t\tclass=\"so-widget-image\"\/>\n\t\t\t<\/a><\/div>\n\n<\/div><\/div><\/div><div id=\"panel-269-1-0-1\" class=\"so-panel widget widget_sow-editor panel-last-child\" data-index=\"3\" ><div class=\"panel-widget-style panel-widget-style-for-269-1-0-1\" ><div\n\t\t\t\n\t\t\tclass=\"so-widget-sow-editor so-widget-sow-editor-base\"\n\t\t\t\n\t\t>\n<div class=\"siteorigin-widget-tinymce textwidget\">\n\t<h3 style=\"text-align: left;\"><a href=\"https:\/\/www.bragdoya.no\/index.php\/besokende\/utleie\/overnatting\/gerrards-villa\/\">Gerrards villa<\/a><\/h3>\n<p style=\"text-align: left;\"><span class=\"font-size-3\">Gerrards villa ligger idyllisk til ti minutters spasertur fra Saltebua og havna p\u00e5 Bragd\u00f8ya.\u00a0<\/span><span class=\"font-size-3\">I villaen er det felles bad, kj\u00f8kken og oppholdsrom for gjestene, samt ti sengeplasser fordelt p\u00e5 fem rom.\u00a0<\/span><\/p>\n<\/div>\n<\/div><\/div><\/div><\/div><div id=\"pgc-269-1-1\"  class=\"panel-grid-cell panel-grid-cell-empty\" ><\/div><div id=\"pgc-269-1-2\"  class=\"panel-grid-cell\" ><div id=\"panel-269-1-2-0\" class=\"so-panel widget widget_sow-image panel-first-child\" data-index=\"4\" ><div\n\t\t\t\n\t\t\tclass=\"so-widget-sow-image so-widget-sow-image-default-8b5b6f678277-269\"\n\t\t\t\n\t\t>\n<div class=\"sow-image-container\">\n\t\t\t<a href=\"https:\/\/www.bragdoya.no\/index.php\/besokende\/utleie\/overnatting\/vinterro-leirsted\/\"\n\t\t\t\t\t>\n\t\t\t<img \n\tsrc=\"https:\/\/www.bragdoya.no\/wp-content\/uploads\/2019\/03\/IMG_0936-272x182.jpg\" width=\"272\" height=\"182\" srcset=\"https:\/\/www.bragdoya.no\/wp-content\/uploads\/2019\/03\/IMG_0936-272x182.jpg 272w, https:\/\/www.bragdoya.no\/wp-content\/uploads\/2019\/03\/IMG_0936-300x200.jpg 300w, https:\/\/www.bragdoya.no\/wp-content\/uploads\/2019\/03\/IMG_0936-768x512.jpg 768w, https:\/\/www.bragdoya.no\/wp-content\/uploads\/2019\/03\/IMG_0936-1024x683.jpg 1024w, https:\/\/www.bragdoya.no\/wp-content\/uploads\/2019\/03\/IMG_0936-1620x1080.jpg 1620w\" sizes=\"(max-width: 272px) 100vw, 272px\" alt=\"\" loading=\"lazy\" \t\tclass=\"so-widget-image\"\/>\n\t\t\t<\/a><\/div>\n\n<\/div><\/div><div id=\"panel-269-1-2-1\" class=\"so-panel widget widget_sow-editor panel-last-child\" data-index=\"5\" ><div\n\t\t\t\n\t\t\tclass=\"so-widget-sow-editor so-widget-sow-editor-base\"\n\t\t\t\n\t\t>\n<div class=\"siteorigin-widget-tinymce textwidget\">\n\t<h3 style=\"text-align: left;\"><a href=\"https:\/\/www.bragdoya.no\/index.php\/besokende\/utleie\/overnatting\/vinterro-leirsted\/\">Vinterro leirsted<\/a><\/h3>\n<p style=\"text-align: left;\"><span class=\"font-size-3\">Vinterro er et hyggelig leirsted med fem hytter, kun noen f\u00e5 minutters gange fra Saltebua og havna p\u00e5 Bragd\u00f8ya. Hyttene er sv\u00e6rt enkle, og er kun innredet med en sovebrisk med liggeplass til 4-5 personer.\u00a0<\/span><\/p>\n<\/div>\n<\/div><\/div><\/div><div id=\"pgc-269-1-3\"  class=\"panel-grid-cell panel-grid-cell-empty\" ><\/div><div id=\"pgc-269-1-4\"  class=\"panel-grid-cell\" ><div id=\"panel-269-1-4-0\" class=\"so-panel widget widget_sow-image panel-first-child\" data-index=\"6\" ><div class=\"panel-widget-style panel-widget-style-for-269-1-4-0\" ><div\n\t\t\t\n\t\t\tclass=\"so-widget-sow-image so-widget-sow-image-default-8b5b6f678277-269\"\n\t\t\t\n\t\t>\n<div class=\"sow-image-container\">\n\t\t\t<a href=\"https:\/\/www.bragdoya.no\/index.php\/besokende\/utleie\/overnatting\/laven\/\"\n\t\t\t\t\t>\n\t\t\t<img \n\tsrc=\"https:\/\/www.bragdoya.no\/wp-content\/uploads\/2023\/02\/20230126_122405_10_11zon-272x182.jpg\" width=\"272\" height=\"182\" srcset=\"https:\/\/www.bragdoya.no\/wp-content\/uploads\/2023\/02\/20230126_122405_10_11zon-272x182.jpg 272w, https:\/\/www.bragdoya.no\/wp-content\/uploads\/2023\/02\/20230126_122405_10_11zon-16x12.jpg 16w\" sizes=\"(max-width: 272px) 100vw, 272px\" title=\"20230126_122405_10_11zon\" alt=\"L\u00e5ven_inngang\" loading=\"lazy\" \t\tclass=\"so-widget-image\"\/>\n\t\t\t<\/a><\/div>\n\n<\/div><\/div><\/div><div id=\"panel-269-1-4-1\" class=\"so-panel widget widget_sow-editor panel-last-child\" data-index=\"7\" ><div class=\"panel-widget-style panel-widget-style-for-269-1-4-1\" ><div\n\t\t\t\n\t\t\tclass=\"so-widget-sow-editor so-widget-sow-editor-base\"\n\t\t\t\n\t\t>\n<div class=\"siteorigin-widget-tinymce textwidget\">\n\t<h3 style=\"text-align: left;\"><a href=\"https:\/\/www.bragdoya.no\/index.php\/besokende\/utleie\/overnatting\/laven\/\">L\u00e5ven p\u00e5 Bragd\u00f8ya<\/a><\/h3>\n<p style=\"text-align: left;\"><span class=\"font-size-3\">L\u00e5ven ligger oppe p\u00e5 g\u00e5rden, rundt ti minutters spasertur fra Saltebua og havna p\u00e5 Bragd\u00f8ya. <\/span><span class=\"font-size-3\">I l\u00e5ven er det stort oppholdsrom og kj\u00f8kken, toaletter samt 24 senger fordelt p\u00e5 seks rom.\u00a0<\/span><\/p>\n<\/div>\n<\/div><\/div><\/div><\/div><\/div><\/div><div id=\"pg-269-2\"  class=\"panel-grid panel-has-style\" ><div class=\"panel-row-style panel-row-style-for-269-2\" ><div id=\"pgc-269-2-0\"  class=\"panel-grid-cell\" ><div id=\"panel-269-2-0-0\" class=\"so-panel widget widget_sow-image panel-first-child\" data-index=\"8\" ><div class=\"panel-widget-style panel-widget-style-for-269-2-0-0\" ><div\n\t\t\t\n\t\t\tclass=\"so-widget-sow-image so-widget-sow-image-default-8b5b6f678277-269\"\n\t\t\t\n\t\t>\n<div class=\"sow-image-container\">\n\t\t\t<a href=\"https:\/\/www.bragdoya.no\/index.php\/besokende\/utleie\/overnatting\/vogts-villa-pa-dvergsoya\/\"\n\t\t\t\t\t>\n\t\t\t<img \n\tsrc=\"https:\/\/www.bragdoya.no\/wp-content\/uploads\/2024\/04\/61d2474e-1a00-4042-ab8c-ccb4da76d118-272x182.jpg\" width=\"272\" height=\"182\" srcset=\"https:\/\/www.bragdoya.no\/wp-content\/uploads\/2024\/04\/61d2474e-1a00-4042-ab8c-ccb4da76d118-272x182.jpg 272w, https:\/\/www.bragdoya.no\/wp-content\/uploads\/2024\/04\/61d2474e-1a00-4042-ab8c-ccb4da76d118-16x12.jpg 16w\" sizes=\"(max-width: 272px) 100vw, 272px\" title=\"Vogts villa hovedinngang\" alt=\"Vogts villa fasade\" loading=\"lazy\" \t\tclass=\"so-widget-image\"\/>\n\t\t\t<\/a><\/div>\n\n<\/div><\/div><\/div><div id=\"panel-269-2-0-1\" class=\"so-panel widget widget_sow-editor panel-last-child\" data-index=\"9\" ><div class=\"panel-widget-style panel-widget-style-for-269-2-0-1\" ><div\n\t\t\t\n\t\t\tclass=\"so-widget-sow-editor so-widget-sow-editor-base\"\n\t\t\t\n\t\t>\n<div class=\"siteorigin-widget-tinymce textwidget\">\n\t<h3 style=\"text-align: left;\"><a href=\"https:\/\/www.bragdoya.no\/index.php\/besokende\/utleie\/overnatting\/vogts-villa-pa-dvergsoya\/\">Vogts villa p\u00e5 Dvergs\u00f8ya<\/a><\/h3>\n<p style=\"text-align: left;\">Vogts villa er en herskapelig villa p\u00e5 Dvergs\u00f8ya. Her er det store oppholdsrom med mulighet for \u00e5 dekke langbord, kj\u00f8kken, to bad og 18 sengeplasser fordelt p\u00e5 fem rom. P\u00e5 utsiden er det en stor terrasse og fine uteomr\u00e5der.<\/p>\n<\/div>\n<\/div><\/div><\/div><\/div><div id=\"pgc-269-2-1\"  class=\"panel-grid-cell panel-grid-cell-empty\" ><\/div><div id=\"pgc-269-2-2\"  class=\"panel-grid-cell\" ><div id=\"panel-269-2-2-0\" class=\"so-panel widget widget_sow-image panel-first-child\" data-index=\"10\" ><div\n\t\t\t\n\t\t\tclass=\"so-widget-sow-image so-widget-sow-image-default-8b5b6f678277-269\"\n\t\t\t\n\t\t>\n<div class=\"sow-image-container\">\n\t\t\t<a href=\"https:\/\/www.bragdoya.no\/index.php\/besokende\/utleie\/overnatting\/vakthytta\/\"\n\t\t\t\t\t>\n\t\t\t<img \n\tsrc=\"https:\/\/www.bragdoya.no\/wp-content\/uploads\/2025\/02\/Forside-mellom-traer-272x182.jpg\" width=\"272\" height=\"182\" sizes=\"(max-width: 272px) 100vw, 272px\" title=\"Forside mellom tr\u00e6r\" alt=\"\" loading=\"lazy\" \t\tclass=\"so-widget-image\"\/>\n\t\t\t<\/a><\/div>\n\n<\/div><\/div><div id=\"panel-269-2-2-1\" class=\"so-panel widget widget_sow-editor panel-last-child\" data-index=\"11\" ><div\n\t\t\t\n\t\t\tclass=\"so-widget-sow-editor so-widget-sow-editor-base\"\n\t\t\t\n\t\t>\n<div class=\"siteorigin-widget-tinymce textwidget\">\n\t<h3 style=\"text-align: left;\"><a href=\"https:\/\/www.bragdoya.no\/index.php\/besokende\/utleie\/overnatting\/vakthytta\/\">Vakthytta p\u00e5 Dvergs\u00f8ya<\/a><\/h3>\n<p>Vakthytta p\u00e5 Dvergs\u00f8ya er en liten hytte like i n\u00e6rheten av Vogts Villa p\u00e5 Dvergs\u00f8ya. Her er det plass til tre personer og ellers enkel standard uten kokemuligheter. I Vakthytta er det tillatt med hund.<\/p>\n<\/div>\n<\/div><\/div><\/div><div id=\"pgc-269-2-3\"  class=\"panel-grid-cell panel-grid-cell-empty\" ><\/div><div id=\"pgc-269-2-4\"  class=\"panel-grid-cell\" ><div id=\"panel-269-2-4-0\" class=\"so-panel widget widget_sow-image panel-first-child\" data-index=\"12\" ><div\n\t\t\t\n\t\t\tclass=\"so-widget-sow-image so-widget-sow-image-default-8b5b6f678277-269\"\n\t\t\t\n\t\t>\n<div class=\"sow-image-container\">\n\t\t\t<a href=\"https:\/\/www.bragdoya.no\/index.php\/besokende\/utleie\/overnatting\/dvergsloa\/\"\n\t\t\t\t\t>\n\t\t\t<img \n\tsrc=\"https:\/\/www.bragdoya.no\/wp-content\/uploads\/2024\/04\/Dvergsloa-272x182.jpg\" width=\"272\" height=\"182\" srcset=\"https:\/\/www.bragdoya.no\/wp-content\/uploads\/2024\/04\/Dvergsloa-272x182.jpg 272w, https:\/\/www.bragdoya.no\/wp-content\/uploads\/2024\/04\/Dvergsloa-16x12.jpg 16w\" sizes=\"(max-width: 272px) 100vw, 272px\" title=\"Dvergsl\u00f8a\" alt=\"\" loading=\"lazy\" \t\tclass=\"so-widget-image\"\/>\n\t\t\t<\/a><\/div>\n\n<\/div><\/div><div id=\"panel-269-2-4-1\" class=\"so-panel widget widget_sow-editor panel-last-child\" data-index=\"13\" ><div\n\t\t\t\n\t\t\tclass=\"so-widget-sow-editor so-widget-sow-editor-base\"\n\t\t\t\n\t\t>\n<div class=\"siteorigin-widget-tinymce textwidget\">\n\t<h3 style=\"text-align: left;\"><a href=\"https:\/\/www.bragdoya.no\/index.php\/besokende\/utleie\/overnatting\/dvergsloa\/\">Dvergsl\u00f8a p\u00e5 Dvergs\u00f8ya<\/a><\/h3>\n<p>Dvergsl\u00f8a ligger p\u00e5 Dvergs\u00f8ya, med store jorder, brygge og strand rett i n\u00e6rheten. I l\u00f8a er det et oppholdsrom med sofakrok og kj\u00f8kken, loftstue, bad med do og dusj, og tre soverom med totalt ti sengeplasser.<\/p>\n<\/div>\n<\/div><\/div><\/div><\/div><\/div><div id=\"pg-269-3\"  class=\"panel-grid panel-has-style\" ><div class=\"panel-row-style panel-row-style-for-269-3\" ><div id=\"pgc-269-3-0\"  class=\"panel-grid-cell\" ><div id=\"panel-269-3-0-0\" class=\"so-panel widget widget_sow-image panel-first-child\" data-index=\"14\" ><div\n\t\t\t\n\t\t\tclass=\"so-widget-sow-image so-widget-sow-image-default-8b5b6f678277-269\"\n\t\t\t\n\t\t>\n<div class=\"sow-image-container\">\n\t\t\t<a href=\"https:\/\/www.bragdoya.no\/index.php\/om-oss\/medlemsinformasjon\/grupper\/jordbaerbua\/\"\n\t\t\t\t\t>\n\t\t\t<img \n\tsrc=\"https:\/\/www.bragdoya.no\/wp-content\/uploads\/2020\/06\/P1060121-Copy-272x182.jpg\" width=\"272\" height=\"182\" sizes=\"(max-width: 272px) 100vw, 272px\" title=\"Jordb\u00e6rbua\" alt=\"\" loading=\"lazy\" \t\tclass=\"so-widget-image\"\/>\n\t\t\t<\/a><\/div>\n\n<\/div><\/div><div id=\"panel-269-3-0-1\" class=\"so-panel widget widget_sow-editor panel-last-child\" data-index=\"15\" ><div\n\t\t\t\n\t\t\tclass=\"so-widget-sow-editor so-widget-sow-editor-base\"\n\t\t\t\n\t\t>\n<div class=\"siteorigin-widget-tinymce textwidget\">\n\t<h3 style=\"text-align: left;\"><a href=\"https:\/\/www.bragdoya.no\/index.php\/om-oss\/medlemsinformasjon\/grupper\/jordbaerbua\/\">Jordb\u00e6rbua p\u00e5 Dvergs\u00f8ya<\/a><\/h3>\n<p>Jordb\u00e6rbua er en liten hytte p\u00e5 Dvergs\u00f8ya, idyllisk plassert i strandkanten med store jorder, brygge og grillplass rett p\u00e5 utsiden. Hytta er enkelt utstyrt med en kj\u00f8kkenkrok og soveplass til 5-6 personer.<\/p>\n<\/div>\n<\/div><\/div><\/div><div id=\"pgc-269-3-1\"  class=\"panel-grid-cell panel-grid-cell-empty\" ><\/div><div id=\"pgc-269-3-2\"  class=\"panel-grid-cell\" ><div id=\"panel-269-3-2-0\" class=\"so-panel widget widget_sow-image panel-first-child\" data-index=\"16\" ><div\n\t\t\t\n\t\t\tclass=\"so-widget-sow-image so-widget-sow-image-default-8b5b6f678277-269\"\n\t\t\t\n\t\t>\n<div class=\"sow-image-container\">\n\t\t\t<a href=\"https:\/\/www.bragdoya.no\/index.php\/besokende\/utleie\/overnatting\/vaningshuset\/\"\n\t\t\t\t\t>\n\t\t\t<img \n\tsrc=\"https:\/\/www.bragdoya.no\/wp-content\/uploads\/2025\/02\/IMG_7781-272x182.jpeg\" width=\"272\" height=\"182\" srcset=\"https:\/\/www.bragdoya.no\/wp-content\/uploads\/2025\/02\/IMG_7781-272x182.jpeg 272w, https:\/\/www.bragdoya.no\/wp-content\/uploads\/2025\/02\/IMG_7781-16x12.jpeg 16w\" sizes=\"(max-width: 272px) 100vw, 272px\" title=\"IMG_7781\" alt=\"\" loading=\"lazy\" \t\tclass=\"so-widget-image\"\/>\n\t\t\t<\/a><\/div>\n\n<\/div><\/div><div id=\"panel-269-3-2-1\" class=\"so-panel widget widget_sow-editor panel-last-child\" data-index=\"17\" ><div\n\t\t\t\n\t\t\tclass=\"so-widget-sow-editor so-widget-sow-editor-base\"\n\t\t\t\n\t\t>\n<div class=\"siteorigin-widget-tinymce textwidget\">\n\t<h3 style=\"text-align: left;\"><a href=\"https:\/\/www.bragdoya.no\/index.php\/besokende\/utleie\/overnatting\/vaningshuset\/\">V\u00e5ningshuset p\u00e5 Stokken<\/a><\/h3>\n<p style=\"text-align: left;\">V\u00e5ningshuset ligger p\u00e5 den idylliske \u00f8ya Stokken i Randesund. Her er det ti sengeplasser og ellers god plass \u00e5 boltre seg p\u00e5. I n\u00e6rheten av hytta er det jorder, brygger og en strand med gode bademuligheter.<\/p>\n<\/div>\n<\/div><\/div><\/div><div id=\"pgc-269-3-3\"  class=\"panel-grid-cell panel-grid-cell-empty\" ><\/div><div id=\"pgc-269-3-4\"  class=\"panel-grid-cell\" ><div id=\"panel-269-3-4-0\" class=\"so-panel widget widget_sow-image panel-first-child\" data-index=\"18\" ><div\n\t\t\t\n\t\t\tclass=\"so-widget-sow-image so-widget-sow-image-default-8b5b6f678277-269\"\n\t\t\t\n\t\t>\n<div class=\"sow-image-container\">\n\t\t\t<a href=\"https:\/\/www.bragdoya.no\/index.php\/besokende\/utleie\/overnatting\/dokkestua\/\"\n\t\t\t\t\t>\n\t\t\t<img \n\tsrc=\"https:\/\/www.bragdoya.no\/wp-content\/uploads\/2018\/12\/Dokkestua-272x182.jpg\" width=\"272\" height=\"182\" sizes=\"(max-width: 272px) 100vw, 272px\" alt=\"\" loading=\"lazy\" \t\tclass=\"so-widget-image\"\/>\n\t\t\t<\/a><\/div>\n\n<\/div><\/div><div id=\"panel-269-3-4-1\" class=\"so-panel widget widget_sow-editor panel-last-child\" data-index=\"19\" ><div\n\t\t\t\n\t\t\tclass=\"so-widget-sow-editor so-widget-sow-editor-base\"\n\t\t\t\n\t\t>\n<div class=\"siteorigin-widget-tinymce textwidget\">\n\t<h3 style=\"text-align: left;\"><a href=\"https:\/\/www.bragdoya.no\/index.php\/besokende\/utleie\/overnatting\/dokkestua\/\">Dokkestua p\u00e5 Stokken<\/a><\/h3>\n<p style=\"text-align: left;\"><span class=\"font-size-3\">Dokkestua er en koselig liten hytte med plass til 4-5 personer som lever opp til navnet sitt, idyllisk plassert p\u00e5 Stokken i Randesundskj\u00e6rg\u00e5rden. Her er det brygger, jorder og en fin strand rett i n\u00e6rheten.\u00a0<\/span><\/p>\n<\/div>\n<\/div><\/div><\/div><\/div><\/div><div id=\"pg-269-4\"  class=\"panel-grid panel-has-style\" ><div class=\"panel-row-style panel-row-style-for-269-4\" ><div id=\"pgc-269-4-0\"  class=\"panel-grid-cell\" ><div id=\"panel-269-4-0-0\" class=\"so-panel widget widget_sow-image panel-first-child\" data-index=\"20\" ><div\n\t\t\t\n\t\t\tclass=\"so-widget-sow-image so-widget-sow-image-default-8b5b6f678277-269\"\n\t\t\t\n\t\t>\n<div class=\"sow-image-container\">\n\t\t\t<a href=\"https:\/\/www.bragdoya.no\/index.php\/om-oss\/om-gronningen\/\"\n\t\t\t\t\t>\n\t\t\t<img \n\tsrc=\"https:\/\/www.bragdoya.no\/wp-content\/uploads\/2018\/04\/DSCF3485-1-272x182.jpg\" width=\"272\" height=\"182\" sizes=\"(max-width: 272px) 100vw, 272px\" alt=\"\" loading=\"lazy\" \t\tclass=\"so-widget-image\"\/>\n\t\t\t<\/a><\/div>\n\n<\/div><\/div><div id=\"panel-269-4-0-1\" class=\"so-panel widget widget_sow-editor panel-last-child\" data-index=\"21\" ><div\n\t\t\t\n\t\t\tclass=\"so-widget-sow-editor so-widget-sow-editor-base\"\n\t\t\t\n\t\t>\n<div class=\"siteorigin-widget-tinymce textwidget\">\n\t<h3 style=\"text-align: left;\"><a href=\"https:\/\/www.bragdoya.no\/index.php\/om-oss\/om-gronningen\/\">Gr\u00f8nningen fyr<\/a><\/h3>\n<p style=\"text-align: left;\"><span class=\"font-size-3\">Gr\u00f8nningen fyr ligger v\u00e6rhardt til ytterst p\u00e5 \u00f8stsiden av Kristiansandsfjorden. p\u00e5 den blankskurte holmen med himmel og hav p\u00e5 alle kanter lever man i n\u00e6r kontakt med naturen.<\/span><\/p>\n<\/div>\n<\/div><\/div><\/div><div id=\"pgc-269-4-1\"  class=\"panel-grid-cell panel-grid-cell-empty\" ><\/div><div id=\"pgc-269-4-2\"  class=\"panel-grid-cell\" ><div id=\"panel-269-4-2-0\" class=\"so-panel widget widget_sow-image panel-first-child\" data-index=\"22\" ><div\n\t\t\t\n\t\t\tclass=\"so-widget-sow-image so-widget-sow-image-default-8b5b6f678277-269\"\n\t\t\t\n\t\t>\n<div class=\"sow-image-container\">\n\t\t\t<a href=\"https:\/\/www.bragdoya.no\/index.php\/besokende\/utleie\/overnatting\/oksoy\/\"\n\t\t\t\t\t>\n\t\t\t<img \n\tsrc=\"https:\/\/www.bragdoya.no\/wp-content\/uploads\/2021\/08\/20210629_232238-272x182.jpg\" width=\"272\" height=\"182\" sizes=\"(max-width: 272px) 100vw, 272px\" title=\"20210629_232238\" alt=\"Oks\u00f8y\" loading=\"lazy\" \t\tclass=\"so-widget-image\"\/>\n\t\t\t<\/a><\/div>\n\n<\/div><\/div><div id=\"panel-269-4-2-1\" class=\"so-panel widget widget_sow-editor panel-last-child\" data-index=\"23\" ><div\n\t\t\t\n\t\t\tclass=\"so-widget-sow-editor so-widget-sow-editor-base\"\n\t\t\t\n\t\t>\n<div class=\"siteorigin-widget-tinymce textwidget\">\n\t<h3 style=\"text-align: left;\"><a href=\"https:\/\/www.bragdoya.no\/index.php\/besokende\/utleie\/overnatting\/oksoy\/\">Loshuset p\u00e5 Oks\u00f8y<\/a><\/h3>\n<p style=\"text-align: left;\">Denne destinasjonen er ikke klarert for utleie gjennom Bragd\u00f8ya Kystlag i \u00e5r.<\/p>\n<\/div>\n<\/div><\/div><\/div><div id=\"pgc-269-4-3\"  class=\"panel-grid-cell panel-grid-cell-empty panel-grid-cell-mobile-last\" ><\/div><div id=\"pgc-269-4-4\"  class=\"panel-grid-cell panel-grid-cell-empty\" ><\/div><\/div><\/div><\/div>","protected":false},"excerpt":{"rendered":"<p>Gerrards villa Gerrards villa ligger idyllisk til ti minutters spasertur fra Saltebua og havna p\u00e5 Bragd\u00f8ya.\u00a0I villaen er det felles bad, kj\u00f8kken og oppholdsrom for gjestene, samt ti sengeplasser fordelt p\u00e5 fem rom.\u00a0 Vinterro leirsted Vinterro er et hyggelig leirsted med fem hytter, kun noen f\u00e5 minutters gange fra Saltebua og havna p\u00e5 Bragd\u00f8ya. Hyttene&hellip; <br \/> <a class=\"read-more\" href=\"https:\/\/www.bragdoya.no\/index.php\/besokende\/utleie\/overnatting\/\">Read more<\/a><\/p>\n","protected":false},"author":1,"featured_media":0,"parent":300,"menu_order":2,"comment_status":"closed","ping_status":"closed","template":"","meta":[],"_links":{"self":[{"href":"https:\/\/www.bragdoya.no\/index.php\/wp-json\/wp\/v2\/pages\/269"}],"collection":[{"href":"https:\/\/www.bragdoya.no\/index.php\/wp-json\/wp\/v2\/pages"}],"about":[{"href":"https:\/\/www.bragdoya.no\/index.php\/wp-json\/wp\/v2\/types\/page"}],"author":[{"embeddable":true,"href":"https:\/\/www.bragdoya.no\/index.php\/wp-json\/wp\/v2\/users\/1"}],"replies":[{"embeddable":true,"href":"https:\/\/www.bragdoya.no\/index.php\/wp-json\/wp\/v2\/comments?post=269"}],"version-history":[{"count":352,"href":"https:\/\/www.bragdoya.no\/index.php\/wp-json\/wp\/v2\/pages\/269\/revisions"}],"predecessor-version":[{"id":11732,"href":"https:\/\/www.bragdoya.no\/index.php\/wp-json\/wp\/v2\/pages\/269\/revisions\/11732"}],"up":[{"embeddable":true,"href":"https:\/\/www.bragdoya.no\/index.php\/wp-json\/wp\/v2\/pages\/300"}],"wp:attachment":[{"href":"https:\/\/www.bragdoya.no\/index.php\/wp-json\/wp\/v2\/media?parent=269"}],"curies":[{"name":"wp","href":"https:\/\/api.w.org\/{rel}","templated":true}]}}