{"id":2637,"date":"2018-04-24T20:53:25","date_gmt":"2018-04-24T20:53:25","guid":{"rendered":"http:\/\/henrikhe.com\/opedal\/?page_id=2637"},"modified":"2021-03-18T14:23:39","modified_gmt":"2021-03-18T13:23:39","slug":"hms","status":"publish","type":"page","link":"https:\/\/www.bragdoya.no\/index.php\/for-medlemmer\/hms\/","title":{"rendered":"HMS"},"content":{"rendered":"<div id=\"pl-2637\"  class=\"panel-layout\" ><div id=\"pg-2637-0\"  class=\"panel-grid panel-has-style\" ><div class=\"panel-row-style panel-row-style-for-2637-0\" ><div id=\"pgc-2637-0-0\"  class=\"panel-grid-cell\" ><div id=\"panel-2637-0-0-0\" class=\"so-panel widget widget_text panel-first-child panel-last-child\" data-index=\"0\" ><h3 class=\"widget-title\">HMS i Bragd\u00f8ya kystlag<\/h3>\t\t\t<div class=\"textwidget\"><p><strong>Overordnet m\u00e5l for HMS-arbeidet i Bragd\u00f8ya kystlag er:<\/strong><\/p>\n<p><em>Bragd\u00f8ya Kystlag skal ha et godt og inkluderende milj\u00f8 med fokus p\u00e5 positive opplevelser knyttet til kystkultur og kystfriluftsliv. Ulykker og helseskader skal forebygges med aktiv fokus p\u00e5 sikkerhet og ansvar. Lagets aktiviteter skal ha minst mulig p\u00e5virkning p\u00e5 det ytre milj\u00f8.<\/em><\/p>\n<p>HMS-arbeidet er beskrevet i dokumentet: <a href=\"https:\/\/www.bragdoya.no\/wp-content\/uploads\/2021\/03\/Hoveddokument-Bragdoya-HMS_system-1.pdf\">Helse-, milj\u00f8- og sikkerhetsarbeid i Bragd\u00f8ya kystlag<\/a><\/p>\n<p><strong><br \/>\n<\/strong><strong>Rutiner ved u\u00f8nskede hendelser<br \/>\n<\/strong>Ved u\u00f8nskede hendelser skal HMS meldeskjema fylles ut og sendes til eposten:<strong><a href=\"mailto:hms@bragdoya.no\">hms@bragdoya.no\u00a0<\/a><\/strong><\/p>\n<p><a href=\"https:\/\/www.bragdoya.no\/wp-content\/uploads\/2021\/03\/HMS-meldingsskjema_RUH_ver-1.0.pdf\">HMS meldeskjema-word<\/a><\/p>\n<p><a href=\"https:\/\/www.bragdoya.no\/wp-content\/uploads\/2021\/03\/HMS-meldingsskjema_RUH_ver-1.0-1.pdf\">HMS meldeskjema-PDF<\/a><\/p>\n<p>Dette skjemaet kan ogs\u00e5 brukes for \u00e5 foresl\u00e5 forbedringer osv.<\/p>\n<p><strong>Rutiner ved oppstart av arbeid<br \/>\n<\/strong>F\u00f8r oppstart av st\u00f8rre arbeider skal skjemaet for sikker jobbanalyse fylles ut og sendes til eposten: <a href=\"mailto:hms@bragdoya.no\">hms@bragdoya.no<\/a><\/p>\n<p><a href=\"https:\/\/www.bragdoya.no\/wp-content\/uploads\/2021\/03\/Sikker-jobb-analyse-BK_HMS_skjema_SJA_ver-1.0.docx\">Sikker jobbanalyse &#8211; word<\/a><\/p>\n<p><a href=\"https:\/\/www.bragdoya.no\/wp-content\/uploads\/2021\/03\/Sikker-jobb-analyse-BK_HMS_skjema_SJA_ver-1.0.pdf\">Sikker jobbanalyse &#8211; PDF<\/a><\/p>\n<p>&nbsp;<\/p>\n<p>&nbsp;<\/p>\n<\/div>\n\t\t<\/div><\/div><\/div><\/div><\/div>","protected":false},"excerpt":{"rendered":"<p>Overordnet m\u00e5l for HMS-arbeidet i Bragd\u00f8ya kystlag er: Bragd\u00f8ya Kystlag skal ha et godt og inkluderende milj\u00f8 med fokus p\u00e5 positive opplevelser knyttet til kystkultur og kystfriluftsliv. Ulykker og helseskader skal forebygges med aktiv fokus p\u00e5 sikkerhet og ansvar. Lagets aktiviteter skal ha minst mulig p\u00e5virkning p\u00e5 det ytre milj\u00f8. HMS-arbeidet er beskrevet i dokumentet:&hellip; <br \/> <a class=\"read-more\" href=\"https:\/\/www.bragdoya.no\/index.php\/for-medlemmer\/hms\/\">Read more<\/a><\/p>\n","protected":false},"author":1,"featured_media":0,"parent":62,"menu_order":7,"comment_status":"closed","ping_status":"closed","template":"","meta":[],"_links":{"self":[{"href":"https:\/\/www.bragdoya.no\/index.php\/wp-json\/wp\/v2\/pages\/2637"}],"collection":[{"href":"https:\/\/www.bragdoya.no\/index.php\/wp-json\/wp\/v2\/pages"}],"about":[{"href":"https:\/\/www.bragdoya.no\/index.php\/wp-json\/wp\/v2\/types\/page"}],"author":[{"embeddable":true,"href":"https:\/\/www.bragdoya.no\/index.php\/wp-json\/wp\/v2\/users\/1"}],"replies":[{"embeddable":true,"href":"https:\/\/www.bragdoya.no\/index.php\/wp-json\/wp\/v2\/comments?post=2637"}],"version-history":[{"count":7,"href":"https:\/\/www.bragdoya.no\/index.php\/wp-json\/wp\/v2\/pages\/2637\/revisions"}],"predecessor-version":[{"id":6926,"href":"https:\/\/www.bragdoya.no\/index.php\/wp-json\/wp\/v2\/pages\/2637\/revisions\/6926"}],"up":[{"embeddable":true,"href":"https:\/\/www.bragdoya.no\/index.php\/wp-json\/wp\/v2\/pages\/62"}],"wp:attachment":[{"href":"https:\/\/www.bragdoya.no\/index.php\/wp-json\/wp\/v2\/media?parent=2637"}],"curies":[{"name":"wp","href":"https:\/\/api.w.org\/{rel}","templated":true}]}}