{"id":256,"date":"2018-03-06T13:54:02","date_gmt":"2018-03-06T13:54:02","guid":{"rendered":"https:\/\/henrikhilmer.com\/opedal\/?page_id=256"},"modified":"2023-06-16T00:05:31","modified_gmt":"2023-06-15T22:05:31","slug":"havneregler","status":"publish","type":"page","link":"https:\/\/www.bragdoya.no\/index.php\/besokende\/havneregler\/","title":{"rendered":"Bruk av bryggeanlegget"},"content":{"rendered":"<div id=\"pl-256\"  class=\"panel-layout\" ><div id=\"pg-256-0\"  class=\"panel-grid panel-has-style\" ><div class=\"panel-row-style panel-row-style-for-256-0\" ><div id=\"pgc-256-0-0\"  class=\"panel-grid-cell\" ><div id=\"panel-256-0-0-0\" class=\"so-panel widget panel-first-child panel-last-child\" data-index=\"0\" ><\/div><\/div><\/div><\/div><div id=\"pg-256-1\"  class=\"panel-grid panel-has-style\" ><div class=\"panel-row-style panel-row-style-for-256-1\" ><div id=\"pgc-256-1-0\"  class=\"panel-grid-cell\" ><div id=\"panel-256-1-0-0\" class=\"so-panel widget widget_sow-editor panel-first-child\" data-index=\"1\" ><div\n\t\t\t\n\t\t\tclass=\"so-widget-sow-editor so-widget-sow-editor-base\"\n\t\t\t\n\t\t>\n<div class=\"siteorigin-widget-tinymce textwidget\">\n\t<h3 style=\"text-align: left;\"><strong>BRYGGEANLEGGET<\/strong><\/h3>\n<p style=\"text-align: left;\">Ved Kystkultursenteret er det et bryggeanlegg der du kan legge til med egen b\u00e5t.<\/p>\n<p style=\"text-align: left;\">Vi vil at brygga skal v\u00e6re til glede for kystlaget og gjester p\u00e5 Bragd\u00f8ya. Det er derfor noen retningslinjer du m\u00e5 f\u00f8lge dersom du \u00f8nsker \u00e5 benytte deg av v\u00e5rt bryggeanlegg.<\/p>\n<ul style=\"text-align: left;\">\n<li>Hvis du ligger med siden til brygga m\u00e5 andre kunne legge til p\u00e5 utsiden.<\/li>\n<li>Du finner vannslange flere steder langs brygga.<\/li>\n<li>Vi tilbyr ikke str\u00f8m til v\u00e5re gjester.<\/li>\n<li>Det er ikke offentlig s\u00f8ppelt\u00f8ming p\u00e5 Bragd\u00f8ya, alt s\u00f8ppel m\u00e5 tas med til land.<\/li>\n<li>Husk b\u00e5ndtvang p\u00e5 \u00f8ya hele \u00e5ret.<\/li>\n<\/ul>\n<p style=\"text-align: left;\">Du kan maks ligge i 2 d\u00f8gn. Har du behov for \u00e5 bli liggende lengre m\u00e5 du ta kontakt med kontoret p\u00e5 telefon <a href=\"tel:41489500\">414 89 500<\/a> eller vertskapet p\u00e5 telefon <a href=\"tel:91676177\">916 76\u00a0177<\/a><\/p>\n<p style=\"text-align: left;\">Kontakt oss for andre henvendelser.<\/p>\n<\/div>\n<\/div><\/div><div id=\"panel-256-1-0-1\" class=\"so-panel widget widget_sow-button panel-last-child\" data-index=\"2\" ><div\n\t\t\t\n\t\t\tclass=\"so-widget-sow-button so-widget-sow-button-flat-69c149ef62d4-256\"\n\t\t\t\n\t\t><div class=\"ow-button-base ow-button-align-left\"\n>\n\t\t\t<a\n\t\t\t\t\thref=\"https:\/\/www.bragdoya.no\/index.php\/kontakt-oss\/\"\n\t\t\t\t\tclass=\"sowb-button ow-icon-placement-left ow-button-hover\" \t>\n\t\t<span>\n\t\t\t\n\t\t\tKontakt oss\t\t<\/span>\n\t\t\t<\/a>\n\t<\/div>\n<\/div><\/div><\/div><\/div><\/div><\/div>","protected":false},"excerpt":{"rendered":"<p>BRYGGEANLEGGET Ved Kystkultursenteret er det et bryggeanlegg der du kan legge til med egen b\u00e5t. Vi vil at brygga skal v\u00e6re til glede for kystlaget og gjester p\u00e5 Bragd\u00f8ya. Det er derfor noen retningslinjer du m\u00e5 f\u00f8lge dersom du \u00f8nsker \u00e5 benytte deg av v\u00e5rt bryggeanlegg. Hvis du ligger med siden til brygga m\u00e5 andre&hellip; <br \/> <a class=\"read-more\" href=\"https:\/\/www.bragdoya.no\/index.php\/besokende\/havneregler\/\">Read more<\/a><\/p>\n","protected":false},"author":1,"featured_media":0,"parent":291,"menu_order":2,"comment_status":"closed","ping_status":"closed","template":"","meta":[],"_links":{"self":[{"href":"https:\/\/www.bragdoya.no\/index.php\/wp-json\/wp\/v2\/pages\/256"}],"collection":[{"href":"https:\/\/www.bragdoya.no\/index.php\/wp-json\/wp\/v2\/pages"}],"about":[{"href":"https:\/\/www.bragdoya.no\/index.php\/wp-json\/wp\/v2\/types\/page"}],"author":[{"embeddable":true,"href":"https:\/\/www.bragdoya.no\/index.php\/wp-json\/wp\/v2\/users\/1"}],"replies":[{"embeddable":true,"href":"https:\/\/www.bragdoya.no\/index.php\/wp-json\/wp\/v2\/comments?post=256"}],"version-history":[{"count":30,"href":"https:\/\/www.bragdoya.no\/index.php\/wp-json\/wp\/v2\/pages\/256\/revisions"}],"predecessor-version":[{"id":10065,"href":"https:\/\/www.bragdoya.no\/index.php\/wp-json\/wp\/v2\/pages\/256\/revisions\/10065"}],"up":[{"embeddable":true,"href":"https:\/\/www.bragdoya.no\/index.php\/wp-json\/wp\/v2\/pages\/291"}],"wp:attachment":[{"href":"https:\/\/www.bragdoya.no\/index.php\/wp-json\/wp\/v2\/media?parent=256"}],"curies":[{"name":"wp","href":"https:\/\/api.w.org\/{rel}","templated":true}]}}