{"id":2478,"date":"2018-04-17T10:01:12","date_gmt":"2018-04-17T10:01:12","guid":{"rendered":"http:\/\/henrikhe.com\/opedal\/?page_id=2478"},"modified":"2025-10-19T08:09:30","modified_gmt":"2025-10-19T06:09:30","slug":"villsaulaget","status":"publish","type":"page","link":"https:\/\/www.bragdoya.no\/index.php\/villsaulaget\/","title":{"rendered":"Villsaulaget"},"content":{"rendered":"<div id=\"pl-2478\"  class=\"panel-layout\" ><div id=\"pg-2478-0\"  class=\"panel-grid panel-no-style\" ><div id=\"pgc-2478-0-0\"  class=\"panel-grid-cell panel-grid-cell-mobile-last\" ><div id=\"panel-2478-0-0-0\" class=\"so-panel widget widget_sow-editor panel-first-child panel-last-child\" data-index=\"0\" ><div\n\t\t\t\n\t\t\tclass=\"so-widget-sow-editor so-widget-sow-editor-base\"\n\t\t\t\n\t\t><h3 class=\"widget-title\">Villsaulaget<\/h3>\n<div class=\"siteorigin-widget-tinymce textwidget\">\n\t<\/div>\n<\/div><\/div><\/div><div id=\"pgc-2478-0-1\"  class=\"panel-grid-cell panel-grid-cell-empty\" ><\/div><\/div><div id=\"pg-2478-1\"  class=\"panel-grid panel-no-style\" ><div id=\"pgc-2478-1-0\"  class=\"panel-grid-cell\" ><div id=\"panel-2478-1-0-0\" class=\"so-panel widget widget_sow-editor panel-first-child panel-last-child\" data-index=\"1\" ><div\n\t\t\t\n\t\t\tclass=\"so-widget-sow-editor so-widget-sow-editor-base\"\n\t\t\t\n\t\t>\n<div class=\"siteorigin-widget-tinymce textwidget\">\n\t<p>Villsaulaget er en ikke-kommersiell gruppe under Bragd\u00f8ya kystlag. Villsaulaget har som m\u00e5l \u00e5 berike kulturlandskapet og milj\u00f8et p\u00e5 Bragd\u00f8ya med en stabil og velstelt villsaustamme til glede for b\u00e5de sauene og alle bes\u00f8kende p\u00e5 \u00f8ya.<\/p>\n<p>Saueflokken har en stamme p\u00e5 32 voksne dyr, som g\u00e5r ute p\u00e5 \u00f8ya hele \u00e5ret. P\u00e5 sommerhalv\u00e5ret kan det bli opp mot 80 sauer med stort og sm\u00e5tt.<\/p>\n<p>Vil du v\u00e6re med? Kontakt leder av villsaugruppa, <a href=\"eojseilen@gmail.com\">Ellen Seilen\u00a0<\/a><\/p>\n<\/div>\n<\/div><\/div><\/div><div id=\"pgc-2478-1-1\"  class=\"panel-grid-cell\" ><div id=\"panel-2478-1-1-0\" class=\"so-panel widget widget_sow-image panel-first-child panel-last-child\" data-index=\"2\" ><div\n\t\t\t\n\t\t\tclass=\"so-widget-sow-image so-widget-sow-image-default-8b5b6f678277-2478\"\n\t\t\t\n\t\t>\n<div class=\"sow-image-container\">\n\t\t<img \n\tsrc=\"https:\/\/www.bragdoya.no\/wp-content\/uploads\/2018\/04\/Villsau_komp-300x200.jpg\" width=\"300\" height=\"200\" srcset=\"https:\/\/www.bragdoya.no\/wp-content\/uploads\/2018\/04\/Villsau_komp-300x200.jpg 300w, https:\/\/www.bragdoya.no\/wp-content\/uploads\/2018\/04\/Villsau_komp-768x512.jpg 768w, https:\/\/www.bragdoya.no\/wp-content\/uploads\/2018\/04\/Villsau_komp-1024x682.jpg 1024w, https:\/\/www.bragdoya.no\/wp-content\/uploads\/2018\/04\/Villsau_komp-1620x1080.jpg 1620w, https:\/\/www.bragdoya.no\/wp-content\/uploads\/2018\/04\/Villsau_komp-272x182.jpg 272w, https:\/\/www.bragdoya.no\/wp-content\/uploads\/2018\/04\/Villsau_komp.jpg 2000w\" sizes=\"(max-width: 300px) 100vw, 300px\" title=\"Villsau\" alt=\"Villsau\" loading=\"lazy\" \t\tclass=\"so-widget-image\"\/>\n\t<\/div>\n\n<\/div><\/div><\/div><\/div><\/div>","protected":false},"excerpt":{"rendered":"<p>Villsaulaget er en ikke-kommersiell gruppe under Bragd\u00f8ya kystlag. Villsaulaget har som m\u00e5l \u00e5 berike kulturlandskapet og milj\u00f8et p\u00e5 Bragd\u00f8ya med en stabil og velstelt villsaustamme til glede for b\u00e5de sauene og alle bes\u00f8kende p\u00e5 \u00f8ya. Saueflokken har en stamme p\u00e5 32 voksne dyr, som g\u00e5r ute p\u00e5 \u00f8ya hele \u00e5ret. P\u00e5 sommerhalv\u00e5ret kan det bli&hellip; <br \/> <a class=\"read-more\" href=\"https:\/\/www.bragdoya.no\/index.php\/villsaulaget\/\">Read more<\/a><\/p>\n","protected":false},"author":1,"featured_media":2832,"parent":0,"menu_order":0,"comment_status":"closed","ping_status":"closed","template":"","meta":[],"_links":{"self":[{"href":"https:\/\/www.bragdoya.no\/index.php\/wp-json\/wp\/v2\/pages\/2478"}],"collection":[{"href":"https:\/\/www.bragdoya.no\/index.php\/wp-json\/wp\/v2\/pages"}],"about":[{"href":"https:\/\/www.bragdoya.no\/index.php\/wp-json\/wp\/v2\/types\/page"}],"author":[{"embeddable":true,"href":"https:\/\/www.bragdoya.no\/index.php\/wp-json\/wp\/v2\/users\/1"}],"replies":[{"embeddable":true,"href":"https:\/\/www.bragdoya.no\/index.php\/wp-json\/wp\/v2\/comments?post=2478"}],"version-history":[{"count":18,"href":"https:\/\/www.bragdoya.no\/index.php\/wp-json\/wp\/v2\/pages\/2478\/revisions"}],"predecessor-version":[{"id":12210,"href":"https:\/\/www.bragdoya.no\/index.php\/wp-json\/wp\/v2\/pages\/2478\/revisions\/12210"}],"wp:featuredmedia":[{"embeddable":true,"href":"https:\/\/www.bragdoya.no\/index.php\/wp-json\/wp\/v2\/media\/2832"}],"wp:attachment":[{"href":"https:\/\/www.bragdoya.no\/index.php\/wp-json\/wp\/v2\/media?parent=2478"}],"curies":[{"name":"wp","href":"https:\/\/api.w.org\/{rel}","templated":true}]}}