{"id":2476,"date":"2018-04-17T10:00:49","date_gmt":"2018-04-17T10:00:49","guid":{"rendered":"http:\/\/henrikhe.com\/opedal\/?page_id=2476"},"modified":"2023-03-23T14:07:59","modified_gmt":"2023-03-23T13:07:59","slug":"vevloftet","status":"publish","type":"page","link":"https:\/\/www.bragdoya.no\/index.php\/om-oss\/medlemsinformasjon\/grupper\/vevloftet\/","title":{"rendered":"Vevloftet"},"content":{"rendered":"<div id=\"pl-2476\"  class=\"panel-layout\" ><div id=\"pg-2476-0\"  class=\"panel-grid panel-has-style\" ><div class=\"panel-row-style panel-row-style-for-2476-0\" ><div id=\"pgc-2476-0-0\"  class=\"panel-grid-cell panel-grid-cell-mobile-last\" ><div id=\"panel-2476-0-0-0\" class=\"so-panel widget widget_sow-editor panel-first-child panel-last-child\" data-index=\"0\" ><div class=\"panel-widget-style panel-widget-style-for-2476-0-0-0\" ><div\n\t\t\t\n\t\t\tclass=\"so-widget-sow-editor so-widget-sow-editor-base\"\n\t\t\t\n\t\t>\n<div class=\"siteorigin-widget-tinymce textwidget\">\n\t<h3>Vevloftet<\/h3>\n<\/div>\n<\/div><\/div><\/div><\/div><div id=\"pgc-2476-0-1\"  class=\"panel-grid-cell panel-grid-cell-empty\" ><\/div><\/div><\/div><div id=\"pg-2476-1\"  class=\"panel-grid panel-has-style\" ><div class=\"panel-row-style panel-row-style-for-2476-1\" ><div id=\"pgc-2476-1-0\"  class=\"panel-grid-cell\" ><div id=\"panel-2476-1-0-0\" class=\"so-panel widget widget_sow-editor panel-first-child panel-last-child\" data-index=\"1\" ><div class=\"panel-widget-style panel-widget-style-for-2476-1-0-0\" ><div\n\t\t\t\n\t\t\tclass=\"so-widget-sow-editor so-widget-sow-editor-base\"\n\t\t\t\n\t\t>\n<div class=\"siteorigin-widget-tinymce textwidget\">\n\t<p>Vevgruppa holder til p\u00e5 loftet over sm\u00e5b\u00e5tbua, og er aktive p\u00e5 medlemskveldene stort sett hele \u00e5ret. Her blir filler til de nydeligste ryer. B\u00e5de gamle gardiner og dongeribukser f\u00e5r nytt liv.<br \/>\nTa en tur opp og se p\u00e5 alle fine resultater av gruppas innsats.<\/p>\n<p>Vil du v\u00e6re med?<br \/>\nTa kontakt med gruppeleder, <a href=\"mailto:imhellenes@gmail.com\">Ida-Marie Hellenes<\/a>.<\/p>\n<\/div>\n<\/div><\/div><\/div><\/div><div id=\"pgc-2476-1-1\"  class=\"panel-grid-cell\" ><div id=\"panel-2476-1-1-0\" class=\"so-panel widget widget_sow-image panel-first-child panel-last-child\" data-index=\"2\" ><div\n\t\t\t\n\t\t\tclass=\"so-widget-sow-image so-widget-sow-image-default-8b5b6f678277-2476\"\n\t\t\t\n\t\t>\n<div class=\"sow-image-container\">\n\t\t<img \n\tsrc=\"https:\/\/www.bragdoya.no\/wp-content\/uploads\/2018\/11\/Vevloftet-300x225.jpg\" width=\"300\" height=\"225\" srcset=\"https:\/\/www.bragdoya.no\/wp-content\/uploads\/2018\/11\/Vevloftet-300x225.jpg 300w, https:\/\/www.bragdoya.no\/wp-content\/uploads\/2018\/11\/Vevloftet-768x576.jpg 768w, https:\/\/www.bragdoya.no\/wp-content\/uploads\/2018\/11\/Vevloftet-1024x768.jpg 1024w, https:\/\/www.bragdoya.no\/wp-content\/uploads\/2018\/11\/Vevloftet.jpg 1400w\" sizes=\"(max-width: 300px) 100vw, 300px\" alt=\"\" loading=\"lazy\" \t\tclass=\"so-widget-image\"\/>\n\t<\/div>\n\n<\/div><\/div><\/div><\/div><\/div><\/div>","protected":false},"excerpt":{"rendered":"<p>Vevloftet Vevgruppa holder til p\u00e5 loftet over sm\u00e5b\u00e5tbua, og er aktive p\u00e5 medlemskveldene stort sett hele \u00e5ret. Her blir filler til de nydeligste ryer. B\u00e5de gamle gardiner og dongeribukser f\u00e5r nytt liv. Ta en tur opp og se p\u00e5 alle fine resultater av gruppas innsats. Vil du v\u00e6re med? Ta kontakt med gruppeleder, Ida-Marie Hellenes.<\/p>\n","protected":false},"author":1,"featured_media":3633,"parent":95,"menu_order":0,"comment_status":"closed","ping_status":"closed","template":"","meta":[],"_links":{"self":[{"href":"https:\/\/www.bragdoya.no\/index.php\/wp-json\/wp\/v2\/pages\/2476"}],"collection":[{"href":"https:\/\/www.bragdoya.no\/index.php\/wp-json\/wp\/v2\/pages"}],"about":[{"href":"https:\/\/www.bragdoya.no\/index.php\/wp-json\/wp\/v2\/types\/page"}],"author":[{"embeddable":true,"href":"https:\/\/www.bragdoya.no\/index.php\/wp-json\/wp\/v2\/users\/1"}],"replies":[{"embeddable":true,"href":"https:\/\/www.bragdoya.no\/index.php\/wp-json\/wp\/v2\/comments?post=2476"}],"version-history":[{"count":24,"href":"https:\/\/www.bragdoya.no\/index.php\/wp-json\/wp\/v2\/pages\/2476\/revisions"}],"predecessor-version":[{"id":9703,"href":"https:\/\/www.bragdoya.no\/index.php\/wp-json\/wp\/v2\/pages\/2476\/revisions\/9703"}],"up":[{"embeddable":true,"href":"https:\/\/www.bragdoya.no\/index.php\/wp-json\/wp\/v2\/pages\/95"}],"wp:featuredmedia":[{"embeddable":true,"href":"https:\/\/www.bragdoya.no\/index.php\/wp-json\/wp\/v2\/media\/3633"}],"wp:attachment":[{"href":"https:\/\/www.bragdoya.no\/index.php\/wp-json\/wp\/v2\/media?parent=2476"}],"curies":[{"name":"wp","href":"https:\/\/api.w.org\/{rel}","templated":true}]}}