{"id":2462,"date":"2018-04-17T09:58:59","date_gmt":"2018-04-17T09:58:59","guid":{"rendered":"http:\/\/henrikhe.com\/opedal\/?page_id=2462"},"modified":"2023-03-23T09:26:15","modified_gmt":"2023-03-23T08:26:15","slug":"nesebuen","status":"publish","type":"page","link":"https:\/\/www.bragdoya.no\/index.php\/om-oss\/medlemsinformasjon\/grupper\/nesebuen\/","title":{"rendered":"Nesebuen"},"content":{"rendered":"<div id=\"pl-2462\"  class=\"panel-layout\" ><div id=\"pg-2462-0\"  class=\"panel-grid panel-has-style\" ><div class=\"panel-row-style panel-row-style-for-2462-0\" ><div id=\"pgc-2462-0-0\"  class=\"panel-grid-cell panel-grid-cell-mobile-last\" ><div id=\"panel-2462-0-0-0\" class=\"so-panel widget widget_sow-editor panel-first-child panel-last-child\" data-index=\"0\" ><div class=\"panel-widget-style panel-widget-style-for-2462-0-0-0\" ><div\n\t\t\t\n\t\t\tclass=\"so-widget-sow-editor so-widget-sow-editor-base\"\n\t\t\t\n\t\t><h3 class=\"widget-title\">Nesebuen<\/h3>\n<div class=\"siteorigin-widget-tinymce textwidget\">\n\t<\/div>\n<\/div><\/div><\/div><\/div><div id=\"pgc-2462-0-1\"  class=\"panel-grid-cell panel-grid-cell-empty\" ><\/div><\/div><\/div><div id=\"pg-2462-1\"  class=\"panel-grid panel-has-style\" ><div class=\"panel-row-style panel-row-style-for-2462-1\" ><div id=\"pgc-2462-1-0\"  class=\"panel-grid-cell\" ><div id=\"panel-2462-1-0-0\" class=\"so-panel widget widget_sow-editor panel-first-child panel-last-child\" data-index=\"1\" ><div class=\"panel-widget-style panel-widget-style-for-2462-1-0-0\" ><div\n\t\t\t\n\t\t\tclass=\"so-widget-sow-editor so-widget-sow-editor-base\"\n\t\t\t\n\t\t>\n<div class=\"siteorigin-widget-tinymce textwidget\">\n\t<p>Ansvaret for vedlikehold og drift av Nesebuen\u00a0ligger hos en egen driftsgruppe.<\/p>\n<p>Hovedform\u00e5let med gruppa er \u00e5 arbeide for \u00e5 ferdigstille b\u00e5ten innen sommeren 2021, slik at den kan benyttes av medlemmer til aktiviteter som blant annet oppl\u00e6ring i sj\u00f8mannskap, havfiske m.v..<br \/>\nI tillegg kommer det generelle, l\u00f8pende vedlikeholdet av b\u00e5ten.<\/p>\n<p>Vil du v\u00e6re med?<br \/>\nKontakt ansvarlig for gruppa, <a href=\"mailto:ol-stg@online.no\">Ole Steffen Gusdal<\/a>.<\/p>\n<\/div>\n<\/div><\/div><\/div><\/div><div id=\"pgc-2462-1-1\"  class=\"panel-grid-cell\" ><div id=\"panel-2462-1-1-0\" class=\"so-panel widget widget_sow-image panel-first-child panel-last-child\" data-index=\"2\" ><div\n\t\t\t\n\t\t\tclass=\"so-widget-sow-image so-widget-sow-image-default-8b5b6f678277-2462\"\n\t\t\t\n\t\t>\n<div class=\"sow-image-container\">\n\t\t<img \n\tsrc=\"https:\/\/www.bragdoya.no\/wp-content\/uploads\/2018\/12\/Nesebuen-300x188.jpg\" width=\"300\" height=\"188\" srcset=\"https:\/\/www.bragdoya.no\/wp-content\/uploads\/2018\/12\/Nesebuen-300x188.jpg 300w, https:\/\/www.bragdoya.no\/wp-content\/uploads\/2018\/12\/Nesebuen.jpg 400w\" sizes=\"(max-width: 300px) 100vw, 300px\" alt=\"\" loading=\"lazy\" \t\tclass=\"so-widget-image\"\/>\n\t<\/div>\n\n<\/div><\/div><\/div><\/div><\/div><\/div>","protected":false},"excerpt":{"rendered":"<p>Ansvaret for vedlikehold og drift av Nesebuen\u00a0ligger hos en egen driftsgruppe. Hovedform\u00e5let med gruppa er \u00e5 arbeide for \u00e5 ferdigstille b\u00e5ten innen sommeren 2021, slik at den kan benyttes av medlemmer til aktiviteter som blant annet oppl\u00e6ring i sj\u00f8mannskap, havfiske m.v.. I tillegg kommer det generelle, l\u00f8pende vedlikeholdet av b\u00e5ten. Vil du v\u00e6re med? Kontakt&hellip; <br \/> <a class=\"read-more\" href=\"https:\/\/www.bragdoya.no\/index.php\/om-oss\/medlemsinformasjon\/grupper\/nesebuen\/\">Read more<\/a><\/p>\n","protected":false},"author":1,"featured_media":2843,"parent":95,"menu_order":0,"comment_status":"closed","ping_status":"closed","template":"","meta":[],"_links":{"self":[{"href":"https:\/\/www.bragdoya.no\/index.php\/wp-json\/wp\/v2\/pages\/2462"}],"collection":[{"href":"https:\/\/www.bragdoya.no\/index.php\/wp-json\/wp\/v2\/pages"}],"about":[{"href":"https:\/\/www.bragdoya.no\/index.php\/wp-json\/wp\/v2\/types\/page"}],"author":[{"embeddable":true,"href":"https:\/\/www.bragdoya.no\/index.php\/wp-json\/wp\/v2\/users\/1"}],"replies":[{"embeddable":true,"href":"https:\/\/www.bragdoya.no\/index.php\/wp-json\/wp\/v2\/comments?post=2462"}],"version-history":[{"count":18,"href":"https:\/\/www.bragdoya.no\/index.php\/wp-json\/wp\/v2\/pages\/2462\/revisions"}],"predecessor-version":[{"id":9620,"href":"https:\/\/www.bragdoya.no\/index.php\/wp-json\/wp\/v2\/pages\/2462\/revisions\/9620"}],"up":[{"embeddable":true,"href":"https:\/\/www.bragdoya.no\/index.php\/wp-json\/wp\/v2\/pages\/95"}],"wp:featuredmedia":[{"embeddable":true,"href":"https:\/\/www.bragdoya.no\/index.php\/wp-json\/wp\/v2\/media\/2843"}],"wp:attachment":[{"href":"https:\/\/www.bragdoya.no\/index.php\/wp-json\/wp\/v2\/media?parent=2462"}],"curies":[{"name":"wp","href":"https:\/\/api.w.org\/{rel}","templated":true}]}}