{"id":2458,"date":"2018-04-17T09:58:20","date_gmt":"2018-04-17T09:58:20","guid":{"rendered":"http:\/\/henrikhe.com\/opedal\/?page_id=2458"},"modified":"2023-03-23T14:05:36","modified_gmt":"2023-03-23T13:05:36","slug":"motorbua-2","status":"publish","type":"page","link":"https:\/\/www.bragdoya.no\/index.php\/om-oss\/medlemsinformasjon\/grupper\/motorbua-2\/","title":{"rendered":"Motorbua"},"content":{"rendered":"<div id=\"pl-2458\"  class=\"panel-layout\" ><div id=\"pg-2458-0\"  class=\"panel-grid panel-has-style\" ><div class=\"panel-row-style panel-row-style-for-2458-0\" ><div id=\"pgc-2458-0-0\"  class=\"panel-grid-cell panel-grid-cell-mobile-last\" ><div id=\"panel-2458-0-0-0\" class=\"so-panel widget widget_sow-editor panel-first-child panel-last-child\" data-index=\"0\" ><div class=\"panel-widget-style panel-widget-style-for-2458-0-0-0\" ><div\n\t\t\t\n\t\t\tclass=\"so-widget-sow-editor so-widget-sow-editor-base\"\n\t\t\t\n\t\t><h3 class=\"widget-title\">Motorbua<\/h3>\n<div class=\"siteorigin-widget-tinymce textwidget\">\n\t<\/div>\n<\/div><\/div><\/div><\/div><div id=\"pgc-2458-0-1\"  class=\"panel-grid-cell panel-grid-cell-empty\" ><\/div><\/div><\/div><div id=\"pg-2458-1\"  class=\"panel-grid panel-has-style\" ><div class=\"panel-row-style panel-row-style-for-2458-1\" ><div id=\"pgc-2458-1-0\"  class=\"panel-grid-cell\" ><div id=\"panel-2458-1-0-0\" class=\"so-panel widget widget_sow-editor panel-first-child panel-last-child\" data-index=\"1\" ><div class=\"panel-widget-style panel-widget-style-for-2458-1-0-0\" ><div\n\t\t\t\n\t\t\tclass=\"so-widget-sow-editor so-widget-sow-editor-base\"\n\t\t\t\n\t\t>\n<div class=\"siteorigin-widget-tinymce textwidget\">\n\t<p>I Motorbua har vi en god samling av gamle motorer, og gjengen som har etablert seg i bua hygger seg med rustl\u00f8ser og st\u00e5lb\u00f8rste. M\u00e5let er selvf\u00f8lgelig \u00e5 f\u00e5 flest mulig av motorene til \u00e5 \u00absvive\u00bb, men om det ikke er mulig s\u00e5 \u00f8nsker vi \u00e5 vise st\u00f8rst mulig mangfold av motorer i en fin utstilling. Det er alltid suksess n\u00e5r det blir startet en semidiesel inne i bua. Lyden er god for b\u00e5de sjel og hjerte. Det er plass til flere mekanikere i bua.<\/p>\n<p>Vil du v\u00e6re med?<\/p>\n<p>Kontaktperson for gruppa er <a href=\"mailto:areidet@broadpark.no\">Arild Eidet<\/a>.<\/p>\n<\/div>\n<\/div><\/div><\/div><\/div><div id=\"pgc-2458-1-1\"  class=\"panel-grid-cell\" ><div id=\"panel-2458-1-1-0\" class=\"so-panel widget widget_sow-image panel-first-child panel-last-child\" data-index=\"2\" ><div\n\t\t\t\n\t\t\tclass=\"so-widget-sow-image so-widget-sow-image-default-8b5b6f678277-2458\"\n\t\t\t\n\t\t>\n<div class=\"sow-image-container\">\n\t\t<img \n\tsrc=\"https:\/\/www.bragdoya.no\/wp-content\/uploads\/2020\/01\/motorbua-300x225.jpg\" width=\"300\" height=\"225\" srcset=\"https:\/\/www.bragdoya.no\/wp-content\/uploads\/2020\/01\/motorbua-300x225.jpg 300w, https:\/\/www.bragdoya.no\/wp-content\/uploads\/2020\/01\/motorbua.jpg 669w\" sizes=\"(max-width: 300px) 100vw, 300px\" title=\"Motorbua\" alt=\"Motorbua\" loading=\"lazy\" \t\tclass=\"so-widget-image\"\/>\n\t<\/div>\n\n<\/div><\/div><\/div><\/div><\/div><\/div>","protected":false},"excerpt":{"rendered":"<p>I Motorbua har vi en god samling av gamle motorer, og gjengen som har etablert seg i bua hygger seg med rustl\u00f8ser og st\u00e5lb\u00f8rste. M\u00e5let er selvf\u00f8lgelig \u00e5 f\u00e5 flest mulig av motorene til \u00e5 \u00absvive\u00bb, men om det ikke er mulig s\u00e5 \u00f8nsker vi \u00e5 vise st\u00f8rst mulig mangfold av motorer i en fin&hellip; <br \/> <a class=\"read-more\" href=\"https:\/\/www.bragdoya.no\/index.php\/om-oss\/medlemsinformasjon\/grupper\/motorbua-2\/\">Read more<\/a><\/p>\n","protected":false},"author":1,"featured_media":0,"parent":95,"menu_order":0,"comment_status":"closed","ping_status":"closed","template":"","meta":[],"_links":{"self":[{"href":"https:\/\/www.bragdoya.no\/index.php\/wp-json\/wp\/v2\/pages\/2458"}],"collection":[{"href":"https:\/\/www.bragdoya.no\/index.php\/wp-json\/wp\/v2\/pages"}],"about":[{"href":"https:\/\/www.bragdoya.no\/index.php\/wp-json\/wp\/v2\/types\/page"}],"author":[{"embeddable":true,"href":"https:\/\/www.bragdoya.no\/index.php\/wp-json\/wp\/v2\/users\/1"}],"replies":[{"embeddable":true,"href":"https:\/\/www.bragdoya.no\/index.php\/wp-json\/wp\/v2\/comments?post=2458"}],"version-history":[{"count":26,"href":"https:\/\/www.bragdoya.no\/index.php\/wp-json\/wp\/v2\/pages\/2458\/revisions"}],"predecessor-version":[{"id":9699,"href":"https:\/\/www.bragdoya.no\/index.php\/wp-json\/wp\/v2\/pages\/2458\/revisions\/9699"}],"up":[{"embeddable":true,"href":"https:\/\/www.bragdoya.no\/index.php\/wp-json\/wp\/v2\/pages\/95"}],"wp:attachment":[{"href":"https:\/\/www.bragdoya.no\/index.php\/wp-json\/wp\/v2\/media?parent=2458"}],"curies":[{"name":"wp","href":"https:\/\/api.w.org\/{rel}","templated":true}]}}