{"id":2452,"date":"2018-04-17T09:56:23","date_gmt":"2018-04-17T09:56:23","guid":{"rendered":"http:\/\/henrikhe.com\/opedal\/?page_id=2452"},"modified":"2025-12-16T13:10:20","modified_gmt":"2025-12-16T12:10:20","slug":"gronningengruppen","status":"publish","type":"page","link":"https:\/\/www.bragdoya.no\/index.php\/om-oss\/medlemsinformasjon\/grupper\/gronningengruppen\/","title":{"rendered":"Gr\u00f8nningengruppa"},"content":{"rendered":"<div id=\"pl-2452\"  class=\"panel-layout\" ><div id=\"pg-2452-0\"  class=\"panel-grid panel-has-style\" ><div class=\"panel-row-style panel-row-style-for-2452-0\" ><div id=\"pgc-2452-0-0\"  class=\"panel-grid-cell panel-grid-cell-mobile-last\" ><div id=\"panel-2452-0-0-0\" class=\"so-panel widget widget_sow-editor panel-first-child panel-last-child\" data-index=\"0\" ><div class=\"panel-widget-style panel-widget-style-for-2452-0-0-0\" ><div\n\t\t\t\n\t\t\tclass=\"so-widget-sow-editor so-widget-sow-editor-base\"\n\t\t\t\n\t\t>\n<div class=\"siteorigin-widget-tinymce textwidget\">\n\t<h3>Gr\u00f8nningengruppa<\/h3>\n<\/div>\n<\/div><\/div><\/div><\/div><div id=\"pgc-2452-0-1\"  class=\"panel-grid-cell panel-grid-cell-empty\" ><\/div><\/div><\/div><div id=\"pg-2452-1\"  class=\"panel-grid panel-has-style\" ><div class=\"panel-row-style panel-row-style-for-2452-1\" ><div id=\"pgc-2452-1-0\"  class=\"panel-grid-cell\" ><div id=\"panel-2452-1-0-0\" class=\"so-panel widget widget_sow-editor panel-first-child panel-last-child\" data-index=\"1\" ><div\n\t\t\t\n\t\t\tclass=\"so-widget-sow-editor so-widget-sow-editor-base\"\n\t\t\t\n\t\t>\n<div class=\"siteorigin-widget-tinymce textwidget\">\n\t<p>Gr\u00f8nningengruppa disponerer og vedlikeholder Gr\u00f8nningen fyr og organiserer vertskapssesongen p\u00e5 fyret. Det organiseres dugnader og medlemsturer til Gr\u00f8nningen flere ganger i \u00e5ret. Gruppa er alltid \u00e5pen for flere medlemmer.<\/p>\n<p>Er du interessert i \u00e5 v\u00e6re med?<br \/>\nTa kontakt med <a href=\"https:\/\/www.bragdoya.no\/index.php\/kontakt-oss\/\">Bragd\u00f8ya Kystlag<\/a><\/p>\n<p>Les mer om Gr\u00f8nningen fyr <a href=\"https:\/\/www.bragdoya.no\/index.php\/om-oss\/om-gronningen\/\">her<\/a>.<\/p>\n<\/div>\n<\/div><\/div><\/div><div id=\"pgc-2452-1-1\"  class=\"panel-grid-cell\" ><div id=\"panel-2452-1-1-0\" class=\"so-panel widget widget_sow-image panel-first-child panel-last-child\" data-index=\"2\" ><div\n\t\t\t\n\t\t\tclass=\"so-widget-sow-image so-widget-sow-image-default-8b5b6f678277-2452\"\n\t\t\t\n\t\t>\n<div class=\"sow-image-container\">\n\t\t<img \n\tsrc=\"https:\/\/www.bragdoya.no\/wp-content\/uploads\/2018\/04\/IMG_7505-e1580114949604-300x211.jpg\" width=\"300\" height=\"211\" srcset=\"https:\/\/www.bragdoya.no\/wp-content\/uploads\/2018\/04\/IMG_7505-e1580114949604-300x211.jpg 300w, https:\/\/www.bragdoya.no\/wp-content\/uploads\/2018\/04\/IMG_7505-e1580114949604.jpg 600w\" sizes=\"(max-width: 300px) 100vw, 300px\" title=\"IMG_7505\" alt=\"Gr\u00f8nningen dugnad\" loading=\"lazy\" \t\tclass=\"so-widget-image\"\/>\n\t<\/div>\n\n<\/div><\/div><\/div><\/div><\/div><div id=\"pg-2452-2\"  class=\"panel-grid panel-has-style\" ><div class=\"panel-row-style panel-row-style-for-2452-2\" ><div id=\"pgc-2452-2-0\"  class=\"panel-grid-cell panel-grid-cell-mobile-last\" ><div id=\"panel-2452-2-0-0\" class=\"so-panel widget widget_media_video panel-first-child panel-last-child\" data-index=\"3\" ><h3 class=\"widget-title\">Se video fra dugnad p\u00e5 Gr\u00f8nningen fyr<\/h3><div style=\"width:100%;\" class=\"wp-video\"><!--[if lt IE 9]><script>document.createElement('video');<\/script><![endif]-->\n<video class=\"wp-video-shortcode\" id=\"video-2452-1\" preload=\"metadata\" controls=\"controls\"><source type=\"video\/youtube\" src=\"https:\/\/www.youtube.com\/watch?v=iCUp-5BzVNg&#038;_=1\" \/><a href=\"https:\/\/www.youtube.com\/watch?v=iCUp-5BzVNg\">https:\/\/www.youtube.com\/watch?v=iCUp-5BzVNg<\/a><\/video><\/div><\/div><\/div><div id=\"pgc-2452-2-1\"  class=\"panel-grid-cell panel-grid-cell-empty\" ><\/div><\/div><\/div><\/div>","protected":false},"excerpt":{"rendered":"<p>Gr\u00f8nningengruppa Gr\u00f8nningengruppa disponerer og vedlikeholder Gr\u00f8nningen fyr og organiserer vertskapssesongen p\u00e5 fyret. Det organiseres dugnader og medlemsturer til Gr\u00f8nningen flere ganger i \u00e5ret. Gruppa er alltid \u00e5pen for flere medlemmer. Er du interessert i \u00e5 v\u00e6re med? Ta kontakt med Bragd\u00f8ya Kystlag Les mer om Gr\u00f8nningen fyr her.<\/p>\n","protected":false},"author":1,"featured_media":1947,"parent":95,"menu_order":0,"comment_status":"closed","ping_status":"closed","template":"","meta":[],"_links":{"self":[{"href":"https:\/\/www.bragdoya.no\/index.php\/wp-json\/wp\/v2\/pages\/2452"}],"collection":[{"href":"https:\/\/www.bragdoya.no\/index.php\/wp-json\/wp\/v2\/pages"}],"about":[{"href":"https:\/\/www.bragdoya.no\/index.php\/wp-json\/wp\/v2\/types\/page"}],"author":[{"embeddable":true,"href":"https:\/\/www.bragdoya.no\/index.php\/wp-json\/wp\/v2\/users\/1"}],"replies":[{"embeddable":true,"href":"https:\/\/www.bragdoya.no\/index.php\/wp-json\/wp\/v2\/comments?post=2452"}],"version-history":[{"count":70,"href":"https:\/\/www.bragdoya.no\/index.php\/wp-json\/wp\/v2\/pages\/2452\/revisions"}],"predecessor-version":[{"id":12304,"href":"https:\/\/www.bragdoya.no\/index.php\/wp-json\/wp\/v2\/pages\/2452\/revisions\/12304"}],"up":[{"embeddable":true,"href":"https:\/\/www.bragdoya.no\/index.php\/wp-json\/wp\/v2\/pages\/95"}],"wp:featuredmedia":[{"embeddable":true,"href":"https:\/\/www.bragdoya.no\/index.php\/wp-json\/wp\/v2\/media\/1947"}],"wp:attachment":[{"href":"https:\/\/www.bragdoya.no\/index.php\/wp-json\/wp\/v2\/media?parent=2452"}],"curies":[{"name":"wp","href":"https:\/\/api.w.org\/{rel}","templated":true}]}}