{"id":2450,"date":"2018-04-17T09:56:07","date_gmt":"2018-04-17T09:56:07","guid":{"rendered":"http:\/\/henrikhe.com\/opedal\/?page_id=2450"},"modified":"2025-12-16T13:04:09","modified_gmt":"2025-12-16T12:04:09","slug":"dagmar-los","status":"publish","type":"page","link":"https:\/\/www.bragdoya.no\/index.php\/om-oss\/medlemsinformasjon\/grupper\/dagmar-los\/","title":{"rendered":"Dagmar Los"},"content":{"rendered":"<div id=\"pl-2450\"  class=\"panel-layout\" ><div id=\"pg-2450-0\"  class=\"panel-grid panel-has-style\" ><div class=\"panel-row-style panel-row-style-for-2450-0\" ><div id=\"pgc-2450-0-0\"  class=\"panel-grid-cell panel-grid-cell-mobile-last\" ><div id=\"panel-2450-0-0-0\" class=\"so-panel widget widget_sow-editor panel-first-child panel-last-child\" data-index=\"0\" ><div class=\"panel-widget-style panel-widget-style-for-2450-0-0-0\" ><div\n\t\t\t\n\t\t\tclass=\"so-widget-sow-editor so-widget-sow-editor-base\"\n\t\t\t\n\t\t><h3 class=\"widget-title\">Dagmar Los<\/h3>\n<div class=\"siteorigin-widget-tinymce textwidget\">\n\t<\/div>\n<\/div><\/div><\/div><\/div><div id=\"pgc-2450-0-1\"  class=\"panel-grid-cell panel-grid-cell-empty\" ><\/div><\/div><\/div><div id=\"pg-2450-1\"  class=\"panel-grid panel-has-style\" ><div class=\"panel-row-style panel-row-style-for-2450-1\" ><div id=\"pgc-2450-1-0\"  class=\"panel-grid-cell\" ><div id=\"panel-2450-1-0-0\" class=\"so-panel widget widget_sow-editor panel-first-child panel-last-child\" data-index=\"1\" ><div class=\"panel-widget-style panel-widget-style-for-2450-1-0-0\" ><div\n\t\t\t\n\t\t\tclass=\"so-widget-sow-editor so-widget-sow-editor-base\"\n\t\t\t\n\t\t>\n<div class=\"siteorigin-widget-tinymce textwidget\">\n\t<p>Ansvaret for bruk, drift og vedlikehold av losb\u00e5ten Dagmar ligger hos en egen driftsgruppe.<\/p>\n<p>Hovedform\u00e5let med gruppa er \u00e5 ta vare p\u00e5 LS Dagmar for \u00e5 formidle historien om fart\u00f8yet og om losing, under parolen \u00abVern gjennom bruk\u00bb.<\/p>\n<p>Vil du v\u00e6re med?<br \/>\nKontakt ansvarlig for Dagmar, Rune Ludvigsen<\/p>\n<\/div>\n<\/div><\/div><\/div><\/div><div id=\"pgc-2450-1-1\"  class=\"panel-grid-cell\" ><div id=\"panel-2450-1-1-0\" class=\"so-panel widget widget_sow-image panel-first-child panel-last-child\" data-index=\"2\" ><div\n\t\t\t\n\t\t\tclass=\"so-widget-sow-image so-widget-sow-image-default-8b5b6f678277-2450\"\n\t\t\t\n\t\t>\n<div class=\"sow-image-container\">\n\t\t<img \n\tsrc=\"https:\/\/www.bragdoya.no\/wp-content\/uploads\/2018\/04\/dagmarlos-1-300x225.jpg\" width=\"300\" height=\"225\" srcset=\"https:\/\/www.bragdoya.no\/wp-content\/uploads\/2018\/04\/dagmarlos-1-300x225.jpg 300w, https:\/\/www.bragdoya.no\/wp-content\/uploads\/2018\/04\/dagmarlos-1.jpg 600w\" sizes=\"(max-width: 300px) 100vw, 300px\" alt=\"\" loading=\"lazy\" \t\tclass=\"so-widget-image\"\/>\n\t<\/div>\n\n<\/div><\/div><\/div><\/div><\/div><\/div>","protected":false},"excerpt":{"rendered":"<p>Ansvaret for bruk, drift og vedlikehold av losb\u00e5ten Dagmar ligger hos en egen driftsgruppe. Hovedform\u00e5let med gruppa er \u00e5 ta vare p\u00e5 LS Dagmar for \u00e5 formidle historien om fart\u00f8yet og om losing, under parolen \u00abVern gjennom bruk\u00bb. Vil du v\u00e6re med? Kontakt ansvarlig for Dagmar, Rune Ludvigsen<\/p>\n","protected":false},"author":1,"featured_media":4778,"parent":95,"menu_order":0,"comment_status":"closed","ping_status":"closed","template":"","meta":[],"_links":{"self":[{"href":"https:\/\/www.bragdoya.no\/index.php\/wp-json\/wp\/v2\/pages\/2450"}],"collection":[{"href":"https:\/\/www.bragdoya.no\/index.php\/wp-json\/wp\/v2\/pages"}],"about":[{"href":"https:\/\/www.bragdoya.no\/index.php\/wp-json\/wp\/v2\/types\/page"}],"author":[{"embeddable":true,"href":"https:\/\/www.bragdoya.no\/index.php\/wp-json\/wp\/v2\/users\/1"}],"replies":[{"embeddable":true,"href":"https:\/\/www.bragdoya.no\/index.php\/wp-json\/wp\/v2\/comments?post=2450"}],"version-history":[{"count":21,"href":"https:\/\/www.bragdoya.no\/index.php\/wp-json\/wp\/v2\/pages\/2450\/revisions"}],"predecessor-version":[{"id":12302,"href":"https:\/\/www.bragdoya.no\/index.php\/wp-json\/wp\/v2\/pages\/2450\/revisions\/12302"}],"up":[{"embeddable":true,"href":"https:\/\/www.bragdoya.no\/index.php\/wp-json\/wp\/v2\/pages\/95"}],"wp:featuredmedia":[{"embeddable":true,"href":"https:\/\/www.bragdoya.no\/index.php\/wp-json\/wp\/v2\/media\/4778"}],"wp:attachment":[{"href":"https:\/\/www.bragdoya.no\/index.php\/wp-json\/wp\/v2\/media?parent=2450"}],"curies":[{"name":"wp","href":"https:\/\/api.w.org\/{rel}","templated":true}]}}