{"id":1469,"date":"2018-03-26T10:12:24","date_gmt":"2018-03-26T10:12:24","guid":{"rendered":"https:\/\/henrikhilmer.com\/opedal\/?page_id=1469"},"modified":"2023-06-15T23:18:49","modified_gmt":"2023-06-15T21:18:49","slug":"medlemskveld","status":"publish","type":"page","link":"https:\/\/www.bragdoya.no\/index.php\/om-oss\/medlemsinformasjon\/medlemskveld\/","title":{"rendered":"Medlemskveld"},"content":{"rendered":"<div id=\"pl-1469\"  class=\"panel-layout\" ><div id=\"pg-1469-0\"  class=\"panel-grid panel-has-style\" ><div class=\"panel-row-style panel-row-style-for-1469-0\" ><div id=\"pgc-1469-0-0\"  class=\"panel-grid-cell\" ><div id=\"panel-1469-0-0-0\" class=\"so-panel widget panel-first-child panel-last-child\" data-index=\"0\" ><\/div><\/div><\/div><\/div><div id=\"pg-1469-1\"  class=\"panel-grid panel-has-style\" ><div class=\"panel-row-style panel-row-style-for-1469-1\" ><div id=\"pgc-1469-1-0\"  class=\"panel-grid-cell\" ><div id=\"panel-1469-1-0-0\" class=\"so-panel widget widget_sow-editor panel-first-child panel-last-child\" data-index=\"1\" ><div\n\t\t\t\n\t\t\tclass=\"so-widget-sow-editor so-widget-sow-editor-base\"\n\t\t\t\n\t\t>\n<div class=\"siteorigin-widget-tinymce textwidget\">\n\t<h3 style=\"text-align: left;\"><strong>Medlemskveld<\/strong><\/h3>\n<p style=\"text-align: left;\">Hver tirsdag m\u00f8tes kystlagsmedlemmer p\u00e5 Bragd\u00f8ya til kaffe og prat, fellesarbeid, kurs, arbeid med egne prosjekter eller forskjellig kystkulturaktivitet. Medlemskvelden starter n\u00e5r Bragd\u00f8yab\u00e5ten ankommer, og alle samles i kafeen for litt oppdatering f\u00f8r man g\u00e5r videre til kveldens gj\u00f8rem\u00e5l. I \u00e5ttetiden serveres kaffe igjen (vi er FOR kaffepauser) og de fleste tirsdager melder noen seg til \u00e5 steke vafler eller liknende. Av og til er det diverse kulturelle innslag i form av foredrag eller diskusjoner.<\/p>\n<p>Skyssen g\u00e5r fra Lumber kl 18, og kvelden slutter kl 21.30 n\u00e5r b\u00e5ten g\u00e5r tilbake.<\/p>\n<p style=\"text-align: left;\">Velkommen alle som har lyst og tid!<\/p>\n<\/div>\n<\/div><\/div><\/div><\/div><\/div><\/div>","protected":false},"excerpt":{"rendered":"<p>Medlemskveld Hver tirsdag m\u00f8tes kystlagsmedlemmer p\u00e5 Bragd\u00f8ya til kaffe og prat, fellesarbeid, kurs, arbeid med egne prosjekter eller forskjellig kystkulturaktivitet. Medlemskvelden starter n\u00e5r Bragd\u00f8yab\u00e5ten ankommer, og alle samles i kafeen for litt oppdatering f\u00f8r man g\u00e5r videre til kveldens gj\u00f8rem\u00e5l. I \u00e5ttetiden serveres kaffe igjen (vi er FOR kaffepauser) og de fleste tirsdager melder noen&hellip; <br \/> <a class=\"read-more\" href=\"https:\/\/www.bragdoya.no\/index.php\/om-oss\/medlemsinformasjon\/medlemskveld\/\">Read more<\/a><\/p>\n","protected":false},"author":1,"featured_media":6560,"parent":1464,"menu_order":1,"comment_status":"closed","ping_status":"closed","template":"","meta":[],"_links":{"self":[{"href":"https:\/\/www.bragdoya.no\/index.php\/wp-json\/wp\/v2\/pages\/1469"}],"collection":[{"href":"https:\/\/www.bragdoya.no\/index.php\/wp-json\/wp\/v2\/pages"}],"about":[{"href":"https:\/\/www.bragdoya.no\/index.php\/wp-json\/wp\/v2\/types\/page"}],"author":[{"embeddable":true,"href":"https:\/\/www.bragdoya.no\/index.php\/wp-json\/wp\/v2\/users\/1"}],"replies":[{"embeddable":true,"href":"https:\/\/www.bragdoya.no\/index.php\/wp-json\/wp\/v2\/comments?post=1469"}],"version-history":[{"count":11,"href":"https:\/\/www.bragdoya.no\/index.php\/wp-json\/wp\/v2\/pages\/1469\/revisions"}],"predecessor-version":[{"id":9992,"href":"https:\/\/www.bragdoya.no\/index.php\/wp-json\/wp\/v2\/pages\/1469\/revisions\/9992"}],"up":[{"embeddable":true,"href":"https:\/\/www.bragdoya.no\/index.php\/wp-json\/wp\/v2\/pages\/1464"}],"wp:featuredmedia":[{"embeddable":true,"href":"https:\/\/www.bragdoya.no\/index.php\/wp-json\/wp\/v2\/media\/6560"}],"wp:attachment":[{"href":"https:\/\/www.bragdoya.no\/index.php\/wp-json\/wp\/v2\/media?parent=1469"}],"curies":[{"name":"wp","href":"https:\/\/api.w.org\/{rel}","templated":true}]}}