{"id":1280,"date":"2018-03-22T20:54:37","date_gmt":"2018-03-22T20:54:37","guid":{"rendered":"https:\/\/henrikhilmer.com\/opedal\/?page_id=1280"},"modified":"2024-05-28T12:28:46","modified_gmt":"2024-05-28T10:28:46","slug":"dugnad_dagtid","status":"publish","type":"page","link":"https:\/\/www.bragdoya.no\/index.php\/for-medlemmer\/dugnad_dagtid\/","title":{"rendered":"Dugnad p\u00e5 dagtid"},"content":{"rendered":"<div id=\"pl-1280\"  class=\"panel-layout\" ><div id=\"pg-1280-0\"  class=\"panel-grid panel-has-style\" ><div class=\"panel-row-style panel-row-style-for-1280-0\" ><div id=\"pgc-1280-0-0\"  class=\"panel-grid-cell\" ><div id=\"panel-1280-0-0-0\" class=\"so-panel widget widget_sow-image panel-first-child panel-last-child\" data-index=\"0\" ><div\n\t\t\t\n\t\t\tclass=\"so-widget-sow-image so-widget-sow-image-default-8b5b6f678277-1280\"\n\t\t\t\n\t\t><\/div><\/div><\/div><div id=\"pgc-1280-0-1\"  class=\"panel-grid-cell panel-grid-cell-empty panel-grid-cell-mobile-last\" ><\/div><div id=\"pgc-1280-0-2\"  class=\"panel-grid-cell panel-grid-cell-empty\" ><\/div><\/div><\/div><div id=\"pg-1280-1\"  class=\"panel-grid panel-has-style\" ><div class=\"panel-row-style panel-row-style-for-1280-1\" ><div id=\"pgc-1280-1-0\"  class=\"panel-grid-cell\" ><div id=\"panel-1280-1-0-0\" class=\"so-panel widget panel-first-child panel-last-child\" data-index=\"1\" ><\/div><\/div><\/div><\/div><div id=\"pg-1280-2\"  class=\"panel-grid panel-has-style\" ><div class=\"panel-row-style panel-row-style-for-1280-2\" ><div id=\"pgc-1280-2-0\"  class=\"panel-grid-cell\" ><div id=\"panel-1280-2-0-0\" class=\"so-panel widget widget_sow-editor panel-first-child panel-last-child\" data-index=\"2\" ><div\n\t\t\t\n\t\t\tclass=\"so-widget-sow-editor so-widget-sow-editor-base\"\n\t\t\t\n\t\t>\n<div class=\"siteorigin-widget-tinymce textwidget\">\n\t<div title=\"Page 1\">\n<p>Mye dugnadsarbeid blir utf\u00f8rt p\u00e5 formiddager mandag til fredag. Er du interessert i praktisk arbeid med b\u00e5ter, bygninger eller uteomr\u00e5der, er du hjertelig velkommen til \u00e5 v\u00e6re med. I tillegg har vi hyggelig sosialt samv\u00e6r. Vi reiser ut med b\u00e5t fra Lumber 8.45 eller 11.00. <span style=\"background-color: transparent;\">Arbeidsoppgaver kan v\u00e6re snekring og maling, vedhogst, rydding og vasking, pussing av b\u00e5ter og annet forefallende.\u00a0<\/span><\/p>\n<p><span style=\"color: #333333;\"><a style=\"color: #333333;\" href=\"https:\/\/www.bragdoya.no\/index.php\/om-oss\/medlemsinformasjon\/grupper\/smabatgruppa\/\">Sm\u00e5b\u00e5tgruppa<\/a><\/span><span style=\"background-color: transparent;\"> har ofte behov for noen som kan v\u00e6re med og holde sm\u00e5b\u00e5tbua \u00e5pen for skoleklasser og andre grupper p\u00e5 dagtid. Det er selvsagt ogs\u00e5 mulig \u00e5 ta turen ut for \u00e5 drive med egne aktiviteter.<\/span><\/p>\n<\/div>\n<p>P\u00e5 Bragd\u00f8ya er det mulig \u00e5 komme ut p\u00e5 dagtid alle hverdager. Kontaktperson er <a href=\"mailto:frode@bragdoya.no\">Frode Granli<\/a>.<\/p>\n<h5>Faste dager:<\/h5>\n<p><strong style=\"background-color: transparent;\">Onsdag<\/strong><span style=\"background-color: transparent;\"> er det arbeid p\u00e5 Naustet p\u00e5 Bredalsholmen. Kontaktperson er <\/span><a style=\"background-color: transparent;\" href=\"mailto:tom.andresen52@gmail.com\">Tom Andresen<\/a><span style=\"background-color: transparent;\">.<\/span><\/p>\n<\/div>\n<\/div><\/div><\/div><div id=\"pgc-1280-2-1\"  class=\"panel-grid-cell\" ><div id=\"panel-1280-2-1-0\" class=\"so-panel widget widget_sow-image panel-first-child panel-last-child\" data-index=\"3\" ><div\n\t\t\t\n\t\t\tclass=\"so-widget-sow-image so-widget-sow-image-default-8b5b6f678277-1280\"\n\t\t\t\n\t\t>\n<div class=\"sow-image-container\">\n\t\t<img \n\tsrc=\"https:\/\/www.bragdoya.no\/wp-content\/uploads\/2024\/05\/20230417_113814-Dugnadsgjeng-scaled.jpg\" width=\"2560\" height=\"1920\" srcset=\"https:\/\/www.bragdoya.no\/wp-content\/uploads\/2024\/05\/20230417_113814-Dugnadsgjeng-scaled.jpg 2560w, https:\/\/www.bragdoya.no\/wp-content\/uploads\/2024\/05\/20230417_113814-Dugnadsgjeng-300x225.jpg 300w, https:\/\/www.bragdoya.no\/wp-content\/uploads\/2024\/05\/20230417_113814-Dugnadsgjeng-1024x768.jpg 1024w, https:\/\/www.bragdoya.no\/wp-content\/uploads\/2024\/05\/20230417_113814-Dugnadsgjeng-768x576.jpg 768w, https:\/\/www.bragdoya.no\/wp-content\/uploads\/2024\/05\/20230417_113814-Dugnadsgjeng-1536x1152.jpg 1536w, https:\/\/www.bragdoya.no\/wp-content\/uploads\/2024\/05\/20230417_113814-Dugnadsgjeng-2048x1536.jpg 2048w, https:\/\/www.bragdoya.no\/wp-content\/uploads\/2024\/05\/20230417_113814-Dugnadsgjeng-16x12.jpg 16w, https:\/\/www.bragdoya.no\/wp-content\/uploads\/2024\/05\/20230417_113814-Dugnadsgjeng-1440x1080.jpg 1440w\" sizes=\"(max-width: 2560px) 100vw, 2560px\" title=\"Dugnad &#8211; lunsj\" alt=\"\" loading=\"lazy\" \t\tclass=\"so-widget-image\"\/>\n\t<\/div>\n\n<\/div><\/div><\/div><\/div><\/div><div id=\"pg-1280-3\"  class=\"panel-grid panel-has-style\" ><div class=\"panel-row-style panel-row-style-for-1280-3\" ><div id=\"pgc-1280-3-0\"  class=\"panel-grid-cell\" ><div id=\"panel-1280-3-0-0\" class=\"so-panel widget widget_sow-editor panel-first-child\" data-index=\"4\" ><div\n\t\t\t\n\t\t\tclass=\"so-widget-sow-editor so-widget-sow-editor-base\"\n\t\t\t\n\t\t>\n<div class=\"siteorigin-widget-tinymce textwidget\">\n\t<h4>\u00a0Ta kontakt om du har noen sp\u00f8rsm\u00e5l eller forslag til gj\u00f8rem\u00e5l.<\/h4>\n<\/div>\n<\/div><\/div><div id=\"panel-1280-3-0-1\" class=\"so-panel widget widget_sow-button\" data-index=\"5\" ><div\n\t\t\t\n\t\t\tclass=\"so-widget-sow-button so-widget-sow-button-flat-b8fb51963b7c-1280\"\n\t\t\t\n\t\t><div class=\"ow-button-base ow-button-align-left\"\n>\n\t\t\t<a\n\t\t\t\t\thref=\"https:\/\/www.bragdoya.no\/index.php\/kontakt-oss\/\"\n\t\t\t\t\tclass=\"sowb-button ow-icon-placement-left ow-button-hover\" \t>\n\t\t<span>\n\t\t\t\n\t\t\tKontakt oss\t\t<\/span>\n\t\t\t<\/a>\n\t<\/div>\n<\/div><\/div><div id=\"panel-1280-3-0-2\" class=\"so-panel widget widget_sow-editor panel-last-child\" data-index=\"6\" ><div\n\t\t\t\n\t\t\tclass=\"so-widget-sow-editor so-widget-sow-editor-base\"\n\t\t\t\n\t\t>\n<div class=\"siteorigin-widget-tinymce textwidget\">\n\t<\/div>\n<\/div><\/div><\/div><\/div><\/div><\/div>","protected":false},"excerpt":{"rendered":"<p>Mye dugnadsarbeid blir utf\u00f8rt p\u00e5 formiddager mandag til fredag. Er du interessert i praktisk arbeid med b\u00e5ter, bygninger eller uteomr\u00e5der, er du hjertelig velkommen til \u00e5 v\u00e6re med. I tillegg har vi hyggelig sosialt samv\u00e6r. Vi reiser ut med b\u00e5t fra Lumber 8.45 eller 11.00. Arbeidsoppgaver kan v\u00e6re snekring og maling, vedhogst, rydding og vasking,&hellip; <br \/> <a class=\"read-more\" href=\"https:\/\/www.bragdoya.no\/index.php\/for-medlemmer\/dugnad_dagtid\/\">Read more<\/a><\/p>\n","protected":false},"author":1,"featured_media":6961,"parent":62,"menu_order":2,"comment_status":"closed","ping_status":"closed","template":"","meta":[],"_links":{"self":[{"href":"https:\/\/www.bragdoya.no\/index.php\/wp-json\/wp\/v2\/pages\/1280"}],"collection":[{"href":"https:\/\/www.bragdoya.no\/index.php\/wp-json\/wp\/v2\/pages"}],"about":[{"href":"https:\/\/www.bragdoya.no\/index.php\/wp-json\/wp\/v2\/types\/page"}],"author":[{"embeddable":true,"href":"https:\/\/www.bragdoya.no\/index.php\/wp-json\/wp\/v2\/users\/1"}],"replies":[{"embeddable":true,"href":"https:\/\/www.bragdoya.no\/index.php\/wp-json\/wp\/v2\/comments?post=1280"}],"version-history":[{"count":169,"href":"https:\/\/www.bragdoya.no\/index.php\/wp-json\/wp\/v2\/pages\/1280\/revisions"}],"predecessor-version":[{"id":11088,"href":"https:\/\/www.bragdoya.no\/index.php\/wp-json\/wp\/v2\/pages\/1280\/revisions\/11088"}],"up":[{"embeddable":true,"href":"https:\/\/www.bragdoya.no\/index.php\/wp-json\/wp\/v2\/pages\/62"}],"wp:featuredmedia":[{"embeddable":true,"href":"https:\/\/www.bragdoya.no\/index.php\/wp-json\/wp\/v2\/media\/6961"}],"wp:attachment":[{"href":"https:\/\/www.bragdoya.no\/index.php\/wp-json\/wp\/v2\/media?parent=1280"}],"curies":[{"name":"wp","href":"https:\/\/api.w.org\/{rel}","templated":true}]}}