{"id":10904,"date":"2024-04-28T20:44:52","date_gmt":"2024-04-28T18:44:52","guid":{"rendered":"https:\/\/www.bragdoya.no\/?page_id=10904"},"modified":"2026-01-14T12:20:59","modified_gmt":"2026-01-14T11:20:59","slug":"vogts-villa-pa-dvergsoya","status":"publish","type":"page","link":"https:\/\/www.bragdoya.no\/index.php\/besokende\/utleie\/overnatting\/vogts-villa-pa-dvergsoya\/","title":{"rendered":"Vogts villa p\u00e5 Dvergs\u00f8ya"},"content":{"rendered":"<div id=\"pl-10904\"  class=\"panel-layout\" ><div id=\"pg-10904-0\"  class=\"panel-grid panel-has-style\" ><div class=\"panel-row-style panel-row-style-for-10904-0\" ><div id=\"pgc-10904-0-0\"  class=\"panel-grid-cell\" ><div id=\"panel-10904-0-0-0\" class=\"so-panel widget panel-first-child panel-last-child\" data-index=\"0\" ><\/div><\/div><\/div><\/div><div id=\"pg-10904-1\"  class=\"panel-grid panel-has-style\" ><div class=\"panel-row-style panel-row-style-for-10904-1\" ><div id=\"pgc-10904-1-0\"  class=\"panel-grid-cell\" ><div id=\"panel-10904-1-0-0\" class=\"so-panel widget widget_sow-editor panel-first-child\" data-index=\"1\" ><div\n\t\t\t\n\t\t\tclass=\"so-widget-sow-editor so-widget-sow-editor-base\"\n\t\t\t\n\t\t><h3 class=\"widget-title\">Vogts villa<\/h3>\n<div class=\"siteorigin-widget-tinymce textwidget\">\n\t<p>Vogts villa er en herskapelig villa p\u00e5 s\u00f8rsiden av Dvergs\u00f8ya i Randesund. Her finner du store oppholdsrom, et velutstyrt kj\u00f8kken, to bad og fire soverom og et uthus. Ytterligere tre sengeplasser kan leies i <a href=\"https:\/\/www.bragdoya.no\/index.php\/besokende\/utleie\/overnatting\/vakthytta\/\">Vakthytta<\/a> like ved.\u00a0P\u00e5 utsiden er det en fine uteomr\u00e5der og en stor terrasse med nydelig utsikt.<\/p>\n<p>I perioden <strong>28. juni til 09. august<\/strong> <strong>2026<\/strong> er det vertskap p\u00e5 Vogts Villa. Det er da mulig \u00e5 leie seg et rom i villaen. Det er 2, 3, 4 og 5 manns rom. I tillegg er det et anneks ute i hagen (Ishuset) Her er det 4 sengeplasser.<\/p>\n<p>Innsjekk er kl. 12:00 og utsjekk kl. 11:00.<\/p>\n<p>Det er ikke tillatt med dyr innend\u00f8rs. Det er tillatt med hund i Vakthytta som er en egen utleiehytte p\u00e5 oppsiden av Vogts villa.<\/p>\n<p>Det er bord, stoler og dekket\u00f8y til 40 personer.<\/p>\n<p>18 sengeplasser med dyner og puter. Gjester m\u00e5 ha med eget senget\u00f8y.<\/p>\n<p>Ankomst med egen b\u00e5t eller med \"badeb\u00e5ten\"\u00a0<a title=\"Link: https:\/\/www.bragdoya.no\/index.php\/besokende\/rutetider\/#msbragd\" href=\"https:\/\/www.bragdoya.no\/index.php\/besokende\/rutetider\/#msbragd\" target=\"_blank\" rel=\"nofollow noopener\">MS Bragd\u00f8ya<\/a>\u00a0i sommersesongen.<\/p>\n<p>I skuldersesongen som g\u00e5r fra <strong>1. mai - 28. juni 2026<\/strong> og fra <strong>9. august og til 1. november 2026<\/strong>, er det mulig \u00e5 leie hele villaen.<\/p>\n<h4><\/h4>\n<\/div>\n<\/div><\/div><div id=\"panel-10904-1-0-1\" class=\"so-panel widget widget_sow-editor\" data-index=\"2\" ><div\n\t\t\t\n\t\t\tclass=\"so-widget-sow-editor so-widget-sow-editor-base\"\n\t\t\t\n\t\t><h3 class=\"widget-title\"> <\/h3>\n<div class=\"siteorigin-widget-tinymce textwidget\">\n\t<h5><strong>UTLEIE AV ROM I H\u00d8YSESONGEN<\/strong><\/h5>\n<p>I h\u00f8ysesongen mellom 28. juni og 9. august 2026 er det vertskap i Vogts villa.<\/p>\n<p>&nbsp;<\/p>\n<p>I denne perioden er det kun mulig \u00e5 leie rom, ikke hele huset.<\/p>\n<div>\n<div>Inne i Vogts Villa er det 4 soverom.<\/div>\n<div>Rom 1 - 3 sengeplasser<\/div>\n<div>Rom 2 - 2 sengeplasser<\/div>\n<div>Rom 3 - 5 sengeplasser<\/div>\n<div>Rom 4 - 4 sengeplasser<\/div>\n<div><\/div>\n<div>I tillegg kan man leie Ishuset som st\u00e5r som ei lita hytte p\u00e5 utsiden av villaen. Her er det 4 sengeplasser, fordelt p\u00e5 to k\u00f8yesenger.<\/div>\n<p>Pris per rom fra kr 700,- til kr 1500,-<\/p>\n<p><strong>Innsjekk kl. 12:00 og utsjekk kl. 11:00<\/strong><\/p>\n<\/div>\n<p>Om du ankommer senere enn 17:00, er det fint om du kontakter vertskapet og gir beskjed om dette.<\/p>\n<p>Vertskapet kan kontaktes p\u00e5 telefon <strong>48198584<\/strong><\/p>\n<\/div>\n<\/div><\/div><div id=\"panel-10904-1-0-2\" class=\"so-panel widget widget_sow-button\" data-index=\"3\" ><div\n\t\t\t\n\t\t\tclass=\"so-widget-sow-button so-widget-sow-button-atom-b010da5f3242-10904\"\n\t\t\t\n\t\t><div class=\"ow-button-base ow-button-align-left\"\n>\n\t\t\t<a\n\t\t\t\t\thref=\"https:\/\/gotobooking.io\/37de1bf8-3bed-41fb-9d45-a3d2dc2de9f4\/gotohubwidget.js\"\n\t\t\t\t\tclass=\"sowb-button ow-icon-placement-left ow-button-hover\" \t>\n\t\t<span>\n\t\t\t\n\t\t\tBestill enkle rom p\u00e5 Vogts Villa i perioden 28. juni til 09. august 2026 her\t\t<\/span>\n\t\t\t<\/a>\n\t<\/div>\n<\/div><\/div><div id=\"panel-10904-1-0-3\" class=\"so-panel widget widget_sow-editor\" data-index=\"4\" ><div\n\t\t\t\n\t\t\tclass=\"so-widget-sow-editor so-widget-sow-editor-base\"\n\t\t\t\n\t\t><h3 class=\"widget-title\"> <\/h3>\n<div class=\"siteorigin-widget-tinymce textwidget\">\n\t<h5><strong>Hele villaen, utenom skoleferien<\/strong><\/h5>\n<p><strong>Mandag - torsdag<\/strong>:<br \/>\nMed overnatting, per d\u00f8gn kr 8 000,-<\/p>\n<p><b>Fredag - s\u00f8ndag<br \/>\n<\/b>Med eller uten overnatting, per d\u00f8gn kr 10 000,-<\/p>\n<p><i>\u00a0<\/i><\/p>\n<p>*Medlem med dugnadsrabatt kr 6000,- for ukedager og kr. 8000,- for helg.<\/p>\n<p>I skuldersesongen kan du som medlem av Bragd\u00f8ya Kystlag f\u00e5 dugnadsrabatt. Her legger du inn og betaler full pris, ogs\u00e5 sender du en mail med overskriften \"FORESP\u00d8RSEL OM DUGNADSRABATT\" til saltebua@bragdoya.no. Husk \u00e5 f\u00f8re p\u00e5 hvilke kontonummer du vil ha refusjonen tilbake p\u00e5.<\/p>\n<p><i>Ved behov for faktura m\u00e5 du bestille via saltebua@bragdoya.no.\u00a0<\/i><\/p>\n<p><i>*Redusert pris gjelder for medlemmer som kan vise til minst to dugnader for Bragd\u00f8ya kystlag de siste 12 m\u00e5nedene. Dugnader kan v\u00e6re oppm\u00f8te p\u00e5 medlems kveld, arbeidsoppgaver p\u00e5 dagtid, oppsatte dugnader, s\u00f8ndagskaf\u00e8, traktering, oppgaver p\u00e5 arrangementer, verv, vedlikehold av og tilsyn med b\u00e5ter og bygninger m.m.<\/i><\/p>\n<p>&nbsp;<\/p>\n<p>&nbsp;<\/p>\n<\/div>\n<\/div><\/div><div id=\"panel-10904-1-0-4\" class=\"so-panel widget widget_sow-button panel-last-child\" data-index=\"5\" ><div\n\t\t\t\n\t\t\tclass=\"so-widget-sow-button so-widget-sow-button-atom-b010da5f3242-10904\"\n\t\t\t\n\t\t><div class=\"ow-button-base ow-button-align-left\"\n>\n\t\t\t<a\n\t\t\t\t\thref=\"https:\/\/gotobooking.io\/en\/hotel\/643-vogts-villa-pa-dvergsoya?supplier_id=33095&#038;page\"\n\t\t\t\t\tclass=\"sowb-button ow-icon-placement-left ow-button-hover\" \t>\n\t\t<span>\n\t\t\t\n\t\t\tBestill hele villaen i skuldersesongen 2026\t\t<\/span>\n\t\t\t<\/a>\n\t<\/div>\n<\/div><\/div><\/div><div id=\"pgc-10904-1-1\"  class=\"panel-grid-cell panel-grid-cell-empty\" ><\/div><div id=\"pgc-10904-1-2\"  class=\"panel-grid-cell\" ><div id=\"panel-10904-1-2-0\" class=\"so-panel widget widget_sow-image panel-first-child\" data-index=\"6\" ><div\n\t\t\t\n\t\t\tclass=\"so-widget-sow-image so-widget-sow-image-default-8b5b6f678277-10904\"\n\t\t\t\n\t\t>\n<div class=\"sow-image-container\">\n\t\t<img \n\tsrc=\"https:\/\/www.bragdoya.no\/wp-content\/uploads\/2024\/04\/437302891_1392533781458941_501260767164562285_n-1.jpg\" width=\"2000\" height=\"1500\" srcset=\"https:\/\/www.bragdoya.no\/wp-content\/uploads\/2024\/04\/437302891_1392533781458941_501260767164562285_n-1.jpg 2000w, https:\/\/www.bragdoya.no\/wp-content\/uploads\/2024\/04\/437302891_1392533781458941_501260767164562285_n-1-300x225.jpg 300w, https:\/\/www.bragdoya.no\/wp-content\/uploads\/2024\/04\/437302891_1392533781458941_501260767164562285_n-1-1024x768.jpg 1024w, https:\/\/www.bragdoya.no\/wp-content\/uploads\/2024\/04\/437302891_1392533781458941_501260767164562285_n-1-768x576.jpg 768w, https:\/\/www.bragdoya.no\/wp-content\/uploads\/2024\/04\/437302891_1392533781458941_501260767164562285_n-1-1536x1152.jpg 1536w, https:\/\/www.bragdoya.no\/wp-content\/uploads\/2024\/04\/437302891_1392533781458941_501260767164562285_n-1-16x12.jpg 16w, https:\/\/www.bragdoya.no\/wp-content\/uploads\/2024\/04\/437302891_1392533781458941_501260767164562285_n-1-1440x1080.jpg 1440w\" sizes=\"(max-width: 2000px) 100vw, 2000px\" title=\"Vogts villa &#8211; Soverom 1\" alt=\"Vogts villa - soverom\" loading=\"lazy\" \t\tclass=\"so-widget-image\"\/>\n\t<\/div>\n\n<\/div><\/div><div id=\"panel-10904-1-2-1\" class=\"so-panel widget widget_sow-image\" data-index=\"7\" ><div\n\t\t\t\n\t\t\tclass=\"so-widget-sow-image so-widget-sow-image-default-8b5b6f678277-10904\"\n\t\t\t\n\t\t>\n<div class=\"sow-image-container\">\n\t\t<img \n\tsrc=\"https:\/\/www.bragdoya.no\/wp-content\/uploads\/2024\/04\/437348119_425197840127551_7850720412289395398_n.jpg\" width=\"2000\" height=\"1500\" srcset=\"https:\/\/www.bragdoya.no\/wp-content\/uploads\/2024\/04\/437348119_425197840127551_7850720412289395398_n.jpg 2000w, https:\/\/www.bragdoya.no\/wp-content\/uploads\/2024\/04\/437348119_425197840127551_7850720412289395398_n-300x225.jpg 300w, https:\/\/www.bragdoya.no\/wp-content\/uploads\/2024\/04\/437348119_425197840127551_7850720412289395398_n-1024x768.jpg 1024w, https:\/\/www.bragdoya.no\/wp-content\/uploads\/2024\/04\/437348119_425197840127551_7850720412289395398_n-768x576.jpg 768w, https:\/\/www.bragdoya.no\/wp-content\/uploads\/2024\/04\/437348119_425197840127551_7850720412289395398_n-1536x1152.jpg 1536w, https:\/\/www.bragdoya.no\/wp-content\/uploads\/2024\/04\/437348119_425197840127551_7850720412289395398_n-16x12.jpg 16w, https:\/\/www.bragdoya.no\/wp-content\/uploads\/2024\/04\/437348119_425197840127551_7850720412289395398_n-1440x1080.jpg 1440w\" sizes=\"(max-width: 2000px) 100vw, 2000px\" alt=\"Vogts villa - fasade\" loading=\"lazy\" \t\tclass=\"so-widget-image\"\/>\n\t<\/div>\n\n<\/div><\/div><div id=\"panel-10904-1-2-2\" class=\"so-panel widget widget_sow-image panel-last-child\" data-index=\"8\" ><div\n\t\t\t\n\t\t\tclass=\"so-widget-sow-image so-widget-sow-image-default-8b5b6f678277-10904\"\n\t\t\t\n\t\t>\n<div class=\"sow-image-container\">\n\t\t<img \n\tsrc=\"https:\/\/www.bragdoya.no\/wp-content\/uploads\/2024\/04\/20231009_142110-cr-scaled.jpg\" width=\"2560\" height=\"1920\" srcset=\"https:\/\/www.bragdoya.no\/wp-content\/uploads\/2024\/04\/20231009_142110-cr-scaled.jpg 2560w, https:\/\/www.bragdoya.no\/wp-content\/uploads\/2024\/04\/20231009_142110-cr-300x225.jpg 300w, https:\/\/www.bragdoya.no\/wp-content\/uploads\/2024\/04\/20231009_142110-cr-1024x768.jpg 1024w, https:\/\/www.bragdoya.no\/wp-content\/uploads\/2024\/04\/20231009_142110-cr-768x576.jpg 768w, https:\/\/www.bragdoya.no\/wp-content\/uploads\/2024\/04\/20231009_142110-cr-1536x1152.jpg 1536w, https:\/\/www.bragdoya.no\/wp-content\/uploads\/2024\/04\/20231009_142110-cr-2048x1536.jpg 2048w, https:\/\/www.bragdoya.no\/wp-content\/uploads\/2024\/04\/20231009_142110-cr-16x12.jpg 16w, https:\/\/www.bragdoya.no\/wp-content\/uploads\/2024\/04\/20231009_142110-cr-1440x1080.jpg 1440w\" sizes=\"(max-width: 2560px) 100vw, 2560px\" title=\"Vogts villa &#8211; utsikt\" alt=\"Vogts villa - utsikt\" loading=\"lazy\" \t\tclass=\"so-widget-image\"\/>\n\t<\/div>\n\n<\/div><\/div><\/div><\/div><\/div><div id=\"pg-10904-2\"  class=\"panel-grid panel-has-style\" ><div class=\"panel-row-style panel-row-style-for-10904-2\" ><div id=\"pgc-10904-2-0\"  class=\"panel-grid-cell\" ><div id=\"panel-10904-2-0-0\" class=\"so-panel widget widget_sow-hero panel-first-child panel-last-child\" data-index=\"9\" ><div\n\t\t\t\n\t\t\tclass=\"so-widget-sow-hero so-widget-sow-hero-default-3f5282289c2a-10904 so-widget-fittext-wrapper\"\n\t\t\t data-fit-text-compressor=\"0.85\"\n\t\t>\t\t\t\t<div class=\"sow-slider-base\" style=\"display: none\" tabindex=\"0\">\n\t\t\t\t\t<ul\n\t\t\t\t\tclass=\"sow-slider-images\"\n\t\t\t\t\tdata-settings=\"{&quot;pagination&quot;:true,&quot;speed&quot;:800,&quot;timeout&quot;:8000,&quot;paused&quot;:false,&quot;pause_on_hover&quot;:false,&quot;swipe&quot;:true,&quot;nav_always_show_desktop&quot;:&quot;&quot;,&quot;nav_always_show_mobile&quot;:&quot;&quot;,&quot;breakpoint&quot;:&quot;780px&quot;,&quot;unmute&quot;:false,&quot;anchor&quot;:null}\"\n\t\t\t\t\tstyle=\"min-height: 600px\"\t\t\t\t\tdata-anchor-id=\"\"\n\t\t\t\t>\t\t<li class=\"sow-slider-image  sow-slider-image-cover\" style=\"visibility: visible;;background-color: #333333;background-image: url(https:\/\/www.bragdoya.no\/wp-content\/uploads\/2024\/04\/61d2474e-1a00-4042-ab8c-ccb4da76d118.jpg)\" >\n\t\t\t\t\t<div class=\"sow-slider-image-container\">\n\t\t\t<div class=\"sow-slider-image-wrapper\">\n\t\t\t\t\t\t\t<\/div>\n\t\t<\/div>\n\t\t\t\t<\/li>\n\t\t\t\t<li class=\"sow-slider-image  sow-slider-image-cover\" style=\"visibility: hidden;;background-color: #333333\" data-background=\"url(https:\/\/www.bragdoya.no\/wp-content\/uploads\/2024\/04\/437302891_1392533781458941_501260767164562285_n-1.jpg)\" >\n\t\t\t\t\t<div class=\"sow-slider-image-container\">\n\t\t\t<div class=\"sow-slider-image-wrapper\">\n\t\t\t\t\t\t\t<\/div>\n\t\t<\/div>\n\t\t\t\t<\/li>\n\t\t\t\t<li class=\"sow-slider-image  sow-slider-image-cover\" style=\"visibility: hidden;;background-color: #333333\" data-background=\"url(https:\/\/www.bragdoya.no\/wp-content\/uploads\/2024\/04\/434635892_1390090811659293_6137876348454198389_n.jpg)\" >\n\t\t\t\t\t<div class=\"sow-slider-image-container\">\n\t\t\t<div class=\"sow-slider-image-wrapper\">\n\t\t\t\t\t\t\t<\/div>\n\t\t<\/div>\n\t\t\t\t<\/li>\n\t\t\t\t<li class=\"sow-slider-image  sow-slider-image-cover\" style=\"visibility: hidden;;background-color: #333333\" data-background=\"url(https:\/\/www.bragdoya.no\/wp-content\/uploads\/2024\/04\/435401114_1475463916677718_6108302636568109679_n.jpg)\" >\n\t\t\t\t\t<div class=\"sow-slider-image-container\">\n\t\t\t<div class=\"sow-slider-image-wrapper\">\n\t\t\t\t\t\t\t<\/div>\n\t\t<\/div>\n\t\t\t\t<\/li>\n\t\t\t\t<li class=\"sow-slider-image  sow-slider-image-cover\" style=\"visibility: hidden;;background-color: #333333\" data-background=\"url(https:\/\/www.bragdoya.no\/wp-content\/uploads\/2024\/04\/437215023_792960216095890_7714407851848052631_n-cr.jpg)\" >\n\t\t\t\t\t<div class=\"sow-slider-image-container\">\n\t\t\t<div class=\"sow-slider-image-wrapper\">\n\t\t\t\t\t\t\t<\/div>\n\t\t<\/div>\n\t\t\t\t<\/li>\n\t\t\t\t<li class=\"sow-slider-image  sow-slider-image-cover\" style=\"visibility: hidden;;background-color: #333333\" data-background=\"url(https:\/\/www.bragdoya.no\/wp-content\/uploads\/2024\/04\/437541546_793566992697774_3574977451810090049_n-cr.jpg)\" >\n\t\t\t\t\t<div class=\"sow-slider-image-container\">\n\t\t\t<div class=\"sow-slider-image-wrapper\">\n\t\t\t\t\t\t\t<\/div>\n\t\t<\/div>\n\t\t\t\t<\/li>\n\t\t\t\t<li class=\"sow-slider-image  sow-slider-image-cover\" style=\"visibility: hidden;;background-color: #333333\" data-background=\"url(https:\/\/www.bragdoya.no\/wp-content\/uploads\/2024\/04\/20231009_142110-cr-scaled.jpg)\" >\n\t\t\t\t\t<div class=\"sow-slider-image-container\">\n\t\t\t<div class=\"sow-slider-image-wrapper\">\n\t\t\t\t\t\t\t<\/div>\n\t\t<\/div>\n\t\t\t\t<\/li>\n\t\t\t\t<li class=\"sow-slider-image  sow-slider-image-cover\" style=\"visibility: hidden;;background-color: #333333\" data-background=\"url(https:\/\/www.bragdoya.no\/wp-content\/uploads\/2026\/01\/Kakkelovn-\u2013-Kopi.jpg)\" >\n\t\t\t\t\t<div class=\"sow-slider-image-container\">\n\t\t\t<div class=\"sow-slider-image-wrapper\">\n\t\t\t\t\t\t\t<\/div>\n\t\t<\/div>\n\t\t\t\t<\/li>\n\t\t\t\t<li class=\"sow-slider-image  sow-slider-image-cover\" style=\"visibility: hidden;;background-color: #333333\" data-background=\"url(https:\/\/www.bragdoya.no\/wp-content\/uploads\/2026\/01\/Kakkelovn-\u2013-Kopi.jpg)\" >\n\t\t\t\t\t<div class=\"sow-slider-image-container\">\n\t\t\t<div class=\"sow-slider-image-wrapper\">\n\t\t\t\t\t\t\t<\/div>\n\t\t<\/div>\n\t\t\t\t<\/li>\n\t\t<\/ul>\t\t\t\t<ol class=\"sow-slider-pagination\">\n\t\t\t\t\t\t\t\t\t\t\t<li><a href=\"#\" data-goto=\"0\" aria-label=\"Display slide 1\"><\/a><\/li>\n\t\t\t\t\t\t\t\t\t\t\t<li><a href=\"#\" data-goto=\"1\" aria-label=\"Display slide 2\"><\/a><\/li>\n\t\t\t\t\t\t\t\t\t\t\t<li><a href=\"#\" data-goto=\"2\" aria-label=\"Display slide 3\"><\/a><\/li>\n\t\t\t\t\t\t\t\t\t\t\t<li><a href=\"#\" data-goto=\"3\" aria-label=\"Display slide 4\"><\/a><\/li>\n\t\t\t\t\t\t\t\t\t\t\t<li><a href=\"#\" data-goto=\"4\" aria-label=\"Display slide 5\"><\/a><\/li>\n\t\t\t\t\t\t\t\t\t\t\t<li><a href=\"#\" data-goto=\"5\" aria-label=\"Display slide 6\"><\/a><\/li>\n\t\t\t\t\t\t\t\t\t\t\t<li><a href=\"#\" data-goto=\"6\" aria-label=\"Display slide 7\"><\/a><\/li>\n\t\t\t\t\t\t\t\t\t\t\t<li><a href=\"#\" data-goto=\"7\" aria-label=\"Display slide 8\"><\/a><\/li>\n\t\t\t\t\t\t\t\t\t\t\t<li><a href=\"#\" data-goto=\"8\" aria-label=\"Display slide 9\"><\/a><\/li>\n\t\t\t\t\t\t\t\t\t<\/ol>\n\n\t\t\t\t<div class=\"sow-slide-nav sow-slide-nav-next\">\n\t\t\t\t\t<a href=\"#\" data-goto=\"next\" aria-label=\"Next slide\" data-action=\"next\">\n\t\t\t\t\t\t<em class=\"sow-sld-icon-thin-right\"><\/em>\n\t\t\t\t\t<\/a>\n\t\t\t\t<\/div>\n\n\t\t\t\t<div class=\"sow-slide-nav sow-slide-nav-prev\">\n\t\t\t\t\t<a href=\"#\" data-goto=\"previous\" aria-label=\"Previous slide\" data-action=\"prev\">\n\t\t\t\t\t\t<em class=\"sow-sld-icon-thin-left\"><\/em>\n\t\t\t\t\t<\/a>\n\t\t\t\t<\/div>\n\t\t\t\t<\/div><\/div><\/div><\/div><\/div><\/div><\/div>","protected":false},"excerpt":{"rendered":"<p>Vogts villa er en herskapelig villa p\u00e5 s\u00f8rsiden av Dvergs\u00f8ya i Randesund. Her finner du store oppholdsrom, et velutstyrt kj\u00f8kken, to bad og fire soverom og et uthus. Ytterligere tre sengeplasser kan leies i Vakthytta like ved.\u00a0P\u00e5 utsiden er det en fine uteomr\u00e5der og en stor terrasse med nydelig utsikt. I perioden 28. juni til&hellip; <br \/> <a class=\"read-more\" href=\"https:\/\/www.bragdoya.no\/index.php\/besokende\/utleie\/overnatting\/vogts-villa-pa-dvergsoya\/\">Read more<\/a><\/p>\n","protected":false},"author":16,"featured_media":10960,"parent":269,"menu_order":0,"comment_status":"closed","ping_status":"closed","template":"","meta":[],"_links":{"self":[{"href":"https:\/\/www.bragdoya.no\/index.php\/wp-json\/wp\/v2\/pages\/10904"}],"collection":[{"href":"https:\/\/www.bragdoya.no\/index.php\/wp-json\/wp\/v2\/pages"}],"about":[{"href":"https:\/\/www.bragdoya.no\/index.php\/wp-json\/wp\/v2\/types\/page"}],"author":[{"embeddable":true,"href":"https:\/\/www.bragdoya.no\/index.php\/wp-json\/wp\/v2\/users\/16"}],"replies":[{"embeddable":true,"href":"https:\/\/www.bragdoya.no\/index.php\/wp-json\/wp\/v2\/comments?post=10904"}],"version-history":[{"count":159,"href":"https:\/\/www.bragdoya.no\/index.php\/wp-json\/wp\/v2\/pages\/10904\/revisions"}],"predecessor-version":[{"id":12344,"href":"https:\/\/www.bragdoya.no\/index.php\/wp-json\/wp\/v2\/pages\/10904\/revisions\/12344"}],"up":[{"embeddable":true,"href":"https:\/\/www.bragdoya.no\/index.php\/wp-json\/wp\/v2\/pages\/269"}],"wp:featuredmedia":[{"embeddable":true,"href":"https:\/\/www.bragdoya.no\/index.php\/wp-json\/wp\/v2\/media\/10960"}],"wp:attachment":[{"href":"https:\/\/www.bragdoya.no\/index.php\/wp-json\/wp\/v2\/media?parent=10904"}],"curies":[{"name":"wp","href":"https:\/\/api.w.org\/{rel}","templated":true}]}}