{"id":10800,"date":"2025-02-08T09:21:39","date_gmt":"2025-02-08T08:21:39","guid":{"rendered":"https:\/\/www.bragdoya.no\/?page_id=10800"},"modified":"2025-02-08T09:21:40","modified_gmt":"2025-02-08T08:21:40","slug":"vaningshuset-pa-stokken","status":"publish","type":"page","link":"https:\/\/www.bragdoya.no\/index.php\/vaningshuset-pa-stokken\/","title":{"rendered":"V\u00e5ningshuset p\u00e5 Stokken"},"content":{"rendered":"\n<p>V\u00e5ningshuset&nbsp;ligger p\u00e5 den idylliske \u00f8ya Stokken i Randesund. Her er det god plass \u00e5 boltre seg p\u00e5. I n\u00e6rheten av hytta er det jorder, brygger og en strand med gode bademuligheter.<\/p>\n\n\n\n<p>V\u00e5ningshuset har sengeplass til 10 personer fordelt p\u00e5 tre rom. Det er dyner og puter, gjester m\u00e5 ha med senget\u00f8y. Ellers er det et fullt utstyrt kj\u00f8kken og et stort oppholdsrom med spiseplass og sofakrok. Det er str\u00f8m og vann, men&nbsp;drikkevann m\u00e5 medbringes. Toalett finnes 50 meter fra hytta. Gjester m\u00e5 ordne med utvask selv, utstyr til dette finnes i hytta.&nbsp;<\/p>\n\n\n\n<p>Ankomst med egen b\u00e5t eller med&nbsp;<a rel=\"noreferrer noopener\" href=\"https:\/\/www.bragdoya.no\/index.php\/besokende\/rutetider\/#msbragd\" target=\"_blank\">MS Bragd\u00f8ya<\/a>&nbsp;i sommersesongen.<\/p>\n\n\n\n<p><em>Sommersesong:\u00a0<br><\/em>Pris per natt kr 2000,-\u00a0<br>\u00a0<br><br><em>Skuldersesong:<\/em><br>Pris per natt kr 1600,-\u00a0<br>Medlem med dugnadsrabatt\u00a0kr 1200,-.\u00a0<\/p>\n\n\n\n<p><em>Redusert pris gjelder for medlemmer som kan vise til minst to &#8220;dugnader&#8221; for Bragd\u00f8ya kystlag de siste 12 m\u00e5nedene. Dugnader kan v\u00e6re oppm\u00f8te p\u00e5 medlemskveld, arbeidsoppgaver p\u00e5 dagtid, oppsatte dugnader, s\u00f8ndagskafe, traktering, oppgaver p\u00e5 arrangementer, verv, vedlikehold av og tilsyn med b\u00e5ter og bygninger m.m.\u00a0<\/em><\/p>\n\n\n\n<p>Dyr er ikke tillatt innend\u00f8rs.<\/p>\n\n\n\n<p>V\u00e5ningshuset&nbsp;er en&nbsp;del av&nbsp;<a rel=\"noreferrer noopener\" href=\"https:\/\/kystled.no\/\" target=\"_blank\">kystleden<\/a>.&nbsp;<\/p>\n\n\n\n<div class=\"wp-block-buttons is-layout-flex\"><\/div>\n","protected":false},"excerpt":{"rendered":"<p>V\u00e5ningshuset&nbsp;ligger p\u00e5 den idylliske \u00f8ya Stokken i Randesund. Her er det god plass \u00e5 boltre seg p\u00e5. I n\u00e6rheten av hytta er det jorder, brygger og en strand med gode bademuligheter. V\u00e5ningshuset har sengeplass til 10 personer fordelt p\u00e5 tre rom. Det er dyner og puter, gjester m\u00e5 ha med senget\u00f8y. Ellers er det et&hellip; <br \/> <a class=\"read-more\" href=\"https:\/\/www.bragdoya.no\/index.php\/vaningshuset-pa-stokken\/\">Read more<\/a><\/p>\n","protected":false},"author":16,"featured_media":0,"parent":0,"menu_order":0,"comment_status":"closed","ping_status":"closed","template":"","meta":[],"_links":{"self":[{"href":"https:\/\/www.bragdoya.no\/index.php\/wp-json\/wp\/v2\/pages\/10800"}],"collection":[{"href":"https:\/\/www.bragdoya.no\/index.php\/wp-json\/wp\/v2\/pages"}],"about":[{"href":"https:\/\/www.bragdoya.no\/index.php\/wp-json\/wp\/v2\/types\/page"}],"author":[{"embeddable":true,"href":"https:\/\/www.bragdoya.no\/index.php\/wp-json\/wp\/v2\/users\/16"}],"replies":[{"embeddable":true,"href":"https:\/\/www.bragdoya.no\/index.php\/wp-json\/wp\/v2\/comments?post=10800"}],"version-history":[{"count":1,"href":"https:\/\/www.bragdoya.no\/index.php\/wp-json\/wp\/v2\/pages\/10800\/revisions"}],"predecessor-version":[{"id":11516,"href":"https:\/\/www.bragdoya.no\/index.php\/wp-json\/wp\/v2\/pages\/10800\/revisions\/11516"}],"wp:attachment":[{"href":"https:\/\/www.bragdoya.no\/index.php\/wp-json\/wp\/v2\/media?parent=10800"}],"curies":[{"name":"wp","href":"https:\/\/api.w.org\/{rel}","templated":true}]}}